{"id":6744,"date":"2022-12-05T13:24:26","date_gmt":"2022-12-05T12:24:26","guid":{"rendered":"https:\/\/snowboardshop.hu\/?post_type=product&#038;p=6744"},"modified":"2026-01-17T09:51:05","modified_gmt":"2026-01-17T08:51:05","slug":"nidecker-cascade-boa-snowboard-cipo-new","status":"publish","type":"product","link":"https:\/\/snowboardshop.hu\/en\/product\/nidecker-cascade-boa-snowboard-cipo-new\/","title":{"rendered":"Nidecker Cascade BOA snowboard shoes"},"content":{"rendered":"<h3 dir=\"ltr\">Nidecker Cascade BOA snowboard boots NEW!!<\/h3>\n<p>&nbsp;<\/p>\n<div dir=\"ltr\">The brand new Nidecker Cascade for the winter of 22\/23 is the basis of our newly redesigned snowboard boot family. When pulled on our feet, it fits amazingly well and provides a light, flexible hold on all terrains. The single BOA closure remains simple to use and affordable, while the asymmetrical upper provides more support to the lacing system than traditional symmetrical and allows you to adjust the tightness to your liking for maximum comfort. The BFT Gravity 2.0 outsole is the lightest in our range, with a tread pattern inspired by snow tires and a dual-layer construction that provides greater cushioning underfoot; the rubber toe improves traction when walking on snow or crossing an icy parking lot.<\/p>\n<div dir=\"ltr\">\u00a0<\/div>\n<div dir=\"ltr\">Inside, the foot stays warm thanks to the bronze-level lining, which is comfortable from the first moment, but can be heat molded for customization. All in all, the Cascade is the ideal first boot, forgiving enough to accelerate your progress and durable enough to last for years.<\/div>\n<div dir=\"ltr\">Up to foot size 7-14 with inner dimensions of 25-31.5 cm.<\/div>\n<div dir=\"ltr\">\u00a0<\/div>\n<\/div>\n<div dir=\"ltr\">\n<div dir=\"ltr\">\u00a0<\/div>\n<\/div>\n<div dir=\"ltr\">Lacing: BOA lacing system<\/div>\n<div dir=\"ltr\">Lining: Bronze leaf Thermo Heat Moldable<\/div>\n<div dir=\"ltr\">\u00a0<\/div>\n<p>&nbsp;<\/p>\n<p>&nbsp;<\/p>","protected":false},"excerpt":{"rendered":"<p>Nidecker Cascade BOA snowboardcip\u0151 NEW!! &nbsp; A 22\/23-as t\u00e9lre vadonat\u00faj Nidecker Cascade a frissen \u00e1ttervezett snowboard bakancscsal\u00e1dunk alapja. A l\u00e1bunkra h\u00fazva elk\u00e9peszt\u0151en j\u00f3l illeszkedik, [&hellip;]<\/p>\n","protected":false},"featured_media":7458,"comment_status":"closed","ping_status":"closed","template":"","meta":{"om_disable_all_campaigns":false,"_monsterinsights_skip_tracking":false,"_monsterinsights_sitenote_active":false,"_monsterinsights_sitenote_note":"","_monsterinsights_sitenote_category":0},"product_brand":[],"product_cat":[26,65,32,9],"product_tag":[],"class_list":{"0":"post-6744","1":"product","2":"type-product","3":"status-publish","4":"has-post-thumbnail","6":"product_cat-nidecker-snowboard-cipo-bakancs","7":"product_cat-noi-snowboard-cipo-bakancs","8":"product_cat-akcios-snowboard-bakancs","9":"product_cat-snowboard-cipok","11":"first","12":"instock","13":"sale","14":"shipping-taxable","15":"purchasable","16":"product-type-simple"},"aioseo_notices":[],"_links":{"self":[{"href":"https:\/\/snowboardshop.hu\/en\/wp-json\/wp\/v2\/product\/6744","targetHints":{"allow":["GET"]}}],"collection":[{"href":"https:\/\/snowboardshop.hu\/en\/wp-json\/wp\/v2\/product"}],"about":[{"href":"https:\/\/snowboardshop.hu\/en\/wp-json\/wp\/v2\/types\/product"}],"replies":[{"embeddable":true,"href":"https:\/\/snowboardshop.hu\/en\/wp-json\/wp\/v2\/comments?post=6744"}],"version-history":[{"count":2,"href":"https:\/\/snowboardshop.hu\/en\/wp-json\/wp\/v2\/product\/6744\/revisions"}],"predecessor-version":[{"id":7467,"href":"https:\/\/snowboardshop.hu\/en\/wp-json\/wp\/v2\/product\/6744\/revisions\/7467"}],"wp:featuredmedia":[{"embeddable":true,"href":"https:\/\/snowboardshop.hu\/en\/wp-json\/wp\/v2\/media\/7458"}],"wp:attachment":[{"href":"https:\/\/snowboardshop.hu\/en\/wp-json\/wp\/v2\/media?parent=6744"}],"wp:term":[{"taxonomy":"product_brand","embeddable":true,"href":"https:\/\/snowboardshop.hu\/en\/wp-json\/wp\/v2\/product_brand?post=6744"},{"taxonomy":"product_cat","embeddable":true,"href":"https:\/\/snowboardshop.hu\/en\/wp-json\/wp\/v2\/product_cat?post=6744"},{"taxonomy":"product_tag","embeddable":true,"href":"https:\/\/snowboardshop.hu\/en\/wp-json\/wp\/v2\/product_tag?post=6744"}],"curies":[{"name":"wp","href":"https:\/\/api.w.org\/{rel}","templated":true}]}}