{"id":6804,"date":"2022-12-09T10:03:34","date_gmt":"2022-12-09T09:03:34","guid":{"rendered":"https:\/\/snowboardshop.hu\/?post_type=product&#038;p=6804"},"modified":"2022-12-09T10:17:43","modified_gmt":"2022-12-09T09:17:43","slug":"viking-warm-noi-lelegzos-alaoltozo-szett-also-es-felso","status":"publish","type":"product","link":"https:\/\/snowboardshop.hu\/en\/product\/viking-warm-noi-lelegzos-alaoltozo-szett-also-es-felso\/","title":{"rendered":"Viking Warm women&#039;s breathable underwear set, bottom and top"},"content":{"rendered":"<h1>Viking breathable underwear set, bottom and top<\/h1>\n<p>Breathable thermal underwear bottom, top, with high lycra content<\/p>\n<p>&nbsp;<\/p>\n<ul>\n<li>Ergonomic anatomical cut<\/li>\n<li>Breathable, cooling in heat<\/li>\n<li>Flat seams<\/li>\n<li>High vapor permeability<\/li>\n<li>Quickly removes moisture from the surface of the body<\/li>\n<li>It dries quickly<\/li>\n<li>UV protection (blocks 95.9% solar radiation) - Sun protection<\/li>\n<li>Antibacterial properties that reduce the development of unpleasant odor -<\/li>\n<\/ul>","protected":false},"excerpt":{"rendered":"<p>Viking l\u00e9legz\u0151s al\u00e1\u00f6lt\u00f6z\u0151 szett als\u00f3 \u00e9s fels\u0151 L\u00e9legz\u0151 thermo al\u00e1\u00f6lt\u00f6z\u0151 als\u00f3, fels\u0151, magas lycra tartalommal &nbsp; Ergonomikus anat\u00f3mikus szab\u00e1s L\u00e9legz\u0151, melegben h\u0171s\u00edt\u0151 Lapos varratok [&hellip;]<\/p>\n","protected":false},"featured_media":6805,"comment_status":"closed","ping_status":"closed","template":"","meta":{"om_disable_all_campaigns":false,"_monsterinsights_skip_tracking":false,"_monsterinsights_sitenote_active":false,"_monsterinsights_sitenote_note":"","_monsterinsights_sitenote_category":0},"product_brand":[],"product_cat":[78,66,10],"product_tag":[],"class_list":{"0":"post-6804","1":"product","2":"type-product","3":"status-publish","4":"has-post-thumbnail","6":"product_cat-ajandekok-gifts","7":"product_cat-polo-t-shirt","8":"product_cat-ruhazat-es-vedok","10":"first","11":"instock","12":"shipping-taxable","13":"purchasable","14":"product-type-simple"},"aioseo_notices":[],"_links":{"self":[{"href":"https:\/\/snowboardshop.hu\/en\/wp-json\/wp\/v2\/product\/6804","targetHints":{"allow":["GET"]}}],"collection":[{"href":"https:\/\/snowboardshop.hu\/en\/wp-json\/wp\/v2\/product"}],"about":[{"href":"https:\/\/snowboardshop.hu\/en\/wp-json\/wp\/v2\/types\/product"}],"replies":[{"embeddable":true,"href":"https:\/\/snowboardshop.hu\/en\/wp-json\/wp\/v2\/comments?post=6804"}],"version-history":[{"count":1,"href":"https:\/\/snowboardshop.hu\/en\/wp-json\/wp\/v2\/product\/6804\/revisions"}],"predecessor-version":[{"id":6806,"href":"https:\/\/snowboardshop.hu\/en\/wp-json\/wp\/v2\/product\/6804\/revisions\/6806"}],"wp:featuredmedia":[{"embeddable":true,"href":"https:\/\/snowboardshop.hu\/en\/wp-json\/wp\/v2\/media\/6805"}],"wp:attachment":[{"href":"https:\/\/snowboardshop.hu\/en\/wp-json\/wp\/v2\/media?parent=6804"}],"wp:term":[{"taxonomy":"product_brand","embeddable":true,"href":"https:\/\/snowboardshop.hu\/en\/wp-json\/wp\/v2\/product_brand?post=6804"},{"taxonomy":"product_cat","embeddable":true,"href":"https:\/\/snowboardshop.hu\/en\/wp-json\/wp\/v2\/product_cat?post=6804"},{"taxonomy":"product_tag","embeddable":true,"href":"https:\/\/snowboardshop.hu\/en\/wp-json\/wp\/v2\/product_tag?post=6804"}],"curies":[{"name":"wp","href":"https:\/\/api.w.org\/{rel}","templated":true}]}}