{"id":6807,"date":"2022-12-09T10:08:09","date_gmt":"2022-12-09T09:08:09","guid":{"rendered":"https:\/\/snowboardshop.hu\/?post_type=product&#038;p=6807"},"modified":"2023-10-29T22:46:48","modified_gmt":"2023-10-29T21:46:48","slug":"hiko-teddy-stretch-fleece-thermo-alaoltozo-pullover","status":"publish","type":"product","link":"https:\/\/snowboardshop.hu\/en\/product\/hiko-teddy-stretch-fleece-thermo-alaoltozo-pullover\/","title":{"rendered":"Hiko Teddy Stretch Fleece thermal underwear sweater"},"content":{"rendered":"<h1>Hiko Teddy Stretch Fleece thermal underwear sweater<\/h1>\n<p>This warm thermal pullover is made from stretchable Stretch Thermo Fleece material. Universal jacket for low temperatures, fits comfortably to the body, does not stretch.\u00a0<\/p>\n<ul>\n<li>Ergonomic anatomical cut<\/li>\n<li>It extends in 4 directions<\/li>\n<li>Flat seams<\/li>\n<li>Quickly removes moisture from the surface of the body<\/li>\n<li>It warms you<\/li>\n<li>It dries quickly<\/li>\n<\/ul>\n<p>Due to the unique properties of the fabric and the flat sewing technology, the sweater is also used as underwear. The jacket has excellent thermal insulation properties.\u00a0<\/p>\n<p>Applications: mountain, water and ski tourism, climbing, hunting, fishing, outdoor activities.<\/p>","protected":false},"excerpt":{"rendered":"<p>Hiko Teddy Stretch Fleece thermo al\u00e1\u00f6lt\u00f6z\u0151 pull\u00f3ver Ez a meleg termo pull\u00f3ver rugalmas Stretch Thermo Fleece anyagb\u00f3l k\u00e9sz\u00fcl. Univerz\u00e1lis kab\u00e1t alacsony h\u0151m\u00e9rs\u00e9kletekhez, k\u00e9nyelmesen illeszkedik [&hellip;]<\/p>\n","protected":false},"featured_media":6808,"comment_status":"closed","ping_status":"closed","template":"","meta":{"om_disable_all_campaigns":false,"_monsterinsights_skip_tracking":false,"_monsterinsights_sitenote_active":false,"_monsterinsights_sitenote_note":"","_monsterinsights_sitenote_category":0},"product_brand":[],"product_cat":[78,66,10],"product_tag":[],"class_list":{"0":"post-6807","1":"product","2":"type-product","3":"status-publish","4":"has-post-thumbnail","6":"product_cat-ajandekok-gifts","7":"product_cat-polo-t-shirt","8":"product_cat-ruhazat-es-vedok","10":"first","11":"instock","12":"shipping-taxable","13":"purchasable","14":"product-type-simple"},"aioseo_notices":[],"_links":{"self":[{"href":"https:\/\/snowboardshop.hu\/en\/wp-json\/wp\/v2\/product\/6807","targetHints":{"allow":["GET"]}}],"collection":[{"href":"https:\/\/snowboardshop.hu\/en\/wp-json\/wp\/v2\/product"}],"about":[{"href":"https:\/\/snowboardshop.hu\/en\/wp-json\/wp\/v2\/types\/product"}],"replies":[{"embeddable":true,"href":"https:\/\/snowboardshop.hu\/en\/wp-json\/wp\/v2\/comments?post=6807"}],"version-history":[{"count":1,"href":"https:\/\/snowboardshop.hu\/en\/wp-json\/wp\/v2\/product\/6807\/revisions"}],"predecessor-version":[{"id":6809,"href":"https:\/\/snowboardshop.hu\/en\/wp-json\/wp\/v2\/product\/6807\/revisions\/6809"}],"wp:featuredmedia":[{"embeddable":true,"href":"https:\/\/snowboardshop.hu\/en\/wp-json\/wp\/v2\/media\/6808"}],"wp:attachment":[{"href":"https:\/\/snowboardshop.hu\/en\/wp-json\/wp\/v2\/media?parent=6807"}],"wp:term":[{"taxonomy":"product_brand","embeddable":true,"href":"https:\/\/snowboardshop.hu\/en\/wp-json\/wp\/v2\/product_brand?post=6807"},{"taxonomy":"product_cat","embeddable":true,"href":"https:\/\/snowboardshop.hu\/en\/wp-json\/wp\/v2\/product_cat?post=6807"},{"taxonomy":"product_tag","embeddable":true,"href":"https:\/\/snowboardshop.hu\/en\/wp-json\/wp\/v2\/product_tag?post=6807"}],"curies":[{"name":"wp","href":"https:\/\/api.w.org\/{rel}","templated":true}]}}