{"id":6863,"date":"2022-12-09T19:04:27","date_gmt":"2022-12-09T18:04:27","guid":{"rendered":"https:\/\/snowboardshop.hu\/?post_type=product&#038;p=6863"},"modified":"2023-11-14T17:14:27","modified_gmt":"2023-11-14T16:14:27","slug":"ripzone-squadron-olive-l-snowboard-kabat","status":"publish","type":"product","link":"https:\/\/snowboardshop.hu\/en\/product\/ripzone-squadron-olive-l-snowboard-kabat\/","title":{"rendered":"Ripzone Squadron Olive L snowboard jacket"},"content":{"rendered":"<h3>Ripzone Squadron snowboard jacket<\/h3>\n<p>Ripzone&#039;s highly waterproof, hooded snowboard jacket.<br \/>\nThe water resistance is 10,000 mm, the breathability is 10,000! It has ACT1 temperature system, which is a thinner lining designed for active movement.<br \/>\nWelded seams, two-way zipper, internal pockets sized for media characterize this premium snowboard jacket.<\/p>","protected":false},"excerpt":{"rendered":"<p>Ripzone Squadron snowboard kab\u00e1t A Ripzone magas v\u00edzb\u00edr\u00e1s\u00fa, kapucnis snowboard kab\u00e1tja. A v\u00edzb\u00edr\u00e1s 10000 mm, a l\u00e9legz\u0151k\u00e9pess\u00e9ge 10000! ACT1 temperature system van benne, ami [&hellip;]<\/p>\n","protected":false},"featured_media":6864,"comment_status":"closed","ping_status":"closed","template":"","meta":{"om_disable_all_campaigns":false,"_monsterinsights_skip_tracking":false,"_monsterinsights_sitenote_active":false,"_monsterinsights_sitenote_note":"","_monsterinsights_sitenote_category":0},"product_brand":[],"product_cat":[33,10],"product_tag":[],"class_list":{"0":"post-6863","1":"product","2":"type-product","3":"status-publish","4":"has-post-thumbnail","6":"product_cat-snowboard-kabatok","7":"product_cat-ruhazat-es-vedok","9":"first","10":"instock","11":"shipping-taxable","12":"purchasable","13":"product-type-simple"},"aioseo_notices":[],"_links":{"self":[{"href":"https:\/\/snowboardshop.hu\/en\/wp-json\/wp\/v2\/product\/6863","targetHints":{"allow":["GET"]}}],"collection":[{"href":"https:\/\/snowboardshop.hu\/en\/wp-json\/wp\/v2\/product"}],"about":[{"href":"https:\/\/snowboardshop.hu\/en\/wp-json\/wp\/v2\/types\/product"}],"replies":[{"embeddable":true,"href":"https:\/\/snowboardshop.hu\/en\/wp-json\/wp\/v2\/comments?post=6863"}],"version-history":[{"count":2,"href":"https:\/\/snowboardshop.hu\/en\/wp-json\/wp\/v2\/product\/6863\/revisions"}],"predecessor-version":[{"id":7721,"href":"https:\/\/snowboardshop.hu\/en\/wp-json\/wp\/v2\/product\/6863\/revisions\/7721"}],"wp:featuredmedia":[{"embeddable":true,"href":"https:\/\/snowboardshop.hu\/en\/wp-json\/wp\/v2\/media\/6864"}],"wp:attachment":[{"href":"https:\/\/snowboardshop.hu\/en\/wp-json\/wp\/v2\/media?parent=6863"}],"wp:term":[{"taxonomy":"product_brand","embeddable":true,"href":"https:\/\/snowboardshop.hu\/en\/wp-json\/wp\/v2\/product_brand?post=6863"},{"taxonomy":"product_cat","embeddable":true,"href":"https:\/\/snowboardshop.hu\/en\/wp-json\/wp\/v2\/product_cat?post=6863"},{"taxonomy":"product_tag","embeddable":true,"href":"https:\/\/snowboardshop.hu\/en\/wp-json\/wp\/v2\/product_tag?post=6863"}],"curies":[{"name":"wp","href":"https:\/\/api.w.org\/{rel}","templated":true}]}}