{"id":6886,"date":"2022-12-13T10:49:24","date_gmt":"2022-12-13T09:49:24","guid":{"rendered":"https:\/\/snowboardshop.hu\/?post_type=product&#038;p=6886"},"modified":"2024-11-26T09:37:31","modified_gmt":"2024-11-26T08:37:31","slug":"reusch-premium-dupla-protektoros-snowboard-kesztyu","status":"publish","type":"product","link":"https:\/\/snowboardshop.hu\/en\/product\/reusch-premium-dupla-protektoros-snowboard-kesztyu\/","title":{"rendered":"Reusch Premium double protective snowboard gloves"},"content":{"rendered":"<div>\n<h2>Reusch PRODUCT DESCRIPTION<\/h2>\n<\/div>\n<div>Top-quality snowboard gloves from the manufacturer Reusch - a company trusted by millions of users around the world. The Baseplat model is equipped with an R-TEX\u00ae XT membrane, which is an excellent thermal quality standard, as well as adequate insulation. This guarantees high thermal comfort and complete comfort on the slopes. The glove has the Ortho-Tec One system, which is responsible for protecting the wrist against injuries while maintaining freedom of movement.<\/div>\n<div>Main advantages:<\/div>\n<ul>\n<li>Classic wide cuff for simple and easy donning of gloves<\/li>\n<li>The wrist strap is attached with Velcro and also stabilizes the wrist<\/li>\n<li>R-TEX\u00ae XT membrane, which is responsible for the thermal guarantee as well as protection against moisture<\/li>\n<li>ORTHO-TEC\u00ae ONE system, which protects the wrist very well with a light and hard stiffening insert. Reduces impact force and stabilizes the wrist while maintaining flexibility of movement<\/li>\n<li>Stripes on the ends of both gloves<\/li>\n<\/ul>\n<div>Product features:<\/div>\n<ul>\n<li>Membrane: R-TEX\u00ae XT<\/li>\n<li>Insulation: TecFill\u2122<\/li>\n<li>Palm reinforcement: synthetic material<\/li>\n<li>Outer material: synthetic material<\/li>\n<li>Lining: MicroActive<\/li>\n<\/ul>","protected":false},"excerpt":{"rendered":"<p>Reusch TERM\u00c9K LE\u00cdR\u00c1S Cs\u00facsmin\u0151s\u00e9g\u0171 snowboard keszty\u0171k a\u00a0Reusch gy\u00e1rt\u00f3t\u00f3l \u2013 amely c\u00e9gben felhaszn\u00e1l\u00f3k milli\u00f3i b\u00edznak meg szerte a\u00a0vil\u00e1gon. A\u00a0Baseplat modell R-TEX\u00ae XT membr\u00e1nnal van felszerelve, [&hellip;]<\/p>\n","protected":false},"featured_media":8244,"comment_status":"closed","ping_status":"closed","template":"","meta":{"om_disable_all_campaigns":false,"_monsterinsights_skip_tracking":false,"_monsterinsights_sitenote_active":false,"_monsterinsights_sitenote_note":"","_monsterinsights_sitenote_category":0},"product_brand":[],"product_cat":[38,10],"product_tag":[],"class_list":{"0":"post-6886","1":"product","2":"type-product","3":"status-publish","4":"has-post-thumbnail","6":"product_cat-kesztyuk","7":"product_cat-ruhazat-es-vedok","9":"first","10":"instock","11":"sale","12":"shipping-taxable","13":"purchasable","14":"product-type-simple"},"aioseo_notices":[],"_links":{"self":[{"href":"https:\/\/snowboardshop.hu\/en\/wp-json\/wp\/v2\/product\/6886","targetHints":{"allow":["GET"]}}],"collection":[{"href":"https:\/\/snowboardshop.hu\/en\/wp-json\/wp\/v2\/product"}],"about":[{"href":"https:\/\/snowboardshop.hu\/en\/wp-json\/wp\/v2\/types\/product"}],"replies":[{"embeddable":true,"href":"https:\/\/snowboardshop.hu\/en\/wp-json\/wp\/v2\/comments?post=6886"}],"version-history":[{"count":1,"href":"https:\/\/snowboardshop.hu\/en\/wp-json\/wp\/v2\/product\/6886\/revisions"}],"predecessor-version":[{"id":6889,"href":"https:\/\/snowboardshop.hu\/en\/wp-json\/wp\/v2\/product\/6886\/revisions\/6889"}],"wp:featuredmedia":[{"embeddable":true,"href":"https:\/\/snowboardshop.hu\/en\/wp-json\/wp\/v2\/media\/8244"}],"wp:attachment":[{"href":"https:\/\/snowboardshop.hu\/en\/wp-json\/wp\/v2\/media?parent=6886"}],"wp:term":[{"taxonomy":"product_brand","embeddable":true,"href":"https:\/\/snowboardshop.hu\/en\/wp-json\/wp\/v2\/product_brand?post=6886"},{"taxonomy":"product_cat","embeddable":true,"href":"https:\/\/snowboardshop.hu\/en\/wp-json\/wp\/v2\/product_cat?post=6886"},{"taxonomy":"product_tag","embeddable":true,"href":"https:\/\/snowboardshop.hu\/en\/wp-json\/wp\/v2\/product_tag?post=6886"}],"curies":[{"name":"wp","href":"https:\/\/api.w.org\/{rel}","templated":true}]}}