{"id":6897,"date":"2022-12-13T11:05:21","date_gmt":"2022-12-13T10:05:21","guid":{"rendered":"https:\/\/snowboardshop.hu\/?post_type=product&#038;p=6897"},"modified":"2022-12-13T11:08:47","modified_gmt":"2022-12-13T10:08:47","slug":"k2-backside-float-8-r-a-s-airbag-lavinazsak-elokeszitett-hatizsak-palack-nelkul","status":"publish","type":"product","link":"https:\/\/snowboardshop.hu\/en\/product\/k2-backside-float-8-r-a-s-airbag-lavinazsak-elokeszitett-hatizsak-palack-nelkul\/","title":{"rendered":"K2 Backside Float 8 RAS Airbag \/ avalanche bag prepared backpack (without bottle)"},"content":{"rendered":"<h3>K2 Backside Float 8 RAS Airbag \/ avalanche bag prepared backpack (without bottle)<\/h3>\n<p>The K2 Float 8 is a super-light, compressed air avalanche bag made by BCA&#039;s American factory. <br \/>\nCurrently the smallest, lightest rechargeable avalanche airbag on the snowboard market.<br \/>\nOf course, it includes a board attachment for backcountry tours, as well as a single-air, 8-liter cargo compartment. <br \/>\nBack protector included!<\/p>","protected":false},"excerpt":{"rendered":"<p>K2 Backside Float 8 R.A.S. Airbag \/ lavinazs\u00e1k el\u0151k\u00e9sz\u00edtett h\u00e1tizs\u00e1k (palack n\u00e9lk\u00fcl) A K2 Float 8 egy szuper-k\u00f6nny\u0171, s\u0171r\u00edtett leveg\u0151vel m\u0171k\u00f6d\u0151 lavinazs\u00e1k, amelyet a [&hellip;]<\/p>\n","protected":false},"featured_media":2837,"comment_status":"closed","ping_status":"closed","template":"","meta":{"om_disable_all_campaigns":false,"_monsterinsights_skip_tracking":false,"_monsterinsights_sitenote_active":false,"_monsterinsights_sitenote_note":"","_monsterinsights_sitenote_category":0},"product_brand":[],"product_cat":[40,39,69,10],"product_tag":[],"class_list":{"0":"post-6897","1":"product","2":"type-product","3":"status-publish","4":"has-post-thumbnail","6":"product_cat-backcountry-felszerelesek-kiegeszitok","7":"product_cat-snowboard-zsakok-hatizsakok","8":"product_cat-kiegeszitok-accessories","9":"product_cat-ruhazat-es-vedok","11":"first","12":"instock","13":"shipping-taxable","14":"purchasable","15":"product-type-simple"},"aioseo_notices":[],"_links":{"self":[{"href":"https:\/\/snowboardshop.hu\/en\/wp-json\/wp\/v2\/product\/6897","targetHints":{"allow":["GET"]}}],"collection":[{"href":"https:\/\/snowboardshop.hu\/en\/wp-json\/wp\/v2\/product"}],"about":[{"href":"https:\/\/snowboardshop.hu\/en\/wp-json\/wp\/v2\/types\/product"}],"replies":[{"embeddable":true,"href":"https:\/\/snowboardshop.hu\/en\/wp-json\/wp\/v2\/comments?post=6897"}],"version-history":[{"count":1,"href":"https:\/\/snowboardshop.hu\/en\/wp-json\/wp\/v2\/product\/6897\/revisions"}],"predecessor-version":[{"id":6898,"href":"https:\/\/snowboardshop.hu\/en\/wp-json\/wp\/v2\/product\/6897\/revisions\/6898"}],"wp:featuredmedia":[{"embeddable":true,"href":"https:\/\/snowboardshop.hu\/en\/wp-json\/wp\/v2\/media\/2837"}],"wp:attachment":[{"href":"https:\/\/snowboardshop.hu\/en\/wp-json\/wp\/v2\/media?parent=6897"}],"wp:term":[{"taxonomy":"product_brand","embeddable":true,"href":"https:\/\/snowboardshop.hu\/en\/wp-json\/wp\/v2\/product_brand?post=6897"},{"taxonomy":"product_cat","embeddable":true,"href":"https:\/\/snowboardshop.hu\/en\/wp-json\/wp\/v2\/product_cat?post=6897"},{"taxonomy":"product_tag","embeddable":true,"href":"https:\/\/snowboardshop.hu\/en\/wp-json\/wp\/v2\/product_tag?post=6897"}],"curies":[{"name":"wp","href":"https:\/\/api.w.org\/{rel}","templated":true}]}}