{"id":6927,"date":"2022-12-15T14:55:54","date_gmt":"2022-12-15T13:55:54","guid":{"rendered":"https:\/\/snowboardshop.hu\/?post_type=product&#038;p=6927"},"modified":"2022-12-15T15:03:41","modified_gmt":"2022-12-15T14:03:41","slug":"tsg-goggles-four-black-ketlencses-magneses-siszemuveg-2023","status":"publish","type":"product","link":"https:\/\/snowboardshop.hu\/en\/product\/tsg-goggles-four-black-ketlencses-magneses-siszemuveg-2023\/","title":{"rendered":"TSG Goggles Four Black double-lens magnetic ski goggles 2023"},"content":{"rendered":"<p>Double-lens, spherical lens, interchangeable lens, Swiss premium ski goggles.<\/p>\n<p>The lenses are magnetically attached, so you can change the fog lens to a sun lens with a single movement. The only premium glasses on the market for which we can replace the lens afterwards (if the lens is lost).<\/p>","protected":false},"excerpt":{"rendered":"<p>K\u00e9tlencs\u00e9s, szferikus lencs\u00e9vel ell\u00e1tott, cser\u00e9lhet\u0151 lencs\u00e9s, sv\u00e1jci pr\u00e9mium s\u00edszem\u00fcveg. A lencs\u00e9k m\u00e1gneses r\u00f6gz\u00edt\u00e9ssel tapadnak, \u00edgy egyetlen mozdulattal kicser\u00e9lhetj\u00fck a k\u00f6dlencs\u00e9t naplencs\u00e9re. Az egyetlen pr\u00e9mium [&hellip;]<\/p>\n","protected":false},"featured_media":6928,"comment_status":"closed","ping_status":"closed","template":"","meta":{"om_disable_all_campaigns":false,"_monsterinsights_skip_tracking":false,"_monsterinsights_sitenote_active":false,"_monsterinsights_sitenote_note":"","_monsterinsights_sitenote_category":0},"product_brand":[],"product_cat":[61,10],"product_tag":[],"class_list":{"0":"post-6927","1":"product","2":"type-product","3":"status-publish","4":"has-post-thumbnail","6":"product_cat-snowboard-szemuvegek","7":"product_cat-ruhazat-es-vedok","9":"first","10":"instock","11":"shipping-taxable","12":"purchasable","13":"product-type-simple"},"aioseo_notices":[],"_links":{"self":[{"href":"https:\/\/snowboardshop.hu\/en\/wp-json\/wp\/v2\/product\/6927","targetHints":{"allow":["GET"]}}],"collection":[{"href":"https:\/\/snowboardshop.hu\/en\/wp-json\/wp\/v2\/product"}],"about":[{"href":"https:\/\/snowboardshop.hu\/en\/wp-json\/wp\/v2\/types\/product"}],"replies":[{"embeddable":true,"href":"https:\/\/snowboardshop.hu\/en\/wp-json\/wp\/v2\/comments?post=6927"}],"version-history":[{"count":1,"href":"https:\/\/snowboardshop.hu\/en\/wp-json\/wp\/v2\/product\/6927\/revisions"}],"predecessor-version":[{"id":6929,"href":"https:\/\/snowboardshop.hu\/en\/wp-json\/wp\/v2\/product\/6927\/revisions\/6929"}],"wp:featuredmedia":[{"embeddable":true,"href":"https:\/\/snowboardshop.hu\/en\/wp-json\/wp\/v2\/media\/6928"}],"wp:attachment":[{"href":"https:\/\/snowboardshop.hu\/en\/wp-json\/wp\/v2\/media?parent=6927"}],"wp:term":[{"taxonomy":"product_brand","embeddable":true,"href":"https:\/\/snowboardshop.hu\/en\/wp-json\/wp\/v2\/product_brand?post=6927"},{"taxonomy":"product_cat","embeddable":true,"href":"https:\/\/snowboardshop.hu\/en\/wp-json\/wp\/v2\/product_cat?post=6927"},{"taxonomy":"product_tag","embeddable":true,"href":"https:\/\/snowboardshop.hu\/en\/wp-json\/wp\/v2\/product_tag?post=6927"}],"curies":[{"name":"wp","href":"https:\/\/api.w.org\/{rel}","templated":true}]}}