{"id":6936,"date":"2022-12-15T15:09:17","date_gmt":"2022-12-15T14:09:17","guid":{"rendered":"https:\/\/snowboardshop.hu\/?post_type=product&#038;p=6936"},"modified":"2022-12-15T15:10:03","modified_gmt":"2022-12-15T14:10:03","slug":"tsg-goggles-four-white-ketlencses-magneses-siszemuveg-2023","status":"publish","type":"product","link":"https:\/\/snowboardshop.hu\/en\/product\/tsg-goggles-four-white-ketlencses-magneses-siszemuveg-2023\/","title":{"rendered":"TSG Goggles Four White two-lens magnetic ski goggles 2023"},"content":{"rendered":"<p>Double-lens, spherical lens, interchangeable lens, Swiss premium ski goggles.<\/p>\n<p>The lenses are magnetically attached, so you can change the fog lens to a sun lens with a single movement. The only premium glasses on the market for which we can replace the lens afterwards (if the lens is lost).<\/p>","protected":false},"excerpt":{"rendered":"<p>K\u00e9tlencs\u00e9s, szferikus lencs\u00e9vel ell\u00e1tott, cser\u00e9lhet\u0151 lencs\u00e9s, sv\u00e1jci pr\u00e9mium s\u00edszem\u00fcveg. A lencs\u00e9k m\u00e1gneses r\u00f6gz\u00edt\u00e9ssel tapadnak, \u00edgy egyetlen mozdulattal kicser\u00e9lhetj\u00fck a k\u00f6dlencs\u00e9t naplencs\u00e9re. Az egyetlen pr\u00e9mium [&hellip;]<\/p>\n","protected":false},"featured_media":6937,"comment_status":"closed","ping_status":"closed","template":"","meta":{"om_disable_all_campaigns":false,"_monsterinsights_skip_tracking":false,"_monsterinsights_sitenote_active":false,"_monsterinsights_sitenote_note":"","_monsterinsights_sitenote_category":0},"product_brand":[],"product_cat":[61,10],"product_tag":[],"class_list":{"0":"post-6936","1":"product","2":"type-product","3":"status-publish","4":"has-post-thumbnail","6":"product_cat-snowboard-szemuvegek","7":"product_cat-ruhazat-es-vedok","9":"first","10":"instock","11":"shipping-taxable","12":"purchasable","13":"product-type-simple"},"aioseo_notices":[],"_links":{"self":[{"href":"https:\/\/snowboardshop.hu\/en\/wp-json\/wp\/v2\/product\/6936","targetHints":{"allow":["GET"]}}],"collection":[{"href":"https:\/\/snowboardshop.hu\/en\/wp-json\/wp\/v2\/product"}],"about":[{"href":"https:\/\/snowboardshop.hu\/en\/wp-json\/wp\/v2\/types\/product"}],"replies":[{"embeddable":true,"href":"https:\/\/snowboardshop.hu\/en\/wp-json\/wp\/v2\/comments?post=6936"}],"version-history":[{"count":1,"href":"https:\/\/snowboardshop.hu\/en\/wp-json\/wp\/v2\/product\/6936\/revisions"}],"predecessor-version":[{"id":6938,"href":"https:\/\/snowboardshop.hu\/en\/wp-json\/wp\/v2\/product\/6936\/revisions\/6938"}],"wp:featuredmedia":[{"embeddable":true,"href":"https:\/\/snowboardshop.hu\/en\/wp-json\/wp\/v2\/media\/6937"}],"wp:attachment":[{"href":"https:\/\/snowboardshop.hu\/en\/wp-json\/wp\/v2\/media?parent=6936"}],"wp:term":[{"taxonomy":"product_brand","embeddable":true,"href":"https:\/\/snowboardshop.hu\/en\/wp-json\/wp\/v2\/product_brand?post=6936"},{"taxonomy":"product_cat","embeddable":true,"href":"https:\/\/snowboardshop.hu\/en\/wp-json\/wp\/v2\/product_cat?post=6936"},{"taxonomy":"product_tag","embeddable":true,"href":"https:\/\/snowboardshop.hu\/en\/wp-json\/wp\/v2\/product_tag?post=6936"}],"curies":[{"name":"wp","href":"https:\/\/api.w.org\/{rel}","templated":true}]}}