{"id":7012,"date":"2023-01-09T10:22:47","date_gmt":"2023-01-09T09:22:47","guid":{"rendered":"https:\/\/snowboardshop.hu\/?post_type=product&#038;p=7012"},"modified":"2025-01-22T11:48:35","modified_gmt":"2025-01-22T10:48:35","slug":"k2-www-teszt-snowboard","status":"publish","type":"product","link":"https:\/\/snowboardshop.hu\/en\/product\/k2-www-teszt-snowboard\/","title":{"rendered":"K2 www test snowboard"},"content":{"rendered":"<h3>K2 www test snowboard<\/h3>\n<p>We used it for everything, we hit it, we jumped it, we crushed it outside the track, we raced it. A very durable, fast, precise turning board. Basically, I recommend it for groomed snow and parks rather than freeride, but we rode it a lot off-piste as well.\u00a0<\/p>\n<div id=\"databox\">\n<ul>\n<li class=\"fcell\">Length: 156, 158, 159<\/li>\n<\/ul>\n<p>&nbsp;<\/p>\n<\/div>","protected":false},"excerpt":{"rendered":"<p>K2 www teszt snowboard Mindenre haszn\u00e1ltuk, \u00fct\u00f6tt\u00fck- v\u00e1gtuk, ugr\u00e1ltunk vele, p\u00e1ly\u00e1n k\u00edv\u00fcl z\u00faztunk, sz\u00e1guldoztunk. Egy nagyon tart\u00f3s, gyors, prec\u00edz kanyarokat h\u00faz\u00f3 deszka. Alapvet\u0151en kezelt [&hellip;]<\/p>\n","protected":false},"featured_media":7013,"comment_status":"closed","ping_status":"closed","template":"","meta":{"om_disable_all_campaigns":false,"_monsterinsights_skip_tracking":false,"_monsterinsights_sitenote_active":false,"_monsterinsights_sitenote_note":"","_monsterinsights_sitenote_category":0},"product_brand":[],"product_cat":[54,18,58,7,114],"product_tag":[],"class_list":{"0":"post-7012","1":"product","2":"type-product","3":"status-publish","4":"has-post-thumbnail","6":"product_cat-k2","7":"product_cat-outlet-hasznalt","8":"product_cat-premium-teszt-snowbaordok","9":"product_cat-snowboard-deszkak","10":"product_cat-freestyle-snowboard","12":"first","13":"instock","14":"sale","15":"shipping-taxable","16":"purchasable","17":"product-type-simple"},"aioseo_notices":[],"_links":{"self":[{"href":"https:\/\/snowboardshop.hu\/en\/wp-json\/wp\/v2\/product\/7012","targetHints":{"allow":["GET"]}}],"collection":[{"href":"https:\/\/snowboardshop.hu\/en\/wp-json\/wp\/v2\/product"}],"about":[{"href":"https:\/\/snowboardshop.hu\/en\/wp-json\/wp\/v2\/types\/product"}],"replies":[{"embeddable":true,"href":"https:\/\/snowboardshop.hu\/en\/wp-json\/wp\/v2\/comments?post=7012"}],"version-history":[{"count":2,"href":"https:\/\/snowboardshop.hu\/en\/wp-json\/wp\/v2\/product\/7012\/revisions"}],"predecessor-version":[{"id":8818,"href":"https:\/\/snowboardshop.hu\/en\/wp-json\/wp\/v2\/product\/7012\/revisions\/8818"}],"wp:featuredmedia":[{"embeddable":true,"href":"https:\/\/snowboardshop.hu\/en\/wp-json\/wp\/v2\/media\/7013"}],"wp:attachment":[{"href":"https:\/\/snowboardshop.hu\/en\/wp-json\/wp\/v2\/media?parent=7012"}],"wp:term":[{"taxonomy":"product_brand","embeddable":true,"href":"https:\/\/snowboardshop.hu\/en\/wp-json\/wp\/v2\/product_brand?post=7012"},{"taxonomy":"product_cat","embeddable":true,"href":"https:\/\/snowboardshop.hu\/en\/wp-json\/wp\/v2\/product_cat?post=7012"},{"taxonomy":"product_tag","embeddable":true,"href":"https:\/\/snowboardshop.hu\/en\/wp-json\/wp\/v2\/product_tag?post=7012"}],"curies":[{"name":"wp","href":"https:\/\/api.w.org\/{rel}","templated":true}]}}