{"id":7032,"date":"2023-01-13T13:06:55","date_gmt":"2023-01-13T12:06:55","guid":{"rendered":"https:\/\/snowboardshop.hu\/?post_type=product&#038;p=7032"},"modified":"2026-01-28T19:48:57","modified_gmt":"2026-01-28T18:48:57","slug":"ride-manic-2023-154-snowboard","status":"publish","type":"product","link":"https:\/\/snowboardshop.hu\/en\/product\/ride-manic-2023-154-snowboard\/","title":{"rendered":"Ride Manic 2023 (154) snowboard"},"content":{"rendered":"<h3>Ride Manic 2023 snowboard<\/h3>\n<p>The most affordable item is our domestic men&#039;s RIDE snowboard, a true all-round model. The all mountain rocker shape covers a flat surface under our feet, but it is rocker (belly) at the nose and rear. This structure, with its soft character and distribution of the directional center of gravity, is a very friendly, tolerant snowboard that can be operated with little force, for beginners and intermediates. Even if the price is lower, the standard has not been lowered: this is also a carbon-reinforced snowboard, with super strong sidewalls, a long-lasting structure, mid-range sole material and a beautiful natural design. At intermediate level, you can use this card for anything and anywhere. Extra wide versions too!<\/p>\n<table>\n<tbody>\n<tr>\n<td>Freestyle, halfpipe:<\/td>\n<td>10\/6<\/td>\n<\/tr>\n<tr>\n<td>Jumping, landing:<\/td>\n<td>10\/6<\/td>\n<\/tr>\n<tr>\n<td>Carving on treated track:<\/td>\n<td>10\/8<\/td>\n<\/tr>\n<tr>\n<td>Carving on an ice rink:<\/td>\n<td>10\/8<\/td>\n<\/tr>\n<tr>\n<td>Deep snow, backcountry, freeride:<\/td>\n<td>10\/8<\/td>\n<\/tr>\n<\/tbody>\n<\/table>","protected":false},"excerpt":{"rendered":"<p>Ride Manic 2023 snowboard A legkedvez\u0151bb \u00e1ru hazai f\u00e9rfi RIDE snowboardunk, igazi allround modell. Az all mountain rocker shape talpunk alatt s\u00edkfel\u00fcletet takar, az [&hellip;]<\/p>\n","protected":false},"featured_media":7033,"comment_status":"closed","ping_status":"closed","template":"","meta":{"om_disable_all_campaigns":false,"_monsterinsights_skip_tracking":false,"_monsterinsights_sitenote_active":false,"_monsterinsights_sitenote_note":"","_monsterinsights_sitenote_category":0},"product_brand":[],"product_cat":[17,75,7,114],"product_tag":[],"class_list":{"0":"post-7032","1":"product","2":"type-product","3":"status-publish","4":"has-post-thumbnail","6":"product_cat-ride","7":"product_cat-szelesitett-wide-snowboards","8":"product_cat-snowboard-deszkak","9":"product_cat-freestyle-snowboard","11":"first","12":"instock","13":"sale","14":"shipping-taxable","15":"purchasable","16":"product-type-simple"},"aioseo_notices":[],"_links":{"self":[{"href":"https:\/\/snowboardshop.hu\/en\/wp-json\/wp\/v2\/product\/7032","targetHints":{"allow":["GET"]}}],"collection":[{"href":"https:\/\/snowboardshop.hu\/en\/wp-json\/wp\/v2\/product"}],"about":[{"href":"https:\/\/snowboardshop.hu\/en\/wp-json\/wp\/v2\/types\/product"}],"replies":[{"embeddable":true,"href":"https:\/\/snowboardshop.hu\/en\/wp-json\/wp\/v2\/comments?post=7032"}],"version-history":[{"count":2,"href":"https:\/\/snowboardshop.hu\/en\/wp-json\/wp\/v2\/product\/7032\/revisions"}],"predecessor-version":[{"id":8817,"href":"https:\/\/snowboardshop.hu\/en\/wp-json\/wp\/v2\/product\/7032\/revisions\/8817"}],"wp:featuredmedia":[{"embeddable":true,"href":"https:\/\/snowboardshop.hu\/en\/wp-json\/wp\/v2\/media\/7033"}],"wp:attachment":[{"href":"https:\/\/snowboardshop.hu\/en\/wp-json\/wp\/v2\/media?parent=7032"}],"wp:term":[{"taxonomy":"product_brand","embeddable":true,"href":"https:\/\/snowboardshop.hu\/en\/wp-json\/wp\/v2\/product_brand?post=7032"},{"taxonomy":"product_cat","embeddable":true,"href":"https:\/\/snowboardshop.hu\/en\/wp-json\/wp\/v2\/product_cat?post=7032"},{"taxonomy":"product_tag","embeddable":true,"href":"https:\/\/snowboardshop.hu\/en\/wp-json\/wp\/v2\/product_tag?post=7032"}],"curies":[{"name":"wp","href":"https:\/\/api.w.org\/{rel}","templated":true}]}}