{"id":7081,"date":"2023-01-24T13:03:45","date_gmt":"2023-01-24T12:03:45","guid":{"rendered":"https:\/\/snowboardshop.hu\/?post_type=product&#038;p=7081"},"modified":"2025-01-16T08:28:42","modified_gmt":"2025-01-16T07:28:42","slug":"stones-hakuba-154-snowboard","status":"publish","type":"product","link":"https:\/\/snowboardshop.hu\/en\/product\/stones-hakuba-154-snowboard\/","title":{"rendered":"STONE Hakuba 154 Snowboard"},"content":{"rendered":"<div dir=\"ltr\">\n<div>\n<h2>STONE SNOWBOARDS Hakuba 154\u00a0<\/h2>\n<\/div>\n<div>\n<div dir=\"ltr\">A new board in the catalog with more classic sizes like Barrel or Dirty Fish, not so wide, aggressive shape for medium sizes. For those who don&#039;t want to go with Topo, this is the ideal shape. Mixed board, performs equally well for men and women.<\/div>\n<div dir=\"ltr\">The tail curves upwards, so you can ride it in switch, even if this is not the main purpose of the board. On this type of board, snowboard with both feet at a positive angle to carve nicely! . For those who want to push deep into the turns at high speed, who want to make nice carvings on the edge of the slope or on the powdery snowfields, feel the snow carrying the snowboard on top, for lovers of the beautiful backcountry landscape, this cool snowboard, the Haku, was made .<\/div>\n<div dir=\"ltr\">\u00a0<\/div>\n<div dir=\"ltr\">It is inviting to Japan, not only in its shape, but also in its slim design, which is reminiscent of the design direction of Japanese fish boards. A beautiful expression of love towards beautiful sharpening and deep snow. Factory waxed, with a nice 100mm setback, this is a big hit for girls and not too heavy boys.<\/div>\n<div dir=\"ltr\">\u00a0<\/div>\n<div dir=\"ltr\">Sole details: Sintered sole in 7200 structure.<\/div>\n<div dir=\"ltr\">\u00a0<\/div>\n<div dir=\"ltr\">Available sizes: 154.<\/div>\n<div dir=\"ltr\">\u00a0<\/div>\n<div dir=\"ltr\">Terrain: Freeride and gravel tracks<\/div>\n<div dir=\"ltr\">\u00a0<\/div>\n<div dir=\"ltr\">Shape: Directional Twin.<\/div>\n<div dir=\"ltr\">\u00a0<\/div>\n<\/div>\n<\/div>\n<table style=\"width: 25.894%;\">\n<tbody>\n<tr>\n<td style=\"width: 88.8889%;\"><b>Rating on a scale of 10<\/b><\/td>\n<td style=\"width: 13.6698%;\">\u00a0<\/td>\n<\/tr>\n<tr>\n<td style=\"width: 88.8889%;\">Freestyle tricks, jib, half pipe:<\/td>\n<td style=\"width: 13.6698%;\">2<\/td>\n<\/tr>\n<tr>\n<td style=\"width: 88.8889%;\">Jumps, landings:<\/td>\n<td style=\"width: 13.6698%;\">5<\/td>\n<\/tr>\n<tr>\n<td style=\"width: 88.8889%;\">Carving on a treated pitch:<\/td>\n<td style=\"width: 13.6698%;\">9<\/td>\n<\/tr>\n<tr>\n<td style=\"width: 88.8889%;\">Carving on an ice track:<\/td>\n<td style=\"width: 13.6698%;\">9<\/td>\n<\/tr>\n<tr>\n<td style=\"width: 88.8889%;\">Deep snow, backcountry, freeride:<\/td>\n<td style=\"width: 13.6698%;\">10<\/td>\n<\/tr>\n<tr>\n<td style=\"width: 88.8889%;\">Bending, hardness:<\/td>\n<td style=\"width: 13.6698%;\">7<\/td>\n<\/tr>\n<tr>\n<td style=\"width: 88.8889%;\">\u00a0<\/td>\n<td style=\"width: 13.6698%;\">\u00a0<\/td>\n<\/tr>\n<tr>\n<td style=\"width: 88.8889%;\">\u00a0<\/td>\n<td style=\"width: 13.6698%;\">\u00a0<\/td>\n<\/tr>\n<tr>\n<td style=\"width: 88.8889%;\">\u00a0<\/td>\n<td style=\"width: 13.6698%;\">\u00a0<\/td>\n<\/tr>\n<tr>\n<td style=\"width: 88.8889%;\">\u00a0<\/td>\n<td style=\"width: 13.6698%;\">\u00a0<\/td>\n<\/tr>\n<tr>\n<td style=\"width: 88.8889%;\">\u00a0<\/td>\n<td style=\"width: 13.6698%;\">\u00a0<\/td>\n<\/tr>\n<\/tbody>\n<\/table>","protected":false},"excerpt":{"rendered":"<p>STONE SNOWBOARDS Hakuba 154\u00a0 \u00daj deszka a katal\u00f3gusban, klasszikusabb m\u00e9retekkel, mint a Barrel vagy a Dirty Fish, nem olyan sz\u00e9les, agressz\u00edv form\u00e1val a k\u00f6zepes [&hellip;]<\/p>\n","protected":false},"featured_media":7082,"comment_status":"closed","ping_status":"closed","template":"","meta":{"om_disable_all_campaigns":false,"_monsterinsights_skip_tracking":false,"_monsterinsights_sitenote_active":false,"_monsterinsights_sitenote_note":"","_monsterinsights_sitenote_category":0},"product_brand":[],"product_cat":[15,11,12,7,115],"product_tag":[],"class_list":{"0":"post-7081","1":"product","2":"type-product","3":"status-publish","4":"has-post-thumbnail","6":"product_cat-apo-freestyle-si-freeride-snowboard","7":"product_cat-surfboard-powderboard","8":"product_cat-stone-apo","9":"product_cat-snowboard-deszkak","10":"product_cat-best-snowboards","12":"first","13":"instock","14":"shipping-taxable","15":"purchasable","16":"product-type-simple"},"aioseo_notices":[],"_links":{"self":[{"href":"https:\/\/snowboardshop.hu\/en\/wp-json\/wp\/v2\/product\/7081","targetHints":{"allow":["GET"]}}],"collection":[{"href":"https:\/\/snowboardshop.hu\/en\/wp-json\/wp\/v2\/product"}],"about":[{"href":"https:\/\/snowboardshop.hu\/en\/wp-json\/wp\/v2\/types\/product"}],"replies":[{"embeddable":true,"href":"https:\/\/snowboardshop.hu\/en\/wp-json\/wp\/v2\/comments?post=7081"}],"version-history":[{"count":3,"href":"https:\/\/snowboardshop.hu\/en\/wp-json\/wp\/v2\/product\/7081\/revisions"}],"predecessor-version":[{"id":8815,"href":"https:\/\/snowboardshop.hu\/en\/wp-json\/wp\/v2\/product\/7081\/revisions\/8815"}],"wp:featuredmedia":[{"embeddable":true,"href":"https:\/\/snowboardshop.hu\/en\/wp-json\/wp\/v2\/media\/7082"}],"wp:attachment":[{"href":"https:\/\/snowboardshop.hu\/en\/wp-json\/wp\/v2\/media?parent=7081"}],"wp:term":[{"taxonomy":"product_brand","embeddable":true,"href":"https:\/\/snowboardshop.hu\/en\/wp-json\/wp\/v2\/product_brand?post=7081"},{"taxonomy":"product_cat","embeddable":true,"href":"https:\/\/snowboardshop.hu\/en\/wp-json\/wp\/v2\/product_cat?post=7081"},{"taxonomy":"product_tag","embeddable":true,"href":"https:\/\/snowboardshop.hu\/en\/wp-json\/wp\/v2\/product_tag?post=7081"}],"curies":[{"name":"wp","href":"https:\/\/api.w.org\/{rel}","templated":true}]}}