{"id":7087,"date":"2023-01-24T13:12:33","date_gmt":"2023-01-24T12:12:33","guid":{"rendered":"https:\/\/snowboardshop.hu\/?post_type=product&#038;p=7087"},"modified":"2025-01-16T08:28:33","modified_gmt":"2025-01-16T07:28:33","slug":"stones-mini-gun-160-snowboard","status":"publish","type":"product","link":"https:\/\/snowboardshop.hu\/en\/product\/stones-mini-gun-160-snowboard\/","title":{"rendered":"STONE Mini Gun 160 Snowboard"},"content":{"rendered":"<div dir=\"ltr\">\n<div>\n<div>\n<h2>MINI GUN 160<\/h2>\n<h2>\u2013 STONE SNOWBOARDS<\/h2>\n<\/div>\n<div>\u00a0<\/div>\n<div>\n<div dir=\"ltr\">This winter, Stone is positioning itself even more for freeride with this new shape in the range! Get the handkerchiefs for your friends! They will cry.<\/div>\n<div dir=\"ltr\">\u00a0<\/div>\n<div dir=\"ltr\">The Mini Gun is the new form that can beat the pace of the Machine Gun. We worked a lot on its radius to be able to attack the corners at high speed. It splits the dust with its swallowtail. Thanks to its shape, its floating and buoyancy on fresh snow are perfect. . On groomed trails or off-piste, you&#039;ll quickly notice its versatility. This shape was designed for advanced snowboarders who want to make beautiful and stylish turns, while also snowboarding off-piste and visiting powder snow. The sole is almost completely black, graphite to maximize gliding. The fewer the patterns, the faster you will move in the sole. In addition, it is 100 times easier to repair P-tex black than colored soles!<\/div>\n<div dir=\"ltr\">\u00a0<\/div>\n<div dir=\"ltr\">This unusual board will be for powder lovers and lovers of beautiful turns, a board for intermediate and advanced level players.<\/div>\n<div dir=\"ltr\">\u00a0<\/div>\n<div dir=\"ltr\">Basic details: Structured sintered sole with 7200 hardness, factory waxed. The sole is very dense, if it is thirsty, wax more densely, remember that you are feeding it, it will inevitably regain its strength &amp; you will feel the momentum of the board,<\/div>\n<div dir=\"ltr\">\u00a0<\/div>\n<div dir=\"ltr\">Size: 160.<\/div>\n<div dir=\"ltr\">\u00a0<\/div>\n<div dir=\"ltr\">Terrain: Freeride<\/div>\n<div dir=\"ltr\">\u00a0<\/div>\n<div dir=\"ltr\">Rocker\/Camber: This is a hybrid mixture between the already known classic camber plus a flat camber. Ideal for fast, easy turning. Apparently the rocker allows you to float on fresh snow like a boat.<\/div>\n<div dir=\"ltr\">\u00a0<\/div>\n<div dir=\"ltr\">Structure: , full light poplar core, matt varnish, aluminum tail protection.<\/div>\n<\/div>\n<div>\u00a0<\/div>\n<\/div>\n<div>\n<div dir=\"ltr\">\u00a0<\/div>\n<\/div>\n<\/div>\n<table style=\"width: 25.894%;\">\n<tbody>\n<tr>\n<td style=\"width: 88.8889%;\"><b>Rating on a scale of 10<\/b><\/td>\n<td style=\"width: 13.6698%;\">\u00a0<\/td>\n<\/tr>\n<tr>\n<td style=\"width: 88.8889%;\">Freestyle tricks, jib, half pipe:<\/td>\n<td style=\"width: 13.6698%;\">2<\/td>\n<\/tr>\n<tr>\n<td style=\"width: 88.8889%;\">Jumps, landings:<\/td>\n<td style=\"width: 13.6698%;\">3<\/td>\n<\/tr>\n<tr>\n<td style=\"width: 88.8889%;\">Carving on a treated pitch:<\/td>\n<td style=\"width: 13.6698%;\">9<\/td>\n<\/tr>\n<tr>\n<td style=\"width: 88.8889%;\">Carving on an ice track:<\/td>\n<td style=\"width: 13.6698%;\">9<\/td>\n<\/tr>\n<tr>\n<td style=\"width: 88.8889%;\">Deep snow, backcountry, freeride:<\/td>\n<td style=\"width: 13.6698%;\">10<\/td>\n<\/tr>\n<tr>\n<td style=\"width: 88.8889%;\">Bending, hardness:<\/td>\n<td style=\"width: 13.6698%;\">8<\/td>\n<\/tr>\n<tr>\n<td style=\"width: 88.8889%;\">\u00a0<\/td>\n<td style=\"width: 13.6698%;\">\u00a0<\/td>\n<\/tr>\n<tr>\n<td style=\"width: 88.8889%;\">\u00a0<\/td>\n<td style=\"width: 13.6698%;\">\u00a0<\/td>\n<\/tr>\n<tr>\n<td style=\"width: 88.8889%;\">\u00a0<\/td>\n<td style=\"width: 13.6698%;\">\u00a0<\/td>\n<\/tr>\n<tr>\n<td style=\"width: 88.8889%;\">\u00a0<\/td>\n<td style=\"width: 13.6698%;\">\u00a0<\/td>\n<\/tr>\n<tr>\n<td style=\"width: 88.8889%;\">\u00a0<\/td>\n<td style=\"width: 13.6698%;\">\u00a0<\/td>\n<\/tr>\n<\/tbody>\n<\/table>","protected":false},"excerpt":{"rendered":"<p>MINI GUN 160 &#8211; STONE SNOWBOARDS \u00a0 A Stone id\u00e9n t\u00e9len m\u00e9g ink\u00e1bb freeride-ra poz\u00edcion\u00e1lja mag\u00e1t ezzel az \u00faj form\u00e1val a k\u00edn\u00e1latban! Vedd el\u0151 [&hellip;]<\/p>\n","protected":false},"featured_media":7088,"comment_status":"closed","ping_status":"closed","template":"","meta":{"om_disable_all_campaigns":false,"_monsterinsights_skip_tracking":false,"_monsterinsights_sitenote_active":false,"_monsterinsights_sitenote_note":"","_monsterinsights_sitenote_category":0},"product_brand":[],"product_cat":[71,15,11,12,75,7,115],"product_tag":[],"class_list":{"0":"post-7087","1":"product","2":"type-product","3":"status-publish","4":"has-post-thumbnail","6":"product_cat-alpin","7":"product_cat-apo-freestyle-si-freeride-snowboard","8":"product_cat-surfboard-powderboard","9":"product_cat-stone-apo","10":"product_cat-szelesitett-wide-snowboards","11":"product_cat-snowboard-deszkak","12":"product_cat-best-snowboards","14":"first","15":"instock","16":"shipping-taxable","17":"purchasable","18":"product-type-simple"},"aioseo_notices":[],"_links":{"self":[{"href":"https:\/\/snowboardshop.hu\/en\/wp-json\/wp\/v2\/product\/7087","targetHints":{"allow":["GET"]}}],"collection":[{"href":"https:\/\/snowboardshop.hu\/en\/wp-json\/wp\/v2\/product"}],"about":[{"href":"https:\/\/snowboardshop.hu\/en\/wp-json\/wp\/v2\/types\/product"}],"replies":[{"embeddable":true,"href":"https:\/\/snowboardshop.hu\/en\/wp-json\/wp\/v2\/comments?post=7087"}],"version-history":[{"count":3,"href":"https:\/\/snowboardshop.hu\/en\/wp-json\/wp\/v2\/product\/7087\/revisions"}],"predecessor-version":[{"id":8813,"href":"https:\/\/snowboardshop.hu\/en\/wp-json\/wp\/v2\/product\/7087\/revisions\/8813"}],"wp:featuredmedia":[{"embeddable":true,"href":"https:\/\/snowboardshop.hu\/en\/wp-json\/wp\/v2\/media\/7088"}],"wp:attachment":[{"href":"https:\/\/snowboardshop.hu\/en\/wp-json\/wp\/v2\/media?parent=7087"}],"wp:term":[{"taxonomy":"product_brand","embeddable":true,"href":"https:\/\/snowboardshop.hu\/en\/wp-json\/wp\/v2\/product_brand?post=7087"},{"taxonomy":"product_cat","embeddable":true,"href":"https:\/\/snowboardshop.hu\/en\/wp-json\/wp\/v2\/product_cat?post=7087"},{"taxonomy":"product_tag","embeddable":true,"href":"https:\/\/snowboardshop.hu\/en\/wp-json\/wp\/v2\/product_tag?post=7087"}],"curies":[{"name":"wp","href":"https:\/\/api.w.org\/{rel}","templated":true}]}}