{"id":7218,"date":"2023-02-10T11:36:52","date_gmt":"2023-02-10T10:36:52","guid":{"rendered":"https:\/\/snowboardshop.hu\/?post_type=product&#038;p=7218"},"modified":"2025-01-16T08:27:24","modified_gmt":"2025-01-16T07:27:24","slug":"jones-talon-pro-carbon-turabot","status":"publish","type":"product","link":"https:\/\/snowboardshop.hu\/en\/product\/jones-talon-pro-carbon-turabot\/","title":{"rendered":"JONES Talon PRO Carbon trekking pole"},"content":{"rendered":"<h3 dir=\"ltr\">JONES Talon PRO Carbon trekking pole<\/h3>\n<p>For splitboards and touring skis.<\/p>\n<div dir=\"ltr\">Talon Pro poles are ultralight, three-piece folding poles designed to offer unmatched performance and minimal carry weight.<\/div>\n<div dir=\"ltr\">\u00a0<\/div>\n<div dir=\"ltr\">The Talon Pro features our dual-density Scraper Grip, which features a hard plastic snow scraper embedded in a comfortable EVA foam grip. The scraper can be used to de-ice the base before descending, or to knock snow off split skis on the way up. The redesigned Snow Claw 2.0 baskets provide exceptional grip on firm or soft snow and are easy to install on any slope angle thanks to the unique basket attachment that floats in relation to the pole shaft. The top two parts of the Talon Pro are made from carbon to keep the rods light and stiff, while the bottom part is made from Titanal for extra durability. The usable length of Talon Pro poles is 105-135 cm. Folded length is 61cm and the baskets fit together with the stick ends to give you a tighter pack when attached to your pack. Talon Pro poles are covered by a three-year warranty. Made in Austria.<\/div>","protected":false},"excerpt":{"rendered":"<p>JONES Talon PRO Carbon t\u00farabot Splitboardokhoz is t\u00faras\u00edhez is. A Talon Pro botok ultrak\u00f6nny\u0171, h\u00e1romr\u00e9szes, \u00f6sszecsukhat\u00f3 botok, amelyeket \u00fagy terveztek, hogy p\u00e1ratlan teljes\u00edtm\u00e9nyt \u00e9s [&hellip;]<\/p>\n","protected":false},"featured_media":7219,"comment_status":"closed","ping_status":"closed","template":"","meta":{"om_disable_all_campaigns":false,"_monsterinsights_skip_tracking":false,"_monsterinsights_sitenote_active":false,"_monsterinsights_sitenote_note":"","_monsterinsights_sitenote_category":0},"product_brand":[],"product_cat":[40,80,10],"product_tag":[],"class_list":{"0":"post-7218","1":"product","2":"type-product","3":"status-publish","4":"has-post-thumbnail","6":"product_cat-backcountry-felszerelesek-kiegeszitok","7":"product_cat-split-boards","8":"product_cat-ruhazat-es-vedok","10":"first","11":"instock","12":"sale","13":"shipping-taxable","14":"purchasable","15":"product-type-simple"},"aioseo_notices":[],"_links":{"self":[{"href":"https:\/\/snowboardshop.hu\/en\/wp-json\/wp\/v2\/product\/7218","targetHints":{"allow":["GET"]}}],"collection":[{"href":"https:\/\/snowboardshop.hu\/en\/wp-json\/wp\/v2\/product"}],"about":[{"href":"https:\/\/snowboardshop.hu\/en\/wp-json\/wp\/v2\/types\/product"}],"replies":[{"embeddable":true,"href":"https:\/\/snowboardshop.hu\/en\/wp-json\/wp\/v2\/comments?post=7218"}],"version-history":[{"count":3,"href":"https:\/\/snowboardshop.hu\/en\/wp-json\/wp\/v2\/product\/7218\/revisions"}],"predecessor-version":[{"id":7221,"href":"https:\/\/snowboardshop.hu\/en\/wp-json\/wp\/v2\/product\/7218\/revisions\/7221"}],"wp:featuredmedia":[{"embeddable":true,"href":"https:\/\/snowboardshop.hu\/en\/wp-json\/wp\/v2\/media\/7219"}],"wp:attachment":[{"href":"https:\/\/snowboardshop.hu\/en\/wp-json\/wp\/v2\/media?parent=7218"}],"wp:term":[{"taxonomy":"product_brand","embeddable":true,"href":"https:\/\/snowboardshop.hu\/en\/wp-json\/wp\/v2\/product_brand?post=7218"},{"taxonomy":"product_cat","embeddable":true,"href":"https:\/\/snowboardshop.hu\/en\/wp-json\/wp\/v2\/product_cat?post=7218"},{"taxonomy":"product_tag","embeddable":true,"href":"https:\/\/snowboardshop.hu\/en\/wp-json\/wp\/v2\/product_tag?post=7218"}],"curies":[{"name":"wp","href":"https:\/\/api.w.org\/{rel}","templated":true}]}}