{"id":7323,"date":"2023-10-26T21:00:10","date_gmt":"2023-10-26T19:00:10","guid":{"rendered":"https:\/\/snowboardshop.hu\/?post_type=product&#038;p=7323"},"modified":"2025-01-16T08:26:31","modified_gmt":"2025-01-16T07:26:31","slug":"ride-smokescreen-2024-snowboard","status":"publish","type":"product","link":"https:\/\/snowboardshop.hu\/en\/product\/ride-smokescreen-2024-snowboard\/","title":{"rendered":"Ride Smokescreen 2024 snowboard"},"content":{"rendered":"<h3 dir=\"ltr\">Ride Smokescreen 2024 snowboard<\/h3>\n<div dir=\"ltr\">Sizes: 158, 162, 165 cm<\/div>\n<div dir=\"ltr\">Many people have already said &quot;well, someone should create a snowboard that is good not only on the track and in the backcountry.&quot; It&#039;s not an easy algorithm, but Ride seems to have succeeded now. Fathers and mothers were included in the structure and it turned out well! The Quadratic Sidecut gives super maneuverability and good edge grip, the Performance\u2122 Core is a strong and light combination of aspen, bamboo and pine.<\/div>\n<div dir=\"ltr\">Carbon Array 5\u2122 carbon fibers with copper tracks provide extra snap and raise the center of gravity, without making the snowboard unnecessarily hard! A high-end all-mountain directional twin board, which is also one of the best freestyle trick boards in the range!<\/div>\n<div dir=\"ltr\">\u00a0<\/div>\n<div dir=\"ltr\">\ufffcShape: Twin<\/div>\n<div dir=\"ltr\">Profile: Hybrid Rocker<\/div>\n<div dir=\"ltr\">Side geometry: Quadratic<\/div>\n<div dir=\"ltr\">Kantni: Standard<\/div>\n<div dir=\"ltr\">Fiberglass type: Pre-Cure Glass<\/div>\n<div dir=\"ltr\">Surface material; Sintered high molecular<\/div>\n<div dir=\"ltr\">Sole polishing: Stone Finish<\/div>\n<div dir=\"ltr\">Side reinforcement: Slimewalls\u00ae, Carbon Slimewalls\u00ae Roll-in Construction<\/div>\n<div dir=\"ltr\">Cover: Standard<\/div>\n<div dir=\"ltr\">Core: Performance\u2122, Aspen, Bamboo, Pine<\/div>\n<div dir=\"ltr\">Internal protection: Double Impact Plates, Carbon Array 5\u2122<\/div>\n<div dir=\"ltr\">Target group: Allmountain, Powder<\/div>\n<div dir=\"ltr\">\u00a0<\/div>\n<div dir=\"ltr\">\u00a0<\/div>\n<table>\n<tbody>\n<tr>\n<td>Freestyle, halfpipe:<\/td>\n<td>10\/8<\/td>\n<\/tr>\n<tr>\n<td>Jumping, landing:<\/td>\n<td>10\/10<\/td>\n<\/tr>\n<tr>\n<td>Carving on treated track:<\/td>\n<td>10\/8<\/td>\n<\/tr>\n<tr>\n<td>Carving on an ice rink:<\/td>\n<td>10\/8<\/td>\n<\/tr>\n<tr>\n<td>Deep snow, backcountry, freeride:<\/td>\n<td>10\/7<\/td>\n<\/tr>\n<\/tbody>\n<\/table>","protected":false},"excerpt":{"rendered":"<p>Ride Smokescreen 2024 snowboard M\u00e9retek: 158, 162 165 cm Sokan mondt\u00e1k m\u00e1r \u201dj\u00f3 de alkosson m\u00e1r valaki egy snowboardot, ami nemcsak p\u00e1ly\u00e1n \u00e9s backcountry-n [&hellip;]<\/p>\n","protected":false},"featured_media":7305,"comment_status":"closed","ping_status":"closed","template":"","meta":{"om_disable_all_campaigns":false,"_monsterinsights_skip_tracking":false,"_monsterinsights_sitenote_active":false,"_monsterinsights_sitenote_note":"","_monsterinsights_sitenote_category":0},"product_brand":[],"product_cat":[17,7],"product_tag":[],"class_list":{"0":"post-7323","1":"product","2":"type-product","3":"status-publish","4":"has-post-thumbnail","6":"product_cat-ride","7":"product_cat-snowboard-deszkak","9":"first","10":"instock","11":"sale","12":"shipping-taxable","13":"purchasable","14":"product-type-simple"},"aioseo_notices":[],"_links":{"self":[{"href":"https:\/\/snowboardshop.hu\/en\/wp-json\/wp\/v2\/product\/7323","targetHints":{"allow":["GET"]}}],"collection":[{"href":"https:\/\/snowboardshop.hu\/en\/wp-json\/wp\/v2\/product"}],"about":[{"href":"https:\/\/snowboardshop.hu\/en\/wp-json\/wp\/v2\/types\/product"}],"replies":[{"embeddable":true,"href":"https:\/\/snowboardshop.hu\/en\/wp-json\/wp\/v2\/comments?post=7323"}],"version-history":[{"count":3,"href":"https:\/\/snowboardshop.hu\/en\/wp-json\/wp\/v2\/product\/7323\/revisions"}],"predecessor-version":[{"id":8806,"href":"https:\/\/snowboardshop.hu\/en\/wp-json\/wp\/v2\/product\/7323\/revisions\/8806"}],"wp:featuredmedia":[{"embeddable":true,"href":"https:\/\/snowboardshop.hu\/en\/wp-json\/wp\/v2\/media\/7305"}],"wp:attachment":[{"href":"https:\/\/snowboardshop.hu\/en\/wp-json\/wp\/v2\/media?parent=7323"}],"wp:term":[{"taxonomy":"product_brand","embeddable":true,"href":"https:\/\/snowboardshop.hu\/en\/wp-json\/wp\/v2\/product_brand?post=7323"},{"taxonomy":"product_cat","embeddable":true,"href":"https:\/\/snowboardshop.hu\/en\/wp-json\/wp\/v2\/product_cat?post=7323"},{"taxonomy":"product_tag","embeddable":true,"href":"https:\/\/snowboardshop.hu\/en\/wp-json\/wp\/v2\/product_tag?post=7323"}],"curies":[{"name":"wp","href":"https:\/\/api.w.org\/{rel}","templated":true}]}}