{"id":7350,"date":"2023-10-26T21:50:55","date_gmt":"2023-10-26T19:50:55","guid":{"rendered":"https:\/\/snowboardshop.hu\/?post_type=product&#038;p=7350"},"modified":"2026-01-16T11:26:07","modified_gmt":"2026-01-16T10:26:07","slug":"ride-hera-pro-black-noi-snowboard-cipo","status":"publish","type":"product","link":"https:\/\/snowboardshop.hu\/en\/product\/ride-hera-pro-black-noi-snowboard-cipo\/","title":{"rendered":"Ride Hera Pro Black women&#039;s snowboard shoes"},"content":{"rendered":"<p>Ride Hera and previously Sash are my favorite women&#039;s snowboard shoes and probably one of the most defining women&#039;s shoes in the world of snowboarding.<br \/>I have never seen such comfortable shoe soles!<br \/>If someone has a problem with leg numbness, it will almost certainly go away here! Your heel won&#039;t move at all with the heel shape of the Ride 3D stitched outer shell!<br \/>Lining: Intuition company&#039;s &quot;Support Foam Liner&quot; lining material that adapts to body heat and feet, which I have never seen better in women&#039;s shoes. Specially designed &quot;Jade Sole&quot; sole design for women&#039;s ankles. Two types of BOA systems tighten the foot, quickly, efficiently and comfortably: &quot;Tonque Tied BOA&quot; and &quot;Lace Guide BOA&quot;. <br \/>I can only recommend it to female snowboarders of any skill level, from beginners to instructors.<\/p>","protected":false},"excerpt":{"rendered":"<p>A Ride Hera illetve kor\u00e1bban Sash a kedvenc n\u0151i snowboard cip\u0151m \u00e9s val\u00f3sz\u00edn\u0171 a snowboardvil\u00e1g egyik legmeghat\u00e1roz\u00f3bb n\u0151i cip\u0151je.Soha ilyen k\u00e9nyelmes cip\u0151talpat m\u00e9g nem [&hellip;]<\/p>\n","protected":false},"featured_media":7312,"comment_status":"closed","ping_status":"closed","template":"","meta":{"om_disable_all_campaigns":false,"_monsterinsights_skip_tracking":false,"_monsterinsights_sitenote_active":false,"_monsterinsights_sitenote_note":"","_monsterinsights_sitenote_category":0},"product_brand":[],"product_cat":[65,32,31,9],"product_tag":[],"class_list":{"0":"post-7350","1":"product","2":"type-product","3":"status-publish","4":"has-post-thumbnail","6":"product_cat-noi-snowboard-cipo-bakancs","7":"product_cat-akcios-snowboard-bakancs","8":"product_cat-ride-snowboard-cipo-bakancs","9":"product_cat-snowboard-cipok","11":"first","12":"instock","13":"sale","14":"shipping-taxable","15":"purchasable","16":"product-type-simple"},"aioseo_notices":[],"_links":{"self":[{"href":"https:\/\/snowboardshop.hu\/en\/wp-json\/wp\/v2\/product\/7350","targetHints":{"allow":["GET"]}}],"collection":[{"href":"https:\/\/snowboardshop.hu\/en\/wp-json\/wp\/v2\/product"}],"about":[{"href":"https:\/\/snowboardshop.hu\/en\/wp-json\/wp\/v2\/types\/product"}],"replies":[{"embeddable":true,"href":"https:\/\/snowboardshop.hu\/en\/wp-json\/wp\/v2\/comments?post=7350"}],"version-history":[{"count":1,"href":"https:\/\/snowboardshop.hu\/en\/wp-json\/wp\/v2\/product\/7350\/revisions"}],"predecessor-version":[{"id":7351,"href":"https:\/\/snowboardshop.hu\/en\/wp-json\/wp\/v2\/product\/7350\/revisions\/7351"}],"wp:featuredmedia":[{"embeddable":true,"href":"https:\/\/snowboardshop.hu\/en\/wp-json\/wp\/v2\/media\/7312"}],"wp:attachment":[{"href":"https:\/\/snowboardshop.hu\/en\/wp-json\/wp\/v2\/media?parent=7350"}],"wp:term":[{"taxonomy":"product_brand","embeddable":true,"href":"https:\/\/snowboardshop.hu\/en\/wp-json\/wp\/v2\/product_brand?post=7350"},{"taxonomy":"product_cat","embeddable":true,"href":"https:\/\/snowboardshop.hu\/en\/wp-json\/wp\/v2\/product_cat?post=7350"},{"taxonomy":"product_tag","embeddable":true,"href":"https:\/\/snowboardshop.hu\/en\/wp-json\/wp\/v2\/product_tag?post=7350"}],"curies":[{"name":"wp","href":"https:\/\/api.w.org\/{rel}","templated":true}]}}