{"id":7538,"date":"2023-11-07T12:14:51","date_gmt":"2023-11-07T11:14:51","guid":{"rendered":"https:\/\/snowboardshop.hu\/?post_type=product&#038;p=7538"},"modified":"2023-11-13T18:39:17","modified_gmt":"2023-11-13T17:39:17","slug":"now-brigada-black-2024-snowboard-kotes","status":"publish","type":"product","link":"https:\/\/snowboardshop.hu\/en\/product\/now-brigada-black-2024-snowboard-kotes\/","title":{"rendered":"Now Brigada Black 2024 snowboard binding"},"content":{"rendered":"<h3>Now Brigada snowboard binding\u00a0<\/h3>\n<p>The NOW Brigada snowboard binding is made with the revolutionary NOW SKATE technology.<br \/>\nIn contrast to traditional snowboard bindings, these bindings do not transfer the force to the snowboard sheet through the disc in the middle, but through special silicone pads located at the four corners of the snowboard binding. This can be achieved by swinging the disc in the middle on a special swing mechanism, moving completely together with the surface of the board. Thus, no force passes through the center at all, the disc of the snowboard binding swings. Thus, the force that we apply to the edge of the snowboard appears directly above the edge. This gives a much finer, skateboarding feeling, a real &quot;SKATE feeling&quot;.<br \/>\nAnd with the silicone soles on the four corners of the binding, you can set any fineness of FLEX INDEX, with perfect fineness.<br \/>\nAccording to the company, those who try this bandage will never use another.<br \/>\nEasy controllability, responsive gliding, perfect vibration absorption, carbon-containing, unbreakable plastics, Carbon\/nylon disc, HYBRID FLIPIT straps, completely new type of metal buckles characterize the world&#039;s leading soft binding.<br \/>\nLifetime frame warranty and 6s flex index.<br \/>\nThe ALLMOUNTAIN Freestyle binding from the NOW company can be used from the street to the high peaks.<\/p>","protected":false},"excerpt":{"rendered":"<p>Now Brigada snowboard k\u00f6t\u00e9s\u00a0 A NOW Brigada snowboard k\u00f6t\u00e9se a forradalmi NOW SKATE technol\u00f3gi\u00e1val k\u00e9sz\u00fcl. Ezek a k\u00f6t\u00e9sek a hagyom\u00e1nyos snowboardk\u00f6t\u00e9sekkel szemben ,nem k\u00f6z\u00e9pen [&hellip;]<\/p>\n","protected":false},"featured_media":7480,"comment_status":"closed","ping_status":"closed","template":"","meta":{"om_disable_all_campaigns":false,"_monsterinsights_skip_tracking":false,"_monsterinsights_sitenote_active":false,"_monsterinsights_sitenote_note":"","_monsterinsights_sitenote_category":0},"product_brand":[],"product_cat":[81,8],"product_tag":[],"class_list":{"0":"post-7538","1":"product","2":"type-product","3":"status-publish","4":"has-post-thumbnail","6":"product_cat-now","7":"product_cat-snowboard-kotesek","9":"first","10":"instock","11":"shipping-taxable","12":"purchasable","13":"product-type-simple"},"aioseo_notices":[],"_links":{"self":[{"href":"https:\/\/snowboardshop.hu\/en\/wp-json\/wp\/v2\/product\/7538","targetHints":{"allow":["GET"]}}],"collection":[{"href":"https:\/\/snowboardshop.hu\/en\/wp-json\/wp\/v2\/product"}],"about":[{"href":"https:\/\/snowboardshop.hu\/en\/wp-json\/wp\/v2\/types\/product"}],"replies":[{"embeddable":true,"href":"https:\/\/snowboardshop.hu\/en\/wp-json\/wp\/v2\/comments?post=7538"}],"version-history":[{"count":1,"href":"https:\/\/snowboardshop.hu\/en\/wp-json\/wp\/v2\/product\/7538\/revisions"}],"predecessor-version":[{"id":7539,"href":"https:\/\/snowboardshop.hu\/en\/wp-json\/wp\/v2\/product\/7538\/revisions\/7539"}],"wp:featuredmedia":[{"embeddable":true,"href":"https:\/\/snowboardshop.hu\/en\/wp-json\/wp\/v2\/media\/7480"}],"wp:attachment":[{"href":"https:\/\/snowboardshop.hu\/en\/wp-json\/wp\/v2\/media?parent=7538"}],"wp:term":[{"taxonomy":"product_brand","embeddable":true,"href":"https:\/\/snowboardshop.hu\/en\/wp-json\/wp\/v2\/product_brand?post=7538"},{"taxonomy":"product_cat","embeddable":true,"href":"https:\/\/snowboardshop.hu\/en\/wp-json\/wp\/v2\/product_cat?post=7538"},{"taxonomy":"product_tag","embeddable":true,"href":"https:\/\/snowboardshop.hu\/en\/wp-json\/wp\/v2\/product_tag?post=7538"}],"curies":[{"name":"wp","href":"https:\/\/api.w.org\/{rel}","templated":true}]}}