{"id":7645,"date":"2023-11-10T12:11:49","date_gmt":"2023-11-10T11:11:49","guid":{"rendered":"https:\/\/snowboardshop.hu\/?post_type=product&#038;p=7645"},"modified":"2023-11-10T17:08:15","modified_gmt":"2023-11-10T16:08:15","slug":"brbl-glacier-merino-snowboard-zokni","status":"publish","type":"product","link":"https:\/\/snowboardshop.hu\/en\/product\/brbl-glacier-merino-snowboard-zokni\/","title":{"rendered":"BRBL GLACIER MERINO snowboard socks"},"content":{"rendered":"<p id=\"tw-target-text\" class=\"tw-data-text tw-text-large tw-ta\" dir=\"ltr\" data-placeholder=\"Ford\u00edt\u00e1s\" data-ved=\"2ahUKEwj_wbWZn4CCAxUs_7sIHeO2C4AQ3ewLegQIBhAQ\"><span class=\"Y2IQFc\" lang=\"hu\">BRBL GLACIER merino socks are ideal for snowboarding.<\/span><\/p>\n<p class=\"tw-data-text tw-text-large tw-ta\" dir=\"ltr\" data-placeholder=\"Ford\u00edt\u00e1s\" data-ved=\"2ahUKEwj_wbWZn4CCAxUs_7sIHeO2C4AQ3ewLegQIBhAQ\"><span class=\"Y2IQFc\" lang=\"hu\">Reinforced heel and toe <br \/>\nProvides optimal ventilation<br \/>\nIt wicks away moisture<br \/>\nKeeps the feet warm <br \/>\nThe elastic strips ensure a perfect hold<br \/>\nComfortable <br \/>\nSoft and light <br \/>\nResistant and durable <\/span><\/p>\n<p class=\"tw-data-text tw-text-large tw-ta\" dir=\"ltr\" data-placeholder=\"Ford\u00edt\u00e1s\" data-ved=\"2ahUKEwj_wbWZn4CCAxUs_7sIHeO2C4AQ3ewLegQIBhAQ\"><span class=\"Y2IQFc\" lang=\"hu\">Composition: 30% Polyamide 27% Acrylic 27% Merino Wool 12% Polypropylene 1% Elastane<\/span><\/p>","protected":false},"excerpt":{"rendered":"<p>BRBL GLACIER merino zokni ide\u00e1lis snowboardoz\u00e1shoz. Meger\u0151s\u00edtett sarok \u00e9s l\u00e1bujjak Optim\u00e1lis szell\u0151z\u00e9st biztos\u00edt Elvezeti a nedvess\u00e9get Melegen tartja a l\u00e1bat A rugalmas cs\u00edkok t\u00f6k\u00e9letes [&hellip;]<\/p>\n","protected":false},"featured_media":7625,"comment_status":"closed","ping_status":"closed","template":"","meta":{"om_disable_all_campaigns":false,"_monsterinsights_skip_tracking":false,"_monsterinsights_sitenote_active":false,"_monsterinsights_sitenote_note":"","_monsterinsights_sitenote_category":0},"product_brand":[],"product_cat":[35,10],"product_tag":[],"class_list":{"0":"post-7645","1":"product","2":"type-product","3":"status-publish","4":"has-post-thumbnail","6":"product_cat-maszk-sapka-zokni","7":"product_cat-ruhazat-es-vedok","9":"first","10":"instock","11":"shipping-taxable","12":"purchasable","13":"product-type-simple"},"aioseo_notices":[],"_links":{"self":[{"href":"https:\/\/snowboardshop.hu\/en\/wp-json\/wp\/v2\/product\/7645","targetHints":{"allow":["GET"]}}],"collection":[{"href":"https:\/\/snowboardshop.hu\/en\/wp-json\/wp\/v2\/product"}],"about":[{"href":"https:\/\/snowboardshop.hu\/en\/wp-json\/wp\/v2\/types\/product"}],"replies":[{"embeddable":true,"href":"https:\/\/snowboardshop.hu\/en\/wp-json\/wp\/v2\/comments?post=7645"}],"version-history":[{"count":1,"href":"https:\/\/snowboardshop.hu\/en\/wp-json\/wp\/v2\/product\/7645\/revisions"}],"predecessor-version":[{"id":7646,"href":"https:\/\/snowboardshop.hu\/en\/wp-json\/wp\/v2\/product\/7645\/revisions\/7646"}],"wp:featuredmedia":[{"embeddable":true,"href":"https:\/\/snowboardshop.hu\/en\/wp-json\/wp\/v2\/media\/7625"}],"wp:attachment":[{"href":"https:\/\/snowboardshop.hu\/en\/wp-json\/wp\/v2\/media?parent=7645"}],"wp:term":[{"taxonomy":"product_brand","embeddable":true,"href":"https:\/\/snowboardshop.hu\/en\/wp-json\/wp\/v2\/product_brand?post=7645"},{"taxonomy":"product_cat","embeddable":true,"href":"https:\/\/snowboardshop.hu\/en\/wp-json\/wp\/v2\/product_cat?post=7645"},{"taxonomy":"product_tag","embeddable":true,"href":"https:\/\/snowboardshop.hu\/en\/wp-json\/wp\/v2\/product_tag?post=7645"}],"curies":[{"name":"wp","href":"https:\/\/api.w.org\/{rel}","templated":true}]}}