{"id":7647,"date":"2023-11-10T16:20:39","date_gmt":"2023-11-10T15:20:39","guid":{"rendered":"https:\/\/snowboardshop.hu\/?post_type=product&#038;p=7647"},"modified":"2023-11-10T16:23:06","modified_gmt":"2023-11-10T15:23:06","slug":"bca-float-32-orange-airbag-lavinazsak-nem-tartalmaz-palackot-palack-65-000-ft","status":"publish","type":"product","link":"https:\/\/snowboardshop.hu\/en\/product\/bca-float-32-orange-airbag-lavinazsak-nem-tartalmaz-palackot-palack-65-000-ft\/","title":{"rendered":"BCA Float 32 Orange Airbag \u2013 avalanche bag (does not include bottle, bottle + HUF 65,000)"},"content":{"rendered":"<h3>BCA Float Orange Airbag \u2013 avalanche bag<\/h3>\n<p>The BCA Float 22 is a super-light, compressed air-powered avalanche bag made by BCA&#039;s American factory.<br \/>\nCurrently the smallest, lightest rechargeable avalanche airbag on the snowboard market.<br \/>\nOf course, it includes a board attachment for backcountry tours, as well as a single-air compartment with a volume of 32 liters. Snowboards, splitboards, and touring skis can also be attached to it, and the inner pockets are detailed for avalanche accessories.<\/p>\n<p>Elastic helmet attachment option on the outside.<br \/>\nBack protector included!<br \/>\nThe price is without the bottle.<\/p>","protected":false},"excerpt":{"rendered":"<p>BCA Float Orange Airbag &#8211; lavinazs\u00e1k A BCA Float 22 egy szuper-k\u00f6nny\u0171, s\u0171r\u00edtett leveg\u0151vel m\u0171k\u00f6d\u0151 lavinazs\u00e1k, amelyet a BCA amerikai gy\u00e1ra k\u00e9sz\u00edt. Jelenleg a [&hellip;]<\/p>\n","protected":false},"featured_media":2464,"comment_status":"closed","ping_status":"closed","template":"","meta":{"om_disable_all_campaigns":false,"_monsterinsights_skip_tracking":false,"_monsterinsights_sitenote_active":false,"_monsterinsights_sitenote_note":"","_monsterinsights_sitenote_category":0},"product_brand":[],"product_cat":[40,39,69,10],"product_tag":[],"class_list":{"0":"post-7647","1":"product","2":"type-product","3":"status-publish","4":"has-post-thumbnail","6":"product_cat-backcountry-felszerelesek-kiegeszitok","7":"product_cat-snowboard-zsakok-hatizsakok","8":"product_cat-kiegeszitok-accessories","9":"product_cat-ruhazat-es-vedok","11":"first","12":"instock","13":"shipping-taxable","14":"purchasable","15":"product-type-simple"},"aioseo_notices":[],"_links":{"self":[{"href":"https:\/\/snowboardshop.hu\/en\/wp-json\/wp\/v2\/product\/7647","targetHints":{"allow":["GET"]}}],"collection":[{"href":"https:\/\/snowboardshop.hu\/en\/wp-json\/wp\/v2\/product"}],"about":[{"href":"https:\/\/snowboardshop.hu\/en\/wp-json\/wp\/v2\/types\/product"}],"replies":[{"embeddable":true,"href":"https:\/\/snowboardshop.hu\/en\/wp-json\/wp\/v2\/comments?post=7647"}],"version-history":[{"count":3,"href":"https:\/\/snowboardshop.hu\/en\/wp-json\/wp\/v2\/product\/7647\/revisions"}],"predecessor-version":[{"id":7650,"href":"https:\/\/snowboardshop.hu\/en\/wp-json\/wp\/v2\/product\/7647\/revisions\/7650"}],"wp:featuredmedia":[{"embeddable":true,"href":"https:\/\/snowboardshop.hu\/en\/wp-json\/wp\/v2\/media\/2464"}],"wp:attachment":[{"href":"https:\/\/snowboardshop.hu\/en\/wp-json\/wp\/v2\/media?parent=7647"}],"wp:term":[{"taxonomy":"product_brand","embeddable":true,"href":"https:\/\/snowboardshop.hu\/en\/wp-json\/wp\/v2\/product_brand?post=7647"},{"taxonomy":"product_cat","embeddable":true,"href":"https:\/\/snowboardshop.hu\/en\/wp-json\/wp\/v2\/product_cat?post=7647"},{"taxonomy":"product_tag","embeddable":true,"href":"https:\/\/snowboardshop.hu\/en\/wp-json\/wp\/v2\/product_tag?post=7647"}],"curies":[{"name":"wp","href":"https:\/\/api.w.org\/{rel}","templated":true}]}}