{"id":8075,"date":"2024-01-24T23:39:31","date_gmt":"2024-01-24T22:39:31","guid":{"rendered":"https:\/\/snowboardshop.hu\/?post_type=product&#038;p=8075"},"modified":"2024-01-24T23:57:43","modified_gmt":"2024-01-24T22:57:43","slug":"dx3-l-otg-black-lumalens-red-ion-lens","status":"publish","type":"product","link":"https:\/\/snowboardshop.hu\/en\/product\/dx3-l-otg-black-lumalens-red-ion-lens\/","title":{"rendered":"DRAGON DX3 L OTG - Black\/Lumalens\u00ae Red Ion Lens"},"content":{"rendered":"<p>We&#039;ve taken the best-selling DX3 OTG snow goggles and resized them for those who need a little more size and peripheral vision. The DX3 L OTG is a simple frame with comfort and quality in mind, with the added benefits of Lumalens color optimization and OTG compatibility.<\/p>\n<p>Color \u2013 Black<br \/>\nLumalens\u00ae color optimized lens<br \/>\nThermally formed cylindrical lens<br \/>\nOTG (Over The Glass) technology<br \/>\nSuper anti-fog coating<br \/>\n100% UV protection<br \/>\nDouble-layer face cloth with hypoallergenic microwool lining<br \/>\nHelmet compatible<br \/>\nLarge fit<\/p>\n<p>Lens - Lumalens Red Ionized (23% VLT for medium\/bright conditions)<\/p>","protected":false},"excerpt":{"rendered":"<p>Fogtuk a legkelend\u0151bb DX3 OTG h\u00f3szem\u00fcveget, \u00e9s \u00e1tm\u00e9retezt\u00fck \u0151ket azok sz\u00e1m\u00e1ra, akiknek egy kicsit nagyobb m\u00e9retre \u00e9s perif\u00e9ri\u00e1s l\u00e1t\u00e1sra van sz\u00fcks\u00e9g\u00fck. A DX3 L [&hellip;]<\/p>\n","protected":false},"featured_media":8054,"comment_status":"closed","ping_status":"closed","template":"","meta":{"om_disable_all_campaigns":false,"_monsterinsights_skip_tracking":false,"_monsterinsights_sitenote_active":false,"_monsterinsights_sitenote_note":"","_monsterinsights_sitenote_category":0},"product_brand":[],"product_cat":[61,10],"product_tag":[],"class_list":{"0":"post-8075","1":"product","2":"type-product","3":"status-publish","4":"has-post-thumbnail","6":"product_cat-snowboard-szemuvegek","7":"product_cat-ruhazat-es-vedok","9":"first","10":"instock","11":"shipping-taxable","12":"purchasable","13":"product-type-simple"},"aioseo_notices":[],"_links":{"self":[{"href":"https:\/\/snowboardshop.hu\/en\/wp-json\/wp\/v2\/product\/8075","targetHints":{"allow":["GET"]}}],"collection":[{"href":"https:\/\/snowboardshop.hu\/en\/wp-json\/wp\/v2\/product"}],"about":[{"href":"https:\/\/snowboardshop.hu\/en\/wp-json\/wp\/v2\/types\/product"}],"replies":[{"embeddable":true,"href":"https:\/\/snowboardshop.hu\/en\/wp-json\/wp\/v2\/comments?post=8075"}],"version-history":[{"count":2,"href":"https:\/\/snowboardshop.hu\/en\/wp-json\/wp\/v2\/product\/8075\/revisions"}],"predecessor-version":[{"id":8077,"href":"https:\/\/snowboardshop.hu\/en\/wp-json\/wp\/v2\/product\/8075\/revisions\/8077"}],"wp:featuredmedia":[{"embeddable":true,"href":"https:\/\/snowboardshop.hu\/en\/wp-json\/wp\/v2\/media\/8054"}],"wp:attachment":[{"href":"https:\/\/snowboardshop.hu\/en\/wp-json\/wp\/v2\/media?parent=8075"}],"wp:term":[{"taxonomy":"product_brand","embeddable":true,"href":"https:\/\/snowboardshop.hu\/en\/wp-json\/wp\/v2\/product_brand?post=8075"},{"taxonomy":"product_cat","embeddable":true,"href":"https:\/\/snowboardshop.hu\/en\/wp-json\/wp\/v2\/product_cat?post=8075"},{"taxonomy":"product_tag","embeddable":true,"href":"https:\/\/snowboardshop.hu\/en\/wp-json\/wp\/v2\/product_tag?post=8075"}],"curies":[{"name":"wp","href":"https:\/\/api.w.org\/{rel}","templated":true}]}}