{"id":8078,"date":"2024-01-24T23:45:41","date_gmt":"2024-01-24T22:45:41","guid":{"rendered":"https:\/\/snowboardshop.hu\/?post_type=product&#038;p=8078"},"modified":"2024-01-24T23:48:43","modified_gmt":"2024-01-24T22:48:43","slug":"dragon-r1-otg-30-years-lumalens-red-ion-lumalens-light-rode-lens","status":"publish","type":"product","link":"https:\/\/snowboardshop.hu\/en\/product\/dragon-r1-otg-30-years-lumalens-red-ion-lumalens-light-rode-lens\/","title":{"rendered":"DRAGON R1 OTG \u2013 30 YEARS\/Lumalens\u00ae Red Ion+ Lumalens\u00ae Light Rose Lens"},"content":{"rendered":"<p>The latest goggle in the mix is the brand new R1 OTG. Inspired by the design of the RVX MAG OTG, the R1 OTG is perfect for those who want a simple yet sophisticated look. As the name suggests, the R1 is OTG compatible and comes with a host of features such as an armored vent, a silicone strap back, and of course, Lumalens color optimization.<\/p>\n<p>Color - 30 years<br \/>\nLumalens\u00ae color optimized lens<br \/>\nPatented frameless technology<br \/>\nThermally formed cylindrical lens<br \/>\nSuper anti-fog coating<br \/>\nArmored ventilation<br \/>\n100% UV protection<br \/>\nThree-layer face protection foam with hypoallergenic microwool lining<br \/>\nBack cover with silicone strap<br \/>\nHelmet compatible<br \/>\nMedium fit<\/p>\n<p>Lens - Lumalens Red Ionized (23% VLT for medium\/bright conditions)<br \/>\nBonus Lens - Lumalens Light Rose (66% VLT for snow\/night conditions)<\/p>","protected":false},"excerpt":{"rendered":"<p>A leg\u00fajabb szem\u00fcveg a mixben a vadonat\u00faj R1 OTG. Az RVX MAG OTG tervez\u00e9s\u00e9b\u0151l inspir\u00e1l\u00f3dva az R1 OTG t\u00f6k\u00e9letes azok sz\u00e1m\u00e1ra, akik egyszer\u0171 \u00e9s [&hellip;]<\/p>\n","protected":false},"featured_media":8061,"comment_status":"closed","ping_status":"closed","template":"","meta":{"om_disable_all_campaigns":false,"_monsterinsights_skip_tracking":false,"_monsterinsights_sitenote_active":false,"_monsterinsights_sitenote_note":"","_monsterinsights_sitenote_category":0},"product_brand":[],"product_cat":[61,10],"product_tag":[],"class_list":{"0":"post-8078","1":"product","2":"type-product","3":"status-publish","4":"has-post-thumbnail","6":"product_cat-snowboard-szemuvegek","7":"product_cat-ruhazat-es-vedok","9":"first","10":"instock","11":"shipping-taxable","12":"purchasable","13":"product-type-simple"},"aioseo_notices":[],"_links":{"self":[{"href":"https:\/\/snowboardshop.hu\/en\/wp-json\/wp\/v2\/product\/8078","targetHints":{"allow":["GET"]}}],"collection":[{"href":"https:\/\/snowboardshop.hu\/en\/wp-json\/wp\/v2\/product"}],"about":[{"href":"https:\/\/snowboardshop.hu\/en\/wp-json\/wp\/v2\/types\/product"}],"replies":[{"embeddable":true,"href":"https:\/\/snowboardshop.hu\/en\/wp-json\/wp\/v2\/comments?post=8078"}],"version-history":[{"count":2,"href":"https:\/\/snowboardshop.hu\/en\/wp-json\/wp\/v2\/product\/8078\/revisions"}],"predecessor-version":[{"id":8080,"href":"https:\/\/snowboardshop.hu\/en\/wp-json\/wp\/v2\/product\/8078\/revisions\/8080"}],"wp:featuredmedia":[{"embeddable":true,"href":"https:\/\/snowboardshop.hu\/en\/wp-json\/wp\/v2\/media\/8061"}],"wp:attachment":[{"href":"https:\/\/snowboardshop.hu\/en\/wp-json\/wp\/v2\/media?parent=8078"}],"wp:term":[{"taxonomy":"product_brand","embeddable":true,"href":"https:\/\/snowboardshop.hu\/en\/wp-json\/wp\/v2\/product_brand?post=8078"},{"taxonomy":"product_cat","embeddable":true,"href":"https:\/\/snowboardshop.hu\/en\/wp-json\/wp\/v2\/product_cat?post=8078"},{"taxonomy":"product_tag","embeddable":true,"href":"https:\/\/snowboardshop.hu\/en\/wp-json\/wp\/v2\/product_tag?post=8078"}],"curies":[{"name":"wp","href":"https:\/\/api.w.org\/{rel}","templated":true}]}}