{"id":8081,"date":"2024-01-24T23:48:59","date_gmt":"2024-01-24T22:48:59","guid":{"rendered":"https:\/\/snowboardshop.hu\/?post_type=product&#038;p=8081"},"modified":"2024-01-24T23:50:49","modified_gmt":"2024-01-24T22:50:49","slug":"dragon-d3-otg-midnights-lumalens-midnights-lens","status":"publish","type":"product","link":"https:\/\/snowboardshop.hu\/en\/product\/dragon-d3-otg-midnights-lumalens-midnights-lens\/","title":{"rendered":"DRAGON D3 OTG - Midnights\/Lumalens\u00ae Midnights Lens"},"content":{"rendered":"<p>The D3 OTG is a full-size frame with an optically correct spherical lens. In addition to a simple, refined design, the D3 OTG features a redesigned internal frame that enables Over-The-Glass compatibility, a more fit-friendly strap attachment, and adjustable hinges for a seamless helmet connection. Premium features like our expanded Lumalens\u00ae optimized technology and super anti-fog coating seal the deal.<\/p>\n<p>Color - Midnight<br \/>\nLumalens\u00ae color optimized lens<br \/>\nCompatible over glass<br \/>\nPremium injection molded spherical lens<br \/>\nSuper anti-fog coating<br \/>\n100% UV protection<br \/>\nThree-layer face protection foam with hypoallergenic microwool lining<br \/>\nHelmet compatible<br \/>\nLarge fit<\/p>\n<p>Lens - Lumalens Midnight (6% VLT for bright\/sunny conditions)<br \/>\nThink of these frames as a bigger dose of the classic D2s. The D1 is updated and larger in size with a larger fit, resulting in an even wider peripheral view through the cylindrical lens. The combination of a high-performance, double-layer, microwool-lined face cloth and Super Anti-Fog coating means comfort and cleanliness, no matter what conditions the mountains throw at you.<\/p>\n<p>Color - Recycled<br \/>\nLumalens\u00ae color optimized lens<br \/>\nOTG (Over The Glass) compatible<br \/>\nThermally formed cylindrical lens<br \/>\nSuper Anti-Fog coating<br \/>\n100% UV protection<br \/>\nThree-layer face protection foam with hypoallergenic microwool lining<br \/>\nHelmet compatible<br \/>\nLarge fit<\/p>\n<p>Lens - Lumalens Dark Smoke (23% VLT for bright\/sunny conditions)<br \/>\nListen to:<\/p>","protected":false},"excerpt":{"rendered":"<p>A D3 OTG egy teljes m\u00e9ret\u0171 v\u00e1z, optikailag korrekt szf\u00e9rikus lencs\u00e9vel. Az egyszer\u0171, kifinomult diz\u00e1jn mellett a D3 OTG \u00fajratervezett bels\u0151 kerettel rendelkezik, amely [&hellip;]<\/p>\n","protected":false},"featured_media":8051,"comment_status":"closed","ping_status":"closed","template":"","meta":{"om_disable_all_campaigns":false,"_monsterinsights_skip_tracking":false,"_monsterinsights_sitenote_active":false,"_monsterinsights_sitenote_note":"","_monsterinsights_sitenote_category":0},"product_brand":[],"product_cat":[61,10],"product_tag":[],"class_list":{"0":"post-8081","1":"product","2":"type-product","3":"status-publish","4":"has-post-thumbnail","6":"product_cat-snowboard-szemuvegek","7":"product_cat-ruhazat-es-vedok","9":"first","10":"instock","11":"shipping-taxable","12":"purchasable","13":"product-type-simple"},"aioseo_notices":[],"_links":{"self":[{"href":"https:\/\/snowboardshop.hu\/en\/wp-json\/wp\/v2\/product\/8081","targetHints":{"allow":["GET"]}}],"collection":[{"href":"https:\/\/snowboardshop.hu\/en\/wp-json\/wp\/v2\/product"}],"about":[{"href":"https:\/\/snowboardshop.hu\/en\/wp-json\/wp\/v2\/types\/product"}],"replies":[{"embeddable":true,"href":"https:\/\/snowboardshop.hu\/en\/wp-json\/wp\/v2\/comments?post=8081"}],"version-history":[{"count":1,"href":"https:\/\/snowboardshop.hu\/en\/wp-json\/wp\/v2\/product\/8081\/revisions"}],"predecessor-version":[{"id":8082,"href":"https:\/\/snowboardshop.hu\/en\/wp-json\/wp\/v2\/product\/8081\/revisions\/8082"}],"wp:featuredmedia":[{"embeddable":true,"href":"https:\/\/snowboardshop.hu\/en\/wp-json\/wp\/v2\/media\/8051"}],"wp:attachment":[{"href":"https:\/\/snowboardshop.hu\/en\/wp-json\/wp\/v2\/media?parent=8081"}],"wp:term":[{"taxonomy":"product_brand","embeddable":true,"href":"https:\/\/snowboardshop.hu\/en\/wp-json\/wp\/v2\/product_brand?post=8081"},{"taxonomy":"product_cat","embeddable":true,"href":"https:\/\/snowboardshop.hu\/en\/wp-json\/wp\/v2\/product_cat?post=8081"},{"taxonomy":"product_tag","embeddable":true,"href":"https:\/\/snowboardshop.hu\/en\/wp-json\/wp\/v2\/product_tag?post=8081"}],"curies":[{"name":"wp","href":"https:\/\/api.w.org\/{rel}","templated":true}]}}