{"id":8083,"date":"2024-01-24T23:52:17","date_gmt":"2024-01-24T22:52:17","guid":{"rendered":"https:\/\/snowboardshop.hu\/?post_type=product&#038;p=8083"},"modified":"2024-01-24T23:55:26","modified_gmt":"2024-01-24T22:55:26","slug":"dragon-d1-otg-icon-blue-lumalens-blue-ion-lens","status":"publish","type":"product","link":"https:\/\/snowboardshop.hu\/en\/product\/dragon-d1-otg-icon-blue-lumalens-blue-ion-lens\/","title":{"rendered":"DRAGON D1 OTG - Icon Blue\/Lumalens\u00ae Blue Ion Lens"},"content":{"rendered":"<p>Think of these frames as a bigger dose of classic D2s. The D1 is updated and larger in size with a larger fit that provides an even wider peripheral view through the cylindrical lens. The combination of a high-performance, double-layer, microfleece-lined face foam and Super Anti-Fog coating means comfort and clarity, no matter what conditions the mountains throw at you.<\/p>\n<p>Color \u2013 Icon Blue<br \/>\nLumalens\u00ae color optimized lens<br \/>\nOTG (Over The Glass) compatible<br \/>\nThermally formed cylindrical lens<br \/>\nSuper Anti-Fog coating<br \/>\n100% UV protection<br \/>\nThree-layer face protection foam with hypoallergenic microwool lining<br \/>\nHelmet compatible<br \/>\nLarge fit<\/p>\n<p>Lens - Lumalens Blue Ionized (23% VLT for bright\/sunny conditions)<\/p>","protected":false},"excerpt":{"rendered":"<p>Gondolj \u00fagy ezekre a keretekre, mint a klasszikus D2-esek nagyobb adagj\u00e1ra. A D1 friss\u00edtett \u00e9s nagyobb m\u00e9ret\u0171, nagyobb illeszked\u00e9s\u0171, ami m\u00e9g sz\u00e9lesebb perif\u00e9ri\u00e1s kil\u00e1t\u00e1st [&hellip;]<\/p>\n","protected":false},"featured_media":8048,"comment_status":"closed","ping_status":"closed","template":"","meta":{"om_disable_all_campaigns":false,"_monsterinsights_skip_tracking":false,"_monsterinsights_sitenote_active":false,"_monsterinsights_sitenote_note":"","_monsterinsights_sitenote_category":0},"product_brand":[],"product_cat":[61,10],"product_tag":[],"class_list":{"0":"post-8083","1":"product","2":"type-product","3":"status-publish","4":"has-post-thumbnail","6":"product_cat-snowboard-szemuvegek","7":"product_cat-ruhazat-es-vedok","9":"first","10":"instock","11":"shipping-taxable","12":"purchasable","13":"product-type-simple"},"aioseo_notices":[],"_links":{"self":[{"href":"https:\/\/snowboardshop.hu\/en\/wp-json\/wp\/v2\/product\/8083","targetHints":{"allow":["GET"]}}],"collection":[{"href":"https:\/\/snowboardshop.hu\/en\/wp-json\/wp\/v2\/product"}],"about":[{"href":"https:\/\/snowboardshop.hu\/en\/wp-json\/wp\/v2\/types\/product"}],"replies":[{"embeddable":true,"href":"https:\/\/snowboardshop.hu\/en\/wp-json\/wp\/v2\/comments?post=8083"}],"version-history":[{"count":1,"href":"https:\/\/snowboardshop.hu\/en\/wp-json\/wp\/v2\/product\/8083\/revisions"}],"predecessor-version":[{"id":8084,"href":"https:\/\/snowboardshop.hu\/en\/wp-json\/wp\/v2\/product\/8083\/revisions\/8084"}],"wp:featuredmedia":[{"embeddable":true,"href":"https:\/\/snowboardshop.hu\/en\/wp-json\/wp\/v2\/media\/8048"}],"wp:attachment":[{"href":"https:\/\/snowboardshop.hu\/en\/wp-json\/wp\/v2\/media?parent=8083"}],"wp:term":[{"taxonomy":"product_brand","embeddable":true,"href":"https:\/\/snowboardshop.hu\/en\/wp-json\/wp\/v2\/product_brand?post=8083"},{"taxonomy":"product_cat","embeddable":true,"href":"https:\/\/snowboardshop.hu\/en\/wp-json\/wp\/v2\/product_cat?post=8083"},{"taxonomy":"product_tag","embeddable":true,"href":"https:\/\/snowboardshop.hu\/en\/wp-json\/wp\/v2\/product_tag?post=8083"}],"curies":[{"name":"wp","href":"https:\/\/api.w.org\/{rel}","templated":true}]}}