{"id":8227,"date":"2024-11-17T14:53:50","date_gmt":"2024-11-17T13:53:50","guid":{"rendered":"https:\/\/snowboardshop.hu\/?post_type=product&#038;p=8227"},"modified":"2024-11-17T15:01:49","modified_gmt":"2024-11-17T14:01:49","slug":"dakine-leather-titan-goretex-mitt-black-snowboard-kesztyu","status":"publish","type":"product","link":"https:\/\/snowboardshop.hu\/en\/product\/dakine-leather-titan-goretex-mitt-black-snowboard-kesztyu\/","title":{"rendered":"Dakine Leather Titan Goretex Mitt Black snowboard gloves"},"content":{"rendered":"<h3><span style=\"font-size: 16px;\">Dakine Titan Goratex gloves<\/span><\/h3>\n<div>\u00a0<\/div>\n<div>The Leather Titan Glove can be used in all conditions. The waterproof-breathable GORE-TEX insert with Gore Warm technology \u2013 an optimized construction system consisting of inner lining, membrane and outer materials \u2013 effectively protects against moisture, while the added high loft insulation provides comfort on deep winter days. Durable leather palms reliably handle buckles and bars, and a small hidden pocket takes care of change or a thermal pack if it&#039;s extra cold. The removable liner gloves extend the comfort range well into any range of cold when inserted. The liner&#039;s touchscreen compatibility means you don&#039;t have to choose between freezing to death and blowing your friends.<\/div>\n<p>Effective water protection is ensured by a 20,000 mm waterproof goretex insert. There are no seams on the fingertips, so it is hard to wear. Premium gloves from the famous American company. There are glasses and a handkerchief on the thumb. Comfortable gloves that fit very well.<\/p>","protected":false},"excerpt":{"rendered":"<p>Dakine Titan Goratex keszty\u0171 \u00a0 A Leather Titan Glove minden k\u00f6r\u00fclm\u00e9nyek k\u00f6z\u00f6tt haszn\u00e1lhat\u00f3. A Gore Warm technol\u00f3gi\u00e1val ell\u00e1tott, v\u00edz\u00e1ll\u00f3-l\u00e9legz\u0151 GORE-TEX bet\u00e9t \u2013 bels\u0151 b\u00e9l\u00e9sb\u0151l, [&hellip;]<\/p>\n","protected":false},"featured_media":8228,"comment_status":"closed","ping_status":"closed","template":"","meta":{"om_disable_all_campaigns":false,"_monsterinsights_skip_tracking":false,"_monsterinsights_sitenote_active":false,"_monsterinsights_sitenote_note":"","_monsterinsights_sitenote_category":0},"product_brand":[],"product_cat":[38,10],"product_tag":[],"class_list":{"0":"post-8227","1":"product","2":"type-product","3":"status-publish","4":"has-post-thumbnail","6":"product_cat-kesztyuk","7":"product_cat-ruhazat-es-vedok","9":"first","10":"instock","11":"shipping-taxable","12":"purchasable","13":"product-type-simple"},"aioseo_notices":[],"_links":{"self":[{"href":"https:\/\/snowboardshop.hu\/en\/wp-json\/wp\/v2\/product\/8227","targetHints":{"allow":["GET"]}}],"collection":[{"href":"https:\/\/snowboardshop.hu\/en\/wp-json\/wp\/v2\/product"}],"about":[{"href":"https:\/\/snowboardshop.hu\/en\/wp-json\/wp\/v2\/types\/product"}],"replies":[{"embeddable":true,"href":"https:\/\/snowboardshop.hu\/en\/wp-json\/wp\/v2\/comments?post=8227"}],"version-history":[{"count":1,"href":"https:\/\/snowboardshop.hu\/en\/wp-json\/wp\/v2\/product\/8227\/revisions"}],"predecessor-version":[{"id":8229,"href":"https:\/\/snowboardshop.hu\/en\/wp-json\/wp\/v2\/product\/8227\/revisions\/8229"}],"wp:featuredmedia":[{"embeddable":true,"href":"https:\/\/snowboardshop.hu\/en\/wp-json\/wp\/v2\/media\/8228"}],"wp:attachment":[{"href":"https:\/\/snowboardshop.hu\/en\/wp-json\/wp\/v2\/media?parent=8227"}],"wp:term":[{"taxonomy":"product_brand","embeddable":true,"href":"https:\/\/snowboardshop.hu\/en\/wp-json\/wp\/v2\/product_brand?post=8227"},{"taxonomy":"product_cat","embeddable":true,"href":"https:\/\/snowboardshop.hu\/en\/wp-json\/wp\/v2\/product_cat?post=8227"},{"taxonomy":"product_tag","embeddable":true,"href":"https:\/\/snowboardshop.hu\/en\/wp-json\/wp\/v2\/product_tag?post=8227"}],"curies":[{"name":"wp","href":"https:\/\/api.w.org\/{rel}","templated":true}]}}