{"id":8235,"date":"2024-11-17T15:09:26","date_gmt":"2024-11-17T14:09:26","guid":{"rendered":"https:\/\/snowboardshop.hu\/?post_type=product&#038;p=8235"},"modified":"2024-11-17T15:10:40","modified_gmt":"2024-11-17T14:10:40","slug":"dakine-leather-sequoia-goretex-snowboard-kesztyu","status":"publish","type":"product","link":"https:\/\/snowboardshop.hu\/en\/product\/dakine-leather-sequoia-goretex-snowboard-kesztyu\/","title":{"rendered":"Dakine Leather Sequoia Goretex snowboard gloves"},"content":{"rendered":"<h3>Dakine Leather Sequoia Goretex glove<\/h3>\n<div>\u00a0<\/div>\n<div>It can be used in all conditions. The waterproof-breathable GORE-TEX insert with Gore Warm technology - an optimized construction system consisting of inner lining, membrane and outer materials - effectively protects against moisture, while the added high attic insulation provides comfort on deep winter days. Durable leather palms reliably handle buckles and bars, and a small hidden pocket takes care of change or a thermal pack if it&#039;s extra cold. Removable liner gloves extend the comfort range well into any range of cold when inserted.. The liner&#039;s touchscreen compatibility means you don&#039;t have to choose between freezing to death and blowing your friends.<\/div>\n<p>Effective water protection is ensured by a 20,000 mm waterproof goretex insert. There are no seams on the fingertips, so it is hard to wear. Premium gloves from the famous American company. There are glasses and a handkerchief on the thumb. Comfortable gloves that fit very well.<\/p>","protected":false},"excerpt":{"rendered":"<p>Dakine Leather Sequoia Goretex glove \u00a0 Minden k\u00f6r\u00fclm\u00e9nyek k\u00f6z\u00f6tt haszn\u00e1lhat\u00f3. A Gore Warm technol\u00f3gi\u00e1val ell\u00e1tott, v\u00edz\u00e1ll\u00f3-l\u00e9legz\u0151 GORE-TEX bet\u00e9t \u2013 bels\u0151 b\u00e9l\u00e9sb\u0151l, membr\u00e1nb\u00f3l \u00e9s k\u00fcls\u0151 [&hellip;]<\/p>\n","protected":false},"featured_media":8236,"comment_status":"closed","ping_status":"closed","template":"","meta":{"om_disable_all_campaigns":false,"_monsterinsights_skip_tracking":false,"_monsterinsights_sitenote_active":false,"_monsterinsights_sitenote_note":"","_monsterinsights_sitenote_category":0},"product_brand":[],"product_cat":[38,10],"product_tag":[],"class_list":{"0":"post-8235","1":"product","2":"type-product","3":"status-publish","4":"has-post-thumbnail","6":"product_cat-kesztyuk","7":"product_cat-ruhazat-es-vedok","9":"first","10":"instock","11":"shipping-taxable","12":"purchasable","13":"product-type-simple"},"aioseo_notices":[],"_links":{"self":[{"href":"https:\/\/snowboardshop.hu\/en\/wp-json\/wp\/v2\/product\/8235","targetHints":{"allow":["GET"]}}],"collection":[{"href":"https:\/\/snowboardshop.hu\/en\/wp-json\/wp\/v2\/product"}],"about":[{"href":"https:\/\/snowboardshop.hu\/en\/wp-json\/wp\/v2\/types\/product"}],"replies":[{"embeddable":true,"href":"https:\/\/snowboardshop.hu\/en\/wp-json\/wp\/v2\/comments?post=8235"}],"version-history":[{"count":1,"href":"https:\/\/snowboardshop.hu\/en\/wp-json\/wp\/v2\/product\/8235\/revisions"}],"predecessor-version":[{"id":8237,"href":"https:\/\/snowboardshop.hu\/en\/wp-json\/wp\/v2\/product\/8235\/revisions\/8237"}],"wp:featuredmedia":[{"embeddable":true,"href":"https:\/\/snowboardshop.hu\/en\/wp-json\/wp\/v2\/media\/8236"}],"wp:attachment":[{"href":"https:\/\/snowboardshop.hu\/en\/wp-json\/wp\/v2\/media?parent=8235"}],"wp:term":[{"taxonomy":"product_brand","embeddable":true,"href":"https:\/\/snowboardshop.hu\/en\/wp-json\/wp\/v2\/product_brand?post=8235"},{"taxonomy":"product_cat","embeddable":true,"href":"https:\/\/snowboardshop.hu\/en\/wp-json\/wp\/v2\/product_cat?post=8235"},{"taxonomy":"product_tag","embeddable":true,"href":"https:\/\/snowboardshop.hu\/en\/wp-json\/wp\/v2\/product_tag?post=8235"}],"curies":[{"name":"wp","href":"https:\/\/api.w.org\/{rel}","templated":true}]}}