{"id":8238,"date":"2024-11-17T15:11:39","date_gmt":"2024-11-17T14:11:39","guid":{"rendered":"https:\/\/snowboardshop.hu\/?post_type=product&#038;p=8238"},"modified":"2024-11-17T15:13:35","modified_gmt":"2024-11-17T14:13:35","slug":"dakine-nova-snowboard-kesztyu","status":"publish","type":"product","link":"https:\/\/snowboardshop.hu\/en\/product\/dakine-nova-snowboard-kesztyu\/","title":{"rendered":"Dakine NOVA snowboard gloves"},"content":{"rendered":"<h3>Dakine NOVA glove\u00a0<\/h3>\n<p>\nThis glove model is one of the Jolly Jokers in their range, an ideal choice for demanding boarders. The glove has the most modern technology, which ensures perfect comfort for winter sports activities. It has a long stem, so I also recommend it for days with virgin snow. Primaloft\u00ae Silver insulation provides excellent thermal insulation and protects your hands from the cold. The Aqua Thermo Tex+ membrane lends the glove a waterproof layer that protects against moisture and snow. The lining is warm but not removable. The extended cuff with drawstring effectively prevents snow from seeping into the sleeve.\u00a0<\/p>\n<ul>\n<li>PrimaLoft\u00ae Silver insulation<\/li>\n<li>Aqua Thermo Tex+ membrane<\/li>\n<li>extended cuff with drawstring<\/li>\n<li>contains recycled materials<\/li>\n<\/ul>\n<p id=\"tw-target-text\" class=\"tw-data-text tw-text-large tw-ta\" dir=\"ltr\" data-placeholder=\"Ford\u00edt\u00e1s\" data-ved=\"2ahUKEwj_wbWZn4CCAxUs_7sIHeO2C4AQ3ewLegQIBhAQ\">\u00a0<\/p>","protected":false},"excerpt":{"rendered":"<p>Dakine NOVA glove\u00a0 Ez a keszty\u0171modell az egyik\u00a0 Jolly Joker a k\u00edn\u00e1latukban, ide\u00e1lis v\u00e1laszt\u00e1s az ig\u00e9nyes deszk\u00e1z\u00f3k sz\u00e1m\u00e1ra. A keszty\u0171 a legmodernebb technol\u00f3gi\u00e1val rendelkezik, [&hellip;]<\/p>\n","protected":false},"featured_media":8239,"comment_status":"closed","ping_status":"closed","template":"","meta":{"om_disable_all_campaigns":false,"_monsterinsights_skip_tracking":false,"_monsterinsights_sitenote_active":false,"_monsterinsights_sitenote_note":"","_monsterinsights_sitenote_category":0},"product_brand":[],"product_cat":[38,10],"product_tag":[],"class_list":{"0":"post-8238","1":"product","2":"type-product","3":"status-publish","4":"has-post-thumbnail","6":"product_cat-kesztyuk","7":"product_cat-ruhazat-es-vedok","9":"first","10":"instock","11":"shipping-taxable","12":"purchasable","13":"product-type-simple"},"aioseo_notices":[],"_links":{"self":[{"href":"https:\/\/snowboardshop.hu\/en\/wp-json\/wp\/v2\/product\/8238","targetHints":{"allow":["GET"]}}],"collection":[{"href":"https:\/\/snowboardshop.hu\/en\/wp-json\/wp\/v2\/product"}],"about":[{"href":"https:\/\/snowboardshop.hu\/en\/wp-json\/wp\/v2\/types\/product"}],"replies":[{"embeddable":true,"href":"https:\/\/snowboardshop.hu\/en\/wp-json\/wp\/v2\/comments?post=8238"}],"version-history":[{"count":1,"href":"https:\/\/snowboardshop.hu\/en\/wp-json\/wp\/v2\/product\/8238\/revisions"}],"predecessor-version":[{"id":8240,"href":"https:\/\/snowboardshop.hu\/en\/wp-json\/wp\/v2\/product\/8238\/revisions\/8240"}],"wp:featuredmedia":[{"embeddable":true,"href":"https:\/\/snowboardshop.hu\/en\/wp-json\/wp\/v2\/media\/8239"}],"wp:attachment":[{"href":"https:\/\/snowboardshop.hu\/en\/wp-json\/wp\/v2\/media?parent=8238"}],"wp:term":[{"taxonomy":"product_brand","embeddable":true,"href":"https:\/\/snowboardshop.hu\/en\/wp-json\/wp\/v2\/product_brand?post=8238"},{"taxonomy":"product_cat","embeddable":true,"href":"https:\/\/snowboardshop.hu\/en\/wp-json\/wp\/v2\/product_cat?post=8238"},{"taxonomy":"product_tag","embeddable":true,"href":"https:\/\/snowboardshop.hu\/en\/wp-json\/wp\/v2\/product_tag?post=8238"}],"curies":[{"name":"wp","href":"https:\/\/api.w.org\/{rel}","templated":true}]}}