{"id":8241,"date":"2024-11-17T15:14:30","date_gmt":"2024-11-17T14:14:30","guid":{"rendered":"https:\/\/snowboardshop.hu\/?post_type=product&#038;p=8241"},"modified":"2024-11-17T15:17:08","modified_gmt":"2024-11-17T14:17:08","slug":"rojo-mitt-snowboard-kesztyu","status":"publish","type":"product","link":"https:\/\/snowboardshop.hu\/en\/product\/rojo-mitt-snowboard-kesztyu\/","title":{"rendered":"Rojo Mitt snowboard gloves"},"content":{"rendered":"<h3>Rojo Mitt\u00a0<\/h3>\n<p>\nThis glove model is one of the Jolly Jokers in their range, unbeatable in terms of price. It has a long stem, so I also recommend it for days with virgin snow. The high water resistance is ensured by the DRY TEC membrane running along the entire glove. The material of the palm is real RUBBERTEC, the upper part is polyester. The lining is warm PRIMALOFT, but it is not removable.\u00a0<\/p>","protected":false},"excerpt":{"rendered":"<p>Rojo Mitt\u00a0 Ez a keszty\u0171modell az egyik\u00a0 Jolly Joker a k\u00edn\u00e1latukban \u00e1r szempontj\u00e1b\u00f3l verhetetlen. Hossz\u00fasz\u00e1r\u00fa, ez\u00e9rt sz\u0171zhavas napokra is javaslom.\u00a0 A nagy v\u00edz\u00e1ll\u00f3s\u00e1gr\u00f3l a [&hellip;]<\/p>\n","protected":false},"featured_media":8242,"comment_status":"closed","ping_status":"closed","template":"","meta":{"om_disable_all_campaigns":false,"_monsterinsights_skip_tracking":false,"_monsterinsights_sitenote_active":false,"_monsterinsights_sitenote_note":"","_monsterinsights_sitenote_category":0},"product_brand":[],"product_cat":[38,10],"product_tag":[],"class_list":{"0":"post-8241","1":"product","2":"type-product","3":"status-publish","4":"has-post-thumbnail","6":"product_cat-kesztyuk","7":"product_cat-ruhazat-es-vedok","9":"first","10":"instock","11":"shipping-taxable","12":"purchasable","13":"product-type-simple"},"aioseo_notices":[],"_links":{"self":[{"href":"https:\/\/snowboardshop.hu\/en\/wp-json\/wp\/v2\/product\/8241","targetHints":{"allow":["GET"]}}],"collection":[{"href":"https:\/\/snowboardshop.hu\/en\/wp-json\/wp\/v2\/product"}],"about":[{"href":"https:\/\/snowboardshop.hu\/en\/wp-json\/wp\/v2\/types\/product"}],"replies":[{"embeddable":true,"href":"https:\/\/snowboardshop.hu\/en\/wp-json\/wp\/v2\/comments?post=8241"}],"version-history":[{"count":1,"href":"https:\/\/snowboardshop.hu\/en\/wp-json\/wp\/v2\/product\/8241\/revisions"}],"predecessor-version":[{"id":8243,"href":"https:\/\/snowboardshop.hu\/en\/wp-json\/wp\/v2\/product\/8241\/revisions\/8243"}],"wp:featuredmedia":[{"embeddable":true,"href":"https:\/\/snowboardshop.hu\/en\/wp-json\/wp\/v2\/media\/8242"}],"wp:attachment":[{"href":"https:\/\/snowboardshop.hu\/en\/wp-json\/wp\/v2\/media?parent=8241"}],"wp:term":[{"taxonomy":"product_brand","embeddable":true,"href":"https:\/\/snowboardshop.hu\/en\/wp-json\/wp\/v2\/product_brand?post=8241"},{"taxonomy":"product_cat","embeddable":true,"href":"https:\/\/snowboardshop.hu\/en\/wp-json\/wp\/v2\/product_cat?post=8241"},{"taxonomy":"product_tag","embeddable":true,"href":"https:\/\/snowboardshop.hu\/en\/wp-json\/wp\/v2\/product_tag?post=8241"}],"curies":[{"name":"wp","href":"https:\/\/api.w.org\/{rel}","templated":true}]}}