{"id":8280,"date":"2024-11-19T09:09:55","date_gmt":"2024-11-19T08:09:55","guid":{"rendered":"https:\/\/snowboardshop.hu\/?post_type=product&#038;p=8280"},"modified":"2024-11-19T09:13:18","modified_gmt":"2024-11-19T08:13:18","slug":"volcom-snowboard-kabat-brighton-full-zip-chestnut","status":"publish","type":"product","link":"https:\/\/snowboardshop.hu\/en\/product\/volcom-snowboard-kabat-brighton-full-zip-chestnut\/","title":{"rendered":"Volcom snowboard jacket Brighton Full Zip Chestnut"},"content":{"rendered":"<div>\n<h1>Volcom Brighton Jacket<\/h1>\n<\/div>\n<div>\u00a0<\/div>\n<div>\u00a0<\/div>\n<div>\u00a0<\/div>\n<div>This is a full zip winter jacket from Volcom - for snowboarders and skiers..<\/div>\n<div>The Brighton is a men&#039;s snowboard jacket with an extra long back for a good closure and more comfort.<\/div>\n<div>\u00a0<\/div>\n<div>The 15K \/ 15K fabric membrane keeps you dry and warm on the slopes.<\/div>\n<div>The stretch fabric ensures a good fit. This jacket has a Zip Tech solution - If you have Volcom pants with this solution, you can simply zip them up and effectively block the entry of snow.<\/div>\n<div>\u00a0<\/div>\n<div>Features:<\/div>\n<div>\u00a0<\/div>\n<div>Drop Tail has a long back<\/div>\n<div>Fully taped seams to prevent outside moisture from entering<\/div>\n<div>\u00a0<\/div>\n<div>Features:<\/div>\n<div>\u2013 Men&#039;s thermally insulated technical snowboard jacket<\/div>\n<div>\u2013 V-Science recycled plain weave with a non-fluorinated DWR layer<\/div>\n<div>\u2013 60\/40g recycled insulation, recycled<\/div>\n<div>- Lined with taffeta<\/div>\n<div>\u2013 Glued seams in critical zones<\/div>\n<div>\u2013 Baggy Fit<\/div>\n<div>\u2013 Zip Tech\u00ae jacket and pants interface (connectable bottom\/top)<\/div>\n<div>\u2013 Concealed hinged hood<\/div>\n<div>\u2013 Super Suede Chin Guard<\/div>\n<div>\u2013 Adjustable powder skirt<\/div>\n<div>\u2013 V-Science cuff system<\/div>\n<div>\u2013 Brushed tricot lined handwarmer pockets<\/div>\n<div>\u2013 Pocket Access Hem Cinch<\/div>\n<div>\u2013 Special Pass holder ring<\/div>\n<div>\u2013 Water resistance\/Breathability: 15000 mm \/ 15000\/m2<\/div>\n<div>\u00a0<\/div>","protected":false},"excerpt":{"rendered":"<p>Volcom Brighton Jacket \u00a0 \u00a0 \u00a0 Ez egy v\u00e9gig cipz\u00e1ros t\u00e9li kab\u00e1t a Volcom-t\u00f3l &#8211; snowboardosoknak \u00e9s s\u00edel\u0151knek.. A Brighton egy f\u00e9rfi snowboard dzseki [&hellip;]<\/p>\n","protected":false},"featured_media":8281,"comment_status":"closed","ping_status":"closed","template":"","meta":{"om_disable_all_campaigns":false,"_monsterinsights_skip_tracking":false,"_monsterinsights_sitenote_active":false,"_monsterinsights_sitenote_note":"","_monsterinsights_sitenote_category":0},"product_brand":[],"product_cat":[33,10],"product_tag":[],"class_list":{"0":"post-8280","1":"product","2":"type-product","3":"status-publish","4":"has-post-thumbnail","6":"product_cat-snowboard-kabatok","7":"product_cat-ruhazat-es-vedok","9":"first","10":"instock","11":"shipping-taxable","12":"purchasable","13":"product-type-simple"},"aioseo_notices":[],"_links":{"self":[{"href":"https:\/\/snowboardshop.hu\/en\/wp-json\/wp\/v2\/product\/8280","targetHints":{"allow":["GET"]}}],"collection":[{"href":"https:\/\/snowboardshop.hu\/en\/wp-json\/wp\/v2\/product"}],"about":[{"href":"https:\/\/snowboardshop.hu\/en\/wp-json\/wp\/v2\/types\/product"}],"replies":[{"embeddable":true,"href":"https:\/\/snowboardshop.hu\/en\/wp-json\/wp\/v2\/comments?post=8280"}],"version-history":[{"count":1,"href":"https:\/\/snowboardshop.hu\/en\/wp-json\/wp\/v2\/product\/8280\/revisions"}],"predecessor-version":[{"id":8282,"href":"https:\/\/snowboardshop.hu\/en\/wp-json\/wp\/v2\/product\/8280\/revisions\/8282"}],"wp:featuredmedia":[{"embeddable":true,"href":"https:\/\/snowboardshop.hu\/en\/wp-json\/wp\/v2\/media\/8281"}],"wp:attachment":[{"href":"https:\/\/snowboardshop.hu\/en\/wp-json\/wp\/v2\/media?parent=8280"}],"wp:term":[{"taxonomy":"product_brand","embeddable":true,"href":"https:\/\/snowboardshop.hu\/en\/wp-json\/wp\/v2\/product_brand?post=8280"},{"taxonomy":"product_cat","embeddable":true,"href":"https:\/\/snowboardshop.hu\/en\/wp-json\/wp\/v2\/product_cat?post=8280"},{"taxonomy":"product_tag","embeddable":true,"href":"https:\/\/snowboardshop.hu\/en\/wp-json\/wp\/v2\/product_tag?post=8280"}],"curies":[{"name":"wp","href":"https:\/\/api.w.org\/{rel}","templated":true}]}}