{"id":8289,"date":"2024-11-19T09:18:53","date_gmt":"2024-11-19T08:18:53","guid":{"rendered":"https:\/\/snowboardshop.hu\/?post_type=product&#038;p=8289"},"modified":"2024-11-19T09:20:11","modified_gmt":"2024-11-19T08:20:11","slug":"volcom-2836-ins-goretex-crimson-snowboard-kabat","status":"publish","type":"product","link":"https:\/\/snowboardshop.hu\/en\/product\/volcom-2836-ins-goretex-crimson-snowboard-kabat\/","title":{"rendered":"Volcom 2836 Ins Goretex Crimson snowboard jacket"},"content":{"rendered":"<div>\n<h1>Volcom 2836 Ins Goretex jacket<\/h1>\n<\/div>\n<div>\u00a0<\/div>\n<div>Available in bold camouflage or elegant monochrome, 2836 custom, versatile, lightly insulated Goretex premium ski and snowboard jackets with all the extras and designs to take you from the streets to the peaks and even to the bar. A detachable hood adds to the versatility of wearability, and Zip-Tech\u00ae lets you zip the jacket over your pants to keep the snow out.<\/div>\n<div>\u00a0<\/div>\n<div>Features:<\/div>\n<div>\u2013 Men&#039;s thermally insulated technical snowboard jacket<\/div>\n<div>\u2013 V-Science 2 layers<\/div>\n<div>\u2013 V-Science recycled plain weave with a non-fluorinated DWR layer<\/div>\n<div>\u2013 60\/40g recycled insulation, recycled<\/div>\n<div>- Lined with taffeta<\/div>\n<div>\u2013 Glued seams in critical zones<\/div>\n<div>\u2013 Baggy Fit<\/div>\n<div>\u2013 Zip Tech\u00ae jacket and pants interface (connectable bottom\/top)<\/div>\n<div>\u2013 Concealed hinged hood<\/div>\n<div>\u2013 Super Suede Chin Guard<\/div>\n<div>\u2013 Adjustable powder skirt<\/div>\n<div>\u2013 V-Science cuff system<\/div>\n<div>\u2013 Brushed tricot lined handwarmer pockets<\/div>\n<div>\u2013 Pocket Access Hem Cinch<\/div>\n<div>\u2013 Special Pass holder ring<\/div>\n<div>\u2013 Water resistance\/Breathability: 20,000 mm \/ 20,000\/m2<\/div>","protected":false},"excerpt":{"rendered":"<p>Volcom 2836 Ins Goretex jacket \u00a0 mer\u00e9sz terepsz\u00edn\u0171 vagy eleg\u00e1ns monokr\u00f3m sz\u00ednben kaphat\u00f3 2836 egy\u00e9ni,sokoldal\u00fa, enyh\u00e9n szigetelt Goretex premium s\u00ed- \u00e9s snowboarddzseki, minden extr\u00e1val [&hellip;]<\/p>\n","protected":false},"featured_media":8290,"comment_status":"closed","ping_status":"closed","template":"","meta":{"om_disable_all_campaigns":false,"_monsterinsights_skip_tracking":false,"_monsterinsights_sitenote_active":false,"_monsterinsights_sitenote_note":"","_monsterinsights_sitenote_category":0},"product_brand":[],"product_cat":[33,10],"product_tag":[],"class_list":{"0":"post-8289","1":"product","2":"type-product","3":"status-publish","4":"has-post-thumbnail","6":"product_cat-snowboard-kabatok","7":"product_cat-ruhazat-es-vedok","9":"first","10":"instock","11":"shipping-taxable","12":"purchasable","13":"product-type-simple"},"aioseo_notices":[],"_links":{"self":[{"href":"https:\/\/snowboardshop.hu\/en\/wp-json\/wp\/v2\/product\/8289","targetHints":{"allow":["GET"]}}],"collection":[{"href":"https:\/\/snowboardshop.hu\/en\/wp-json\/wp\/v2\/product"}],"about":[{"href":"https:\/\/snowboardshop.hu\/en\/wp-json\/wp\/v2\/types\/product"}],"replies":[{"embeddable":true,"href":"https:\/\/snowboardshop.hu\/en\/wp-json\/wp\/v2\/comments?post=8289"}],"version-history":[{"count":1,"href":"https:\/\/snowboardshop.hu\/en\/wp-json\/wp\/v2\/product\/8289\/revisions"}],"predecessor-version":[{"id":8291,"href":"https:\/\/snowboardshop.hu\/en\/wp-json\/wp\/v2\/product\/8289\/revisions\/8291"}],"wp:featuredmedia":[{"embeddable":true,"href":"https:\/\/snowboardshop.hu\/en\/wp-json\/wp\/v2\/media\/8290"}],"wp:attachment":[{"href":"https:\/\/snowboardshop.hu\/en\/wp-json\/wp\/v2\/media?parent=8289"}],"wp:term":[{"taxonomy":"product_brand","embeddable":true,"href":"https:\/\/snowboardshop.hu\/en\/wp-json\/wp\/v2\/product_brand?post=8289"},{"taxonomy":"product_cat","embeddable":true,"href":"https:\/\/snowboardshop.hu\/en\/wp-json\/wp\/v2\/product_cat?post=8289"},{"taxonomy":"product_tag","embeddable":true,"href":"https:\/\/snowboardshop.hu\/en\/wp-json\/wp\/v2\/product_tag?post=8289"}],"curies":[{"name":"wp","href":"https:\/\/api.w.org\/{rel}","templated":true}]}}