{"id":8325,"date":"2024-11-25T16:04:35","date_gmt":"2024-11-25T15:04:35","guid":{"rendered":"https:\/\/snowboardshop.hu\/?post_type=product&#038;p=8325"},"modified":"2024-11-26T09:31:45","modified_gmt":"2024-11-26T08:31:45","slug":"black-diamond-tour-snowboard-kesztyu","status":"publish","type":"product","link":"https:\/\/snowboardshop.hu\/en\/product\/black-diamond-tour-snowboard-kesztyu\/","title":{"rendered":"Black Diamond Tour leather snowboard gloves"},"content":{"rendered":"<h2 class=\"hP\" tabindex=\"-1\" data-thread-perm-id=\"thread-f:1816502932315155763|msg-f:1816502932315155763\" data-legacy-thread-id=\"193583caee19ad33\">Black Diamond Tour snowboard gloves<\/h2>\n<p class=\"yiv6076066778p2\"><span class=\"yiv6076066778s2\">Black Diamond<\/span><span class=\"yiv6076066778s3\">\u00a0&#8211;\u00a0<span class=\"yiv6076066778Apple-converted-space\">\u00a0<\/span>A well-established American brand that is primarily<\/span><span class=\"yiv6076066778s2\">\u00a0mountaineering and skiing equipment<\/span><span class=\"yiv6076066778s3\">\u00a0Black Diamond is a team of enthusiastic, international athletes who draw on their own experiences\u00a0<span class=\"yiv6076066778Apple-converted-space\">\u00a0<\/span>ideas for production. That is why their products are considered among the best.<\/span><\/p>\n<p class=\"yiv6076066778p2\"><span class=\"yiv6076066778s3\">Black Diamond is completely <span class=\"yiv6076066778Apple-converted-space\">\u00a0<\/span>Goatskin gloves made of goatskin are the perfect choice for all skiers and snowboarders.\u00a0<span class=\"yiv6076066778Apple-converted-space\">\u00a0<\/span>Goatskin material developed by nature is becoming increasingly popular among glove manufacturers\u00a0<span class=\"yiv6076066778Apple-converted-space\">\u00a0<\/span>for companies because it is significantly more wear-resistant than polyester materials, which are often thin.\u00a0\u00a0<\/span><\/p>\n<p class=\"yiv6076066778p2\"><span class=\"yiv6076066778s3\">The glove<\/span><span class=\"yiv6076066778s2\">\u00a0made of genuine goatskin<\/span><span class=\"yiv6076066778s3\">\u00a0made, which is also waterproof\u00a0<span class=\"yiv6076066778Apple-converted-space\">\u00a0<\/span>,special\u00a0<\/span><span class=\"yiv6076066778s2\">DWR<\/span><span class=\"yiv6076066778s3\">\u00a0with lubrication.\u00a0<\/span><\/p>\n<p class=\"yiv6076066778p2\"><span class=\"yiv6076066778s3\">The very soft and pleasant-to-the-touch fleece lining keeps you reliably warm during your activities. The elastic cuff ensures that the gloves are easy to put on. The gloves are compatible with HMR wrist guards, and when combined, they provide excellent wrist protection.<\/span><\/p>\n<p class=\"yiv6076066778p3\"><span class=\"yiv6076066778s5\">Main features:<\/span><\/p>\n<ul class=\"yiv6076066778ul1\">\n<li class=\"yiv6076066778li2\"><span class=\"yiv6076066778s3\">made of genuine goatskin<\/span><\/li>\n<li class=\"yiv6076066778li2\"><span class=\"yiv6076066778s3\">DWR water repellent treatment<\/span><\/li>\n<li class=\"yiv6076066778li2\"><span class=\"yiv6076066778s3\">fleece lining<\/span><\/li>\n<li class=\"yiv6076066778li2\"><span class=\"yiv6076066778s3\">elastic cuff<\/span><\/li>\n<\/ul>","protected":false},"excerpt":{"rendered":"<p>Black Diamond Tour snowboard keszty\u0171 Black Diamond\u00a0&#8211;\u00a0\u00a0Patin\u00e1s Amerikai m\u00e1rka, amely els\u0151sorban\u00a0hegym\u00e1sz\u00f3 \u00e9s s\u00edfelszerel\u00e9seket\u00a0gy\u00e1rt.\u00a0A Black Diamond lelkes , nemzetk\u00f6zi sportol\u00f3kb\u00f3l \u00e1ll\u00f3 csapata ,saj\u00e1t tapasztalataikb\u00f3l mer\u00edtenek\u00a0\u00a0\u00f6tleteket [&hellip;]<\/p>\n","protected":false},"featured_media":8327,"comment_status":"closed","ping_status":"closed","template":"","meta":{"om_disable_all_campaigns":false,"_monsterinsights_skip_tracking":false,"_monsterinsights_sitenote_active":false,"_monsterinsights_sitenote_note":"","_monsterinsights_sitenote_category":0},"product_brand":[],"product_cat":[38,10],"product_tag":[],"class_list":{"0":"post-8325","1":"product","2":"type-product","3":"status-publish","4":"has-post-thumbnail","6":"product_cat-kesztyuk","7":"product_cat-ruhazat-es-vedok","9":"first","10":"instock","11":"shipping-taxable","12":"purchasable","13":"product-type-simple"},"aioseo_notices":[],"_links":{"self":[{"href":"https:\/\/snowboardshop.hu\/en\/wp-json\/wp\/v2\/product\/8325","targetHints":{"allow":["GET"]}}],"collection":[{"href":"https:\/\/snowboardshop.hu\/en\/wp-json\/wp\/v2\/product"}],"about":[{"href":"https:\/\/snowboardshop.hu\/en\/wp-json\/wp\/v2\/types\/product"}],"replies":[{"embeddable":true,"href":"https:\/\/snowboardshop.hu\/en\/wp-json\/wp\/v2\/comments?post=8325"}],"version-history":[{"count":4,"href":"https:\/\/snowboardshop.hu\/en\/wp-json\/wp\/v2\/product\/8325\/revisions"}],"predecessor-version":[{"id":8334,"href":"https:\/\/snowboardshop.hu\/en\/wp-json\/wp\/v2\/product\/8325\/revisions\/8334"}],"wp:featuredmedia":[{"embeddable":true,"href":"https:\/\/snowboardshop.hu\/en\/wp-json\/wp\/v2\/media\/8327"}],"wp:attachment":[{"href":"https:\/\/snowboardshop.hu\/en\/wp-json\/wp\/v2\/media?parent=8325"}],"wp:term":[{"taxonomy":"product_brand","embeddable":true,"href":"https:\/\/snowboardshop.hu\/en\/wp-json\/wp\/v2\/product_brand?post=8325"},{"taxonomy":"product_cat","embeddable":true,"href":"https:\/\/snowboardshop.hu\/en\/wp-json\/wp\/v2\/product_cat?post=8325"},{"taxonomy":"product_tag","embeddable":true,"href":"https:\/\/snowboardshop.hu\/en\/wp-json\/wp\/v2\/product_tag?post=8325"}],"curies":[{"name":"wp","href":"https:\/\/api.w.org\/{rel}","templated":true}]}}