{"id":8514,"date":"2024-12-16T19:31:18","date_gmt":"2024-12-16T18:31:18","guid":{"rendered":"https:\/\/snowboardshop.hu\/?post_type=product&#038;p=8514"},"modified":"2025-11-24T19:07:20","modified_gmt":"2025-11-24T18:07:20","slug":"jones-youth-flagship-2025-snowboard","status":"publish","type":"product","link":"https:\/\/snowboardshop.hu\/en\/product\/jones-youth-flagship-2025-snowboard\/","title":{"rendered":"Jones Youth Flagship snowboard"},"content":{"rendered":"<h3>Jones Youth Flagship snowboard<\/h3>\n<p>JONES&#039; most affordable Freeride board, for smaller riders, girls, juniors. <\/p>\n<p>All JONES innovations are included, but at a very affordable price.<br \/>\nAs usual, JONES has CAMBER between the two legs and a rocker zone in front of and behind the legs, giving it exceptional maneuverability and handling. The nose and tail are shaped like a spatial spoon, called Spoon1. The sheet floats very well on the snow and it is difficult to hang the edge, there is little risk of getting stuck. All this is complemented by a progressive side radius for even greater maneuverability.<br \/>\nComplete science, this little board.<\/p>\n<p>Sizes:<\/p>\n<p>127 cm middle width 22.8 cm weight 31-42 kg<\/p>\n<p>132cm middle width 23.2cm weight 34-54 kg<\/p>\n<p>137cm middle width 23.6cm weight 41-63 kg<br \/>\n142 cm middle width 24 cm weight 45-71 kg<br \/>\n147 cm middle width 24.4 cm weight 50-78 kg<\/p>\n<div dir=\"ltr\">Rating on a scale of 10\u00a0\u00a0\u00a0<\/div>\n<div dir=\"ltr\">Freestyle tricks, jib, half pipe: 8<\/div>\n<div dir=\"ltr\">Jumps, landings: 8<\/div>\n<div dir=\"ltr\">Carving on a treated track: 8<\/div>\n<div dir=\"ltr\">Carving on an ice track: 6<\/div>\n<div dir=\"ltr\">Deep snow, backcountry, freeride: 6<\/div>\n<div dir=\"ltr\">Bending, hardness: 4<\/div>","protected":false},"excerpt":{"rendered":"<p>Jones Youth Flagship snowboard JONES legkedvez\u0151bb \u00e1ru Freeride boardja, kisebb ridereknek, l\u00e1nyoknak, junioroknak. Minden JONES \u00faj\u00edt\u00e1st tartalmaz, de nagyon kedvez\u0151 \u00e1ron. \u00cdgy JONES szok\u00e1s [&hellip;]<\/p>\n","protected":false},"featured_media":8515,"comment_status":"closed","ping_status":"closed","template":"","meta":{"om_disable_all_campaigns":false,"_monsterinsights_skip_tracking":false,"_monsterinsights_sitenote_active":false,"_monsterinsights_sitenote_note":"","_monsterinsights_sitenote_category":0},"product_brand":[],"product_cat":[15,51,13,62,7,115],"product_tag":[],"class_list":{"0":"post-8514","1":"product","2":"type-product","3":"status-publish","4":"has-post-thumbnail","6":"product_cat-apo-freestyle-si-freeride-snowboard","7":"product_cat-gyerek-snowboard","8":"product_cat-jones","9":"product_cat-noi-snowboardok","10":"product_cat-snowboard-deszkak","11":"product_cat-best-snowboards","13":"first","14":"instock","15":"sale","16":"shipping-taxable","17":"purchasable","18":"product-type-simple"},"aioseo_notices":[],"_links":{"self":[{"href":"https:\/\/snowboardshop.hu\/en\/wp-json\/wp\/v2\/product\/8514","targetHints":{"allow":["GET"]}}],"collection":[{"href":"https:\/\/snowboardshop.hu\/en\/wp-json\/wp\/v2\/product"}],"about":[{"href":"https:\/\/snowboardshop.hu\/en\/wp-json\/wp\/v2\/types\/product"}],"replies":[{"embeddable":true,"href":"https:\/\/snowboardshop.hu\/en\/wp-json\/wp\/v2\/comments?post=8514"}],"version-history":[{"count":4,"href":"https:\/\/snowboardshop.hu\/en\/wp-json\/wp\/v2\/product\/8514\/revisions"}],"predecessor-version":[{"id":9361,"href":"https:\/\/snowboardshop.hu\/en\/wp-json\/wp\/v2\/product\/8514\/revisions\/9361"}],"wp:featuredmedia":[{"embeddable":true,"href":"https:\/\/snowboardshop.hu\/en\/wp-json\/wp\/v2\/media\/8515"}],"wp:attachment":[{"href":"https:\/\/snowboardshop.hu\/en\/wp-json\/wp\/v2\/media?parent=8514"}],"wp:term":[{"taxonomy":"product_brand","embeddable":true,"href":"https:\/\/snowboardshop.hu\/en\/wp-json\/wp\/v2\/product_brand?post=8514"},{"taxonomy":"product_cat","embeddable":true,"href":"https:\/\/snowboardshop.hu\/en\/wp-json\/wp\/v2\/product_cat?post=8514"},{"taxonomy":"product_tag","embeddable":true,"href":"https:\/\/snowboardshop.hu\/en\/wp-json\/wp\/v2\/product_tag?post=8514"}],"curies":[{"name":"wp","href":"https:\/\/api.w.org\/{rel}","templated":true}]}}