{"id":8928,"date":"2025-01-20T11:16:25","date_gmt":"2025-01-20T10:16:25","guid":{"rendered":"https:\/\/snowboardshop.hu\/?post_type=product&#038;p=8928"},"modified":"2025-01-20T11:19:05","modified_gmt":"2025-01-20T10:19:05","slug":"prosport-junior-csuklovedos-snowboardkesztyu","status":"publish","type":"product","link":"https:\/\/snowboardshop.hu\/en\/product\/prosport-junior-csuklovedos-snowboardkesztyu\/","title":{"rendered":"Prosport Junior Snowboard Gloves with Knuckles"},"content":{"rendered":"<p>\nNo glove-built protector will ever protect you like this wrist guard. The Velcro wraps around itself, so you can adjust it to your hand with complete precision. It fits any snowboard or ski glove, and if they get wet, it will keep your wrist warm even when wet! <br \/>\nThe price is for a pair (left and right handed). \ud83d\ude42<\/p>","protected":false},"excerpt":{"rendered":"<p>Soha, semmilyen keszty\u0171vel \u00e9p\u00edtett protektor nem fog \u00fagy v\u00e9deni, mint ez a csukl\u00f3v\u00e9d\u0151. A t\u00e9p\u0151z\u00e1r\u00e1t \u00f6nmag\u00e1ra tekered, ez\u00e9rt teljes pontoss\u00e1ggal \u00e1ll\u00edthat\u00f3 a k\u00e9zre. B\u00e1rmilyen [&hellip;]<\/p>\n","protected":false},"featured_media":8929,"comment_status":"closed","ping_status":"closed","template":"","meta":{"om_disable_all_campaigns":false,"_monsterinsights_skip_tracking":false,"_monsterinsights_sitenote_active":false,"_monsterinsights_sitenote_note":"","_monsterinsights_sitenote_category":0},"product_brand":[],"product_cat":[78,38,37,10],"product_tag":[],"class_list":{"0":"post-8928","1":"product","2":"type-product","3":"status-publish","4":"has-post-thumbnail","6":"product_cat-ajandekok-gifts","7":"product_cat-kesztyuk","8":"product_cat-vedofelszerelesek","9":"product_cat-ruhazat-es-vedok","11":"first","12":"instock","13":"shipping-taxable","14":"purchasable","15":"product-type-simple"},"aioseo_notices":[],"_links":{"self":[{"href":"https:\/\/snowboardshop.hu\/en\/wp-json\/wp\/v2\/product\/8928","targetHints":{"allow":["GET"]}}],"collection":[{"href":"https:\/\/snowboardshop.hu\/en\/wp-json\/wp\/v2\/product"}],"about":[{"href":"https:\/\/snowboardshop.hu\/en\/wp-json\/wp\/v2\/types\/product"}],"replies":[{"embeddable":true,"href":"https:\/\/snowboardshop.hu\/en\/wp-json\/wp\/v2\/comments?post=8928"}],"version-history":[{"count":1,"href":"https:\/\/snowboardshop.hu\/en\/wp-json\/wp\/v2\/product\/8928\/revisions"}],"predecessor-version":[{"id":8930,"href":"https:\/\/snowboardshop.hu\/en\/wp-json\/wp\/v2\/product\/8928\/revisions\/8930"}],"wp:featuredmedia":[{"embeddable":true,"href":"https:\/\/snowboardshop.hu\/en\/wp-json\/wp\/v2\/media\/8929"}],"wp:attachment":[{"href":"https:\/\/snowboardshop.hu\/en\/wp-json\/wp\/v2\/media?parent=8928"}],"wp:term":[{"taxonomy":"product_brand","embeddable":true,"href":"https:\/\/snowboardshop.hu\/en\/wp-json\/wp\/v2\/product_brand?post=8928"},{"taxonomy":"product_cat","embeddable":true,"href":"https:\/\/snowboardshop.hu\/en\/wp-json\/wp\/v2\/product_cat?post=8928"},{"taxonomy":"product_tag","embeddable":true,"href":"https:\/\/snowboardshop.hu\/en\/wp-json\/wp\/v2\/product_tag?post=8928"}],"curies":[{"name":"wp","href":"https:\/\/api.w.org\/{rel}","templated":true}]}}