{"id":9102,"date":"2025-01-30T23:53:16","date_gmt":"2025-01-30T22:53:16","guid":{"rendered":"https:\/\/snowboardshop.hu\/?post_type=product&#038;p=9102"},"modified":"2025-12-09T19:43:59","modified_gmt":"2025-12-09T18:43:59","slug":"jones-tweaker-pro-snowboard-deszka","status":"publish","type":"product","link":"https:\/\/snowboardshop.hu\/en\/product\/jones-tweaker-pro-snowboard-deszka\/","title":{"rendered":"Jones Tweaker Pro snowboard"},"content":{"rendered":"<h3>Jones Tweaker snowboard<\/h3>\n<p>Freeride-freestyle snowboard<br \/>\nThe real all mountain fun board. Tweaker was created by feedback from the market. This is one of Jones&#039; most snappy, rollable true twin freestyle boards.\u00a0<\/p>\n<p>Turn the big mountain into a giant fun park while freeriding, fly somersaults, 180\/360\/720s, pull methods, grabs and speed along. The sheet turned out to be eye-catching, there was plenty of concept: they produced this sheet with a small radius, they differed from the 9-9.3 m radius usual from Jones. A board with an effective edge that varies depending on terrain conditions (Mellow Magne Traction), Camber\/Rocker geometry, twin bent board. The top is extremely light and strong. It floats to the top of deep snow with the same ease as other Jones models.\u00a0\u00a0<\/p>\n<p>The big difference from the Mountain Twin is the True Camber design, it has a particularly high bridge and supports very high center of gravity lifts.\u00a0<\/p>\n<p>&nbsp;<\/p>\n<p>Extra Wide, super wide sheet, up to 47 feet.<\/p>\n<p>Length: 151, 154, 156, 157W, 159<\/p>\n<table style=\"width: 25.6209%;\">\n<tbody>\n<tr>\n<td style=\"width: 85.3282%;\"><b>Rating on a scale of 10<\/b><\/td>\n<td style=\"width: 11.9691%;\">\u00a0<\/td>\n<\/tr>\n<tr>\n<td style=\"width: 85.3282%;\">Freestyle tricks, jib, half pipe:<\/td>\n<td style=\"width: 11.9691%;\">10<\/td>\n<\/tr>\n<tr>\n<td style=\"width: 85.3282%;\">Jumps, landings:<\/td>\n<td style=\"width: 11.9691%;\">10<\/td>\n<\/tr>\n<tr>\n<td style=\"width: 85.3282%;\">Carving on a treated pitch:<\/td>\n<td style=\"width: 11.9691%;\">8<\/td>\n<\/tr>\n<tr>\n<td style=\"width: 85.3282%;\">Carving on an ice track:<\/td>\n<td style=\"width: 11.9691%;\">7<\/td>\n<\/tr>\n<tr>\n<td style=\"width: 85.3282%;\">Deep snow, backcountry, freeride:<\/td>\n<td style=\"width: 11.9691%;\">8<\/td>\n<\/tr>\n<tr>\n<td style=\"width: 85.3282%;\">Bending, hardness:<\/td>\n<td style=\"width: 11.9691%;\">7<\/td>\n<\/tr>\n<tr>\n<td style=\"width: 85.3282%;\">\u00a0<\/td>\n<td style=\"width: 11.9691%;\">\u00a0<\/td>\n<\/tr>\n<tr>\n<td style=\"width: 85.3282%;\">Length:<\/td>\n<td style=\"width: 11.9691%;\">156<\/td>\n<\/tr>\n<tr>\n<td style=\"width: 85.3282%;\">Edge length:<\/td>\n<td style=\"width: 11.9691%;\">120<\/td>\n<\/tr>\n<tr>\n<td style=\"width: 85.3282%;\">Nose:<\/td>\n<td style=\"width: 11.9691%;\">294<\/td>\n<\/tr>\n<tr>\n<td style=\"width: 85.3282%;\">Middle<\/td>\n<td style=\"width: 11.9691%;\">251<\/td>\n<\/tr>\n<tr>\n<td style=\"width: 85.3282%;\">Well:<\/td>\n<td style=\"width: 11.9691%;\">294<\/td>\n<\/tr>\n<\/tbody>\n<\/table>\n<p>Radius: 7.75 m<\/p>","protected":false},"excerpt":{"rendered":"<p>Jones Tweaker snowboard Freeride-freestyle snowboard Az igazi all mountain fun board. A Tweakert a piac visszajelz\u00e9sei h\u00edvt\u00e1k \u00e9letre. Ez a Jones egyik legpattinthat\u00f3bb, legollizhat\u00f3 [&hellip;]<\/p>\n","protected":false},"featured_media":9074,"comment_status":"closed","ping_status":"closed","template":"","meta":{"om_disable_all_campaigns":false,"_monsterinsights_skip_tracking":false,"_monsterinsights_sitenote_active":false,"_monsterinsights_sitenote_note":"","_monsterinsights_sitenote_category":0},"product_brand":[],"product_cat":[13,7,114],"product_tag":[],"class_list":{"0":"post-9102","1":"product","2":"type-product","3":"status-publish","4":"has-post-thumbnail","6":"product_cat-jones","7":"product_cat-snowboard-deszkak","8":"product_cat-freestyle-snowboard","10":"first","11":"instock","12":"shipping-taxable","13":"purchasable","14":"product-type-simple"},"aioseo_notices":[],"_links":{"self":[{"href":"https:\/\/snowboardshop.hu\/en\/wp-json\/wp\/v2\/product\/9102","targetHints":{"allow":["GET"]}}],"collection":[{"href":"https:\/\/snowboardshop.hu\/en\/wp-json\/wp\/v2\/product"}],"about":[{"href":"https:\/\/snowboardshop.hu\/en\/wp-json\/wp\/v2\/types\/product"}],"replies":[{"embeddable":true,"href":"https:\/\/snowboardshop.hu\/en\/wp-json\/wp\/v2\/comments?post=9102"}],"version-history":[{"count":1,"href":"https:\/\/snowboardshop.hu\/en\/wp-json\/wp\/v2\/product\/9102\/revisions"}],"predecessor-version":[{"id":9103,"href":"https:\/\/snowboardshop.hu\/en\/wp-json\/wp\/v2\/product\/9102\/revisions\/9103"}],"wp:featuredmedia":[{"embeddable":true,"href":"https:\/\/snowboardshop.hu\/en\/wp-json\/wp\/v2\/media\/9074"}],"wp:attachment":[{"href":"https:\/\/snowboardshop.hu\/en\/wp-json\/wp\/v2\/media?parent=9102"}],"wp:term":[{"taxonomy":"product_brand","embeddable":true,"href":"https:\/\/snowboardshop.hu\/en\/wp-json\/wp\/v2\/product_brand?post=9102"},{"taxonomy":"product_cat","embeddable":true,"href":"https:\/\/snowboardshop.hu\/en\/wp-json\/wp\/v2\/product_cat?post=9102"},{"taxonomy":"product_tag","embeddable":true,"href":"https:\/\/snowboardshop.hu\/en\/wp-json\/wp\/v2\/product_tag?post=9102"}],"curies":[{"name":"wp","href":"https:\/\/api.w.org\/{rel}","templated":true}]}}