{"id":915,"date":"2015-10-26T15:16:14","date_gmt":"2015-10-26T14:16:14","guid":{"rendered":"http:\/\/snowboardshop.hu\/?post_type=product&#038;p=915"},"modified":"2023-11-10T16:19:54","modified_gmt":"2023-11-10T15:19:54","slug":"bca-float-airbag","status":"publish","type":"product","link":"https:\/\/snowboardshop.hu\/en\/product\/bca-float-airbag\/","title":{"rendered":"BCA Float 12 Orange Airbag \u2013 avalanche bag (does not include bottle, bottle + HUF 65,000)"},"content":{"rendered":"<h3>BCA Float Orange Airbag \u2013 avalanche bag<\/h3>\n<p>The BCA Float 22 is a super-light, compressed air-powered avalanche bag made by BCA&#039;s American factory.<br \/>Currently the smallest, lightest rechargeable avalanche airbag on the snowboard market.<br \/>Of course, it includes the board attachment for backcountry tours, as well as a single-air, 22-liter cargo area. Snowboards, splitboards, and touring skis can also be attached to it, and the inner pockets are detailed for avalanche accessories.<\/p>\n<p>Elastic helmet attachment option on the outside.<br \/>Back protector included!<br \/>The price is without the bottle.<\/p>","protected":false},"excerpt":{"rendered":"<p>BCA Float Orange Airbag &#8211; lavinazs\u00e1k A BCA Float 22 egy szuper-k\u00f6nny\u0171, s\u0171r\u00edtett leveg\u0151vel m\u0171k\u00f6d\u0151 lavinazs\u00e1k, amelyet a BCA amerikai gy\u00e1ra k\u00e9sz\u00edt.Jelenleg a legkisebb, [&hellip;]<\/p>\n","protected":false},"featured_media":2464,"comment_status":"closed","ping_status":"closed","template":"","meta":{"om_disable_all_campaigns":false,"_monsterinsights_skip_tracking":false,"_monsterinsights_sitenote_active":false,"_monsterinsights_sitenote_note":"","_monsterinsights_sitenote_category":0},"product_brand":[],"product_cat":[40,39,69,10],"product_tag":[],"class_list":{"0":"post-915","1":"product","2":"type-product","3":"status-publish","4":"has-post-thumbnail","6":"product_cat-backcountry-felszerelesek-kiegeszitok","7":"product_cat-snowboard-zsakok-hatizsakok","8":"product_cat-kiegeszitok-accessories","9":"product_cat-ruhazat-es-vedok","11":"first","12":"instock","13":"shipping-taxable","14":"purchasable","15":"product-type-simple"},"aioseo_notices":[],"_links":{"self":[{"href":"https:\/\/snowboardshop.hu\/en\/wp-json\/wp\/v2\/product\/915","targetHints":{"allow":["GET"]}}],"collection":[{"href":"https:\/\/snowboardshop.hu\/en\/wp-json\/wp\/v2\/product"}],"about":[{"href":"https:\/\/snowboardshop.hu\/en\/wp-json\/wp\/v2\/types\/product"}],"replies":[{"embeddable":true,"href":"https:\/\/snowboardshop.hu\/en\/wp-json\/wp\/v2\/comments?post=915"}],"version-history":[{"count":3,"href":"https:\/\/snowboardshop.hu\/en\/wp-json\/wp\/v2\/product\/915\/revisions"}],"predecessor-version":[{"id":6895,"href":"https:\/\/snowboardshop.hu\/en\/wp-json\/wp\/v2\/product\/915\/revisions\/6895"}],"wp:featuredmedia":[{"embeddable":true,"href":"https:\/\/snowboardshop.hu\/en\/wp-json\/wp\/v2\/media\/2464"}],"wp:attachment":[{"href":"https:\/\/snowboardshop.hu\/en\/wp-json\/wp\/v2\/media?parent=915"}],"wp:term":[{"taxonomy":"product_brand","embeddable":true,"href":"https:\/\/snowboardshop.hu\/en\/wp-json\/wp\/v2\/product_brand?post=915"},{"taxonomy":"product_cat","embeddable":true,"href":"https:\/\/snowboardshop.hu\/en\/wp-json\/wp\/v2\/product_cat?post=915"},{"taxonomy":"product_tag","embeddable":true,"href":"https:\/\/snowboardshop.hu\/en\/wp-json\/wp\/v2\/product_tag?post=915"}],"curies":[{"name":"wp","href":"https:\/\/api.w.org\/{rel}","templated":true}]}}