{"id":9319,"date":"2025-11-04T18:37:09","date_gmt":"2025-11-04T17:37:09","guid":{"rendered":"https:\/\/snowboardshop.hu\/?post_type=product&#038;p=9319"},"modified":"2026-02-05T09:01:58","modified_gmt":"2026-02-05T08:01:58","slug":"ride-burnout-155-tesztlap-snowboard-deszka","status":"publish","type":"product","link":"https:\/\/snowboardshop.hu\/en\/product\/ride-burnout-155-tesztlap-snowboard-deszka\/","title":{"rendered":"Ride Burnout 155 (test board) snowboard"},"content":{"rendered":"<p style=\"text-align: justify;\">Burnout is Jake Weich&#039;s pro model.<br \/>\nActually, this board is a landing artist. Twintip model with a windy tread, with the top materials of the machete Gt. Wind sheet can be used up to and including 46\/48 feet. Beautiful painting, spectacular sole, outstandingly spectacular freestyle board. With this sheet, you can start for big jumps and it&#039;s also great on the track. Beautiful board.<\/p>\n<table>\n<tbody>\n<tr>\n<td>Freestyle, Jib:<\/td>\n<td>10<\/td>\n<\/tr>\n<tr>\n<td>Jump landing:<\/td>\n<td>10<\/td>\n<\/tr>\n<tr>\n<td>On a carving course:<\/td>\n<td>8<\/td>\n<\/tr>\n<tr>\n<td>Carving on ice:<\/td>\n<td>6<\/td>\n<\/tr>\n<tr>\n<td>Freeride:<\/td>\n<td>5<\/td>\n<\/tr>\n<tr>\n<td>Bending, hardness:<\/td>\n<td>5<\/td>\n<\/tr>\n<\/tbody>\n<\/table>\n<p>&nbsp;<\/p>","protected":false},"excerpt":{"rendered":"<p>A burnout Jake Weich pr\u00f3 modellje. Tulajdonk\u00e9ppen ez a deszka egy landol\u00f3 m\u0171v\u00e9sz. Twintip modell szeles terpesszel, a machete Gt cs\u00facsanyagaival. Szeles lap 46\/48as [&hellip;]<\/p>\n","protected":false},"featured_media":9320,"comment_status":"closed","ping_status":"closed","template":"","meta":{"om_disable_all_campaigns":false,"_monsterinsights_skip_tracking":false,"_monsterinsights_sitenote_active":false,"_monsterinsights_sitenote_note":"","_monsterinsights_sitenote_category":0},"product_brand":[],"product_cat":[18,58,17,7],"product_tag":[],"class_list":{"0":"post-9319","1":"product","2":"type-product","3":"status-publish","4":"has-post-thumbnail","6":"product_cat-outlet-hasznalt","7":"product_cat-premium-teszt-snowbaordok","8":"product_cat-ride","9":"product_cat-snowboard-deszkak","11":"first","12":"outofstock","13":"sale","14":"shipping-taxable","15":"purchasable","16":"product-type-simple"},"aioseo_notices":[],"_links":{"self":[{"href":"https:\/\/snowboardshop.hu\/en\/wp-json\/wp\/v2\/product\/9319","targetHints":{"allow":["GET"]}}],"collection":[{"href":"https:\/\/snowboardshop.hu\/en\/wp-json\/wp\/v2\/product"}],"about":[{"href":"https:\/\/snowboardshop.hu\/en\/wp-json\/wp\/v2\/types\/product"}],"replies":[{"embeddable":true,"href":"https:\/\/snowboardshop.hu\/en\/wp-json\/wp\/v2\/comments?post=9319"}],"version-history":[{"count":1,"href":"https:\/\/snowboardshop.hu\/en\/wp-json\/wp\/v2\/product\/9319\/revisions"}],"predecessor-version":[{"id":9321,"href":"https:\/\/snowboardshop.hu\/en\/wp-json\/wp\/v2\/product\/9319\/revisions\/9321"}],"wp:featuredmedia":[{"embeddable":true,"href":"https:\/\/snowboardshop.hu\/en\/wp-json\/wp\/v2\/media\/9320"}],"wp:attachment":[{"href":"https:\/\/snowboardshop.hu\/en\/wp-json\/wp\/v2\/media?parent=9319"}],"wp:term":[{"taxonomy":"product_brand","embeddable":true,"href":"https:\/\/snowboardshop.hu\/en\/wp-json\/wp\/v2\/product_brand?post=9319"},{"taxonomy":"product_cat","embeddable":true,"href":"https:\/\/snowboardshop.hu\/en\/wp-json\/wp\/v2\/product_cat?post=9319"},{"taxonomy":"product_tag","embeddable":true,"href":"https:\/\/snowboardshop.hu\/en\/wp-json\/wp\/v2\/product_tag?post=9319"}],"curies":[{"name":"wp","href":"https:\/\/api.w.org\/{rel}","templated":true}]}}