{"id":9342,"date":"2025-11-10T17:20:28","date_gmt":"2025-11-10T16:20:28","guid":{"rendered":"https:\/\/snowboardshop.hu\/?post_type=product&#038;p=9342"},"modified":"2026-01-17T09:25:58","modified_gmt":"2026-01-17T08:25:58","slug":"ride-octave-snowboard-cipo","status":"publish","type":"product","link":"https:\/\/snowboardshop.hu\/en\/product\/ride-octave-snowboard-cipo\/","title":{"rendered":"Ride Octave snowboard boots"},"content":{"rendered":"<div dir=\"ltr\">\n<p>Ride Octave snowboard boots<\/p>\n<p>The Octave is a mid-flex all-mountain boot designed for comfort and performance. The Zonal BOA\u00ae Fit System allows you to tighten the top and bottom of the boot separately. Let\u2019s take a closer look: When you tighten the liner laces, they actually tighten the top of the boot while locking the tongue of the boot to your foot and forcing your heel into the heel pocket. Stop reading and start shopping. We promise you\u2019ll love the Octave.<\/p>\n<table style=\"border-collapse: collapse; width: 100%;\">\n<tbody>\n<tr>\n<td style=\"width: 50%;\">FEELING<\/td>\n<td style=\"width: 50%;\">6\/10<\/td>\n<\/tr>\n<tr>\n<td style=\"width: 50%;\">SPECIALTY<\/td>\n<td style=\"width: 50%;\">All Mountain, Park<\/td>\n<\/tr>\n<tr>\n<td style=\"width: 50%;\">BOOT SOLE<\/td>\n<td style=\"width: 50%;\">Flex Light 2.0, Fusion Rubber, +SLIME midsole<\/td>\n<\/tr>\n<tr>\n<td style=\"width: 50%;\">BOOT INSOLES<\/td>\n<td style=\"width: 50%;\">Impacto Primo<\/td>\n<\/tr>\n<tr>\n<td style=\"width: 50%;\">BOOT INSOLES PATTERN<\/td>\n<td style=\"width: 50%;\">Center Tongue\u2122<\/td>\n<\/tr>\n<tr>\n<td style=\"width: 50%;\">BOOT SHAPE<\/td>\n<td style=\"width: 50%;\">Silver Last<\/td>\n<\/tr>\n<tr>\n<td style=\"width: 50%;\">BOOT STRUCTURE<\/td>\n<td style=\"width: 50%;\">IN2GRATED\u2122, CAT.<\/td>\n<\/tr>\n<tr>\n<td style=\"width: 50%;\">BOOT CONSTRUCTION COMFORT<\/td>\n<td style=\"width: 50%;\">Heat reflective foil<\/td>\n<\/tr>\n<tr>\n<td style=\"width: 50%;\">BOOT INSOLES FITTING<\/td>\n<td style=\"width: 50%;\">Internal J-bars, external J-bars<\/td>\n<\/tr>\n<tr>\n<td style=\"width: 50%;\">BOOT INSOLES INTUITION LAYUP<\/td>\n<td style=\"width: 50%;\">Intuition\u2122 Support Foam Liner<\/td>\n<\/tr>\n<\/tbody>\n<\/table>\n<\/div>","protected":false},"excerpt":{"rendered":"<p>Ride Octave snowboard cip\u0151 Az Octave egy k\u00f6zepesen rugalmas all mountain bakancs, amelyet a k\u00e9nyelem \u00e9s a teljes\u00edtm\u00e9ny jegy\u00e9ben terveztek. A Zonal BOA\u00ae Fit [&hellip;]<\/p>\n","protected":false},"featured_media":9343,"comment_status":"closed","ping_status":"closed","template":"","meta":{"om_disable_all_campaigns":false,"_monsterinsights_skip_tracking":false,"_monsterinsights_sitenote_active":false,"_monsterinsights_sitenote_note":"","_monsterinsights_sitenote_category":0},"product_brand":[],"product_cat":[32,31,9],"product_tag":[],"class_list":{"0":"post-9342","1":"product","2":"type-product","3":"status-publish","4":"has-post-thumbnail","6":"product_cat-akcios-snowboard-bakancs","7":"product_cat-ride-snowboard-cipo-bakancs","8":"product_cat-snowboard-cipok","10":"first","11":"instock","12":"sale","13":"shipping-taxable","14":"purchasable","15":"product-type-simple"},"aioseo_notices":[],"_links":{"self":[{"href":"https:\/\/snowboardshop.hu\/en\/wp-json\/wp\/v2\/product\/9342","targetHints":{"allow":["GET"]}}],"collection":[{"href":"https:\/\/snowboardshop.hu\/en\/wp-json\/wp\/v2\/product"}],"about":[{"href":"https:\/\/snowboardshop.hu\/en\/wp-json\/wp\/v2\/types\/product"}],"replies":[{"embeddable":true,"href":"https:\/\/snowboardshop.hu\/en\/wp-json\/wp\/v2\/comments?post=9342"}],"version-history":[{"count":1,"href":"https:\/\/snowboardshop.hu\/en\/wp-json\/wp\/v2\/product\/9342\/revisions"}],"predecessor-version":[{"id":9344,"href":"https:\/\/snowboardshop.hu\/en\/wp-json\/wp\/v2\/product\/9342\/revisions\/9344"}],"wp:featuredmedia":[{"embeddable":true,"href":"https:\/\/snowboardshop.hu\/en\/wp-json\/wp\/v2\/media\/9343"}],"wp:attachment":[{"href":"https:\/\/snowboardshop.hu\/en\/wp-json\/wp\/v2\/media?parent=9342"}],"wp:term":[{"taxonomy":"product_brand","embeddable":true,"href":"https:\/\/snowboardshop.hu\/en\/wp-json\/wp\/v2\/product_brand?post=9342"},{"taxonomy":"product_cat","embeddable":true,"href":"https:\/\/snowboardshop.hu\/en\/wp-json\/wp\/v2\/product_cat?post=9342"},{"taxonomy":"product_tag","embeddable":true,"href":"https:\/\/snowboardshop.hu\/en\/wp-json\/wp\/v2\/product_tag?post=9342"}],"curies":[{"name":"wp","href":"https:\/\/api.w.org\/{rel}","templated":true}]}}