{"id":9348,"date":"2025-11-10T17:38:51","date_gmt":"2025-11-10T16:38:51","guid":{"rendered":"https:\/\/snowboardshop.hu\/?post_type=product&#038;p=9348"},"modified":"2025-11-10T17:42:09","modified_gmt":"2025-11-10T16:42:09","slug":"ride-magic-stick-2026-noi-teszt-snowboard-deszka","status":"publish","type":"product","link":"https:\/\/snowboardshop.hu\/en\/product\/ride-magic-stick-2026-noi-teszt-snowboard-deszka\/","title":{"rendered":"Ride Magic Stick 2026 women&#039;s snowboard test"},"content":{"rendered":"<h3>Ride Magic Stickt women&#039;s snowboard<\/h3>\n<p>Ride&#039;s women&#039;s freestyle snowboard at a good price. The design is completely unique, the sheet is easy to use, can be attached to anything, soft but strong!<\/p>\n<table>\n<tbody>\n<tr>\n<td>Freestyle, Jib:<\/td>\n<td>8<\/td>\n<\/tr>\n<tr>\n<td>Jumping, landing:<\/td>\n<td>8<\/td>\n<\/tr>\n<tr>\n<td>On a carving course:<\/td>\n<td>6<\/td>\n<\/tr>\n<tr>\n<td>Carving on ice:<\/td>\n<td>5<\/td>\n<\/tr>\n<tr>\n<td>Freeride:<\/td>\n<td>3<\/td>\n<\/tr>\n<tr>\n<td>Bending, hardness:<\/td>\n<td>2<\/td>\n<\/tr>\n<\/tbody>\n<\/table>","protected":false},"excerpt":{"rendered":"<p>Ride Magic Stickt n\u0151i snowboard A ride n\u0151i j\u00e1t\u00e9kos freestyle snowboardja kedvez\u0151 \u00e1rral. A Design teljesen egyedi a lap k\u00f6nnyen kezelhet\u0151 , b\u00e1rmire befoghat\u00f3 [&hellip;]<\/p>\n","protected":false},"featured_media":9349,"comment_status":"closed","ping_status":"closed","template":"","meta":{"om_disable_all_campaigns":false,"_monsterinsights_skip_tracking":false,"_monsterinsights_sitenote_active":false,"_monsterinsights_sitenote_note":"","_monsterinsights_sitenote_category":0},"product_brand":[],"product_cat":[62,18,58,17,7,114],"product_tag":[],"class_list":{"0":"post-9348","1":"product","2":"type-product","3":"status-publish","4":"has-post-thumbnail","6":"product_cat-noi-snowboardok","7":"product_cat-outlet-hasznalt","8":"product_cat-premium-teszt-snowbaordok","9":"product_cat-ride","10":"product_cat-snowboard-deszkak","11":"product_cat-freestyle-snowboard","13":"first","14":"instock","15":"sale","16":"shipping-taxable","17":"purchasable","18":"product-type-simple"},"aioseo_notices":[],"_links":{"self":[{"href":"https:\/\/snowboardshop.hu\/en\/wp-json\/wp\/v2\/product\/9348","targetHints":{"allow":["GET"]}}],"collection":[{"href":"https:\/\/snowboardshop.hu\/en\/wp-json\/wp\/v2\/product"}],"about":[{"href":"https:\/\/snowboardshop.hu\/en\/wp-json\/wp\/v2\/types\/product"}],"replies":[{"embeddable":true,"href":"https:\/\/snowboardshop.hu\/en\/wp-json\/wp\/v2\/comments?post=9348"}],"version-history":[{"count":1,"href":"https:\/\/snowboardshop.hu\/en\/wp-json\/wp\/v2\/product\/9348\/revisions"}],"predecessor-version":[{"id":9350,"href":"https:\/\/snowboardshop.hu\/en\/wp-json\/wp\/v2\/product\/9348\/revisions\/9350"}],"wp:featuredmedia":[{"embeddable":true,"href":"https:\/\/snowboardshop.hu\/en\/wp-json\/wp\/v2\/media\/9349"}],"wp:attachment":[{"href":"https:\/\/snowboardshop.hu\/en\/wp-json\/wp\/v2\/media?parent=9348"}],"wp:term":[{"taxonomy":"product_brand","embeddable":true,"href":"https:\/\/snowboardshop.hu\/en\/wp-json\/wp\/v2\/product_brand?post=9348"},{"taxonomy":"product_cat","embeddable":true,"href":"https:\/\/snowboardshop.hu\/en\/wp-json\/wp\/v2\/product_cat?post=9348"},{"taxonomy":"product_tag","embeddable":true,"href":"https:\/\/snowboardshop.hu\/en\/wp-json\/wp\/v2\/product_tag?post=9348"}],"curies":[{"name":"wp","href":"https:\/\/api.w.org\/{rel}","templated":true}]}}