{"id":9351,"date":"2025-11-10T17:42:52","date_gmt":"2025-11-10T16:42:52","guid":{"rendered":"https:\/\/snowboardshop.hu\/?post_type=product&#038;p=9351"},"modified":"2025-11-10T17:44:43","modified_gmt":"2025-11-10T16:44:43","slug":"ride-saturday-2026-noi-teszt-snowboard-deszka","status":"publish","type":"product","link":"https:\/\/snowboardshop.hu\/en\/product\/ride-saturday-2026-noi-teszt-snowboard-deszka\/","title":{"rendered":"Ride Saturday 2026 women&#039;s test snowboard"},"content":{"rendered":"<h3>Ride Saturday snowboarding\u00a0<\/h3>\n<p>In my opinion, the ride company&#039;s most popular women&#039;s magazine. All mountain model is suitable everywhere.<br \/>\nThe large rocker zone at the nose slides over any obstacle. The board turns very easily and freerides well. And beautiful beautiful!<\/p>\n<p>RESULTS OF SNOWBORD TESTS:<br \/>\n<a href=\"http:\/\/BACKCOUNTRY.COM\" target=\"_blank\" rel=\"noreferrer noopener\">BACKCOUNTRY.COM<\/a> TOP 50<\/p>\n<table>\n<tbody>\n<tr>\n<td>Freestyle, JiB<\/td>\n<td>3<\/td>\n<\/tr>\n<tr>\n<td>Jumping, landing<\/td>\n<td>5<\/td>\n<\/tr>\n<tr>\n<td>Carving course<\/td>\n<td>9<\/td>\n<\/tr>\n<tr>\n<td>Carving on ice<\/td>\n<td>7<\/td>\n<\/tr>\n<tr>\n<td>Freeride<\/td>\n<td>9<\/td>\n<\/tr>\n<tr>\n<td>Bending, hardness<\/td>\n<td>3<\/td>\n<\/tr>\n<\/tbody>\n<\/table>","protected":false},"excerpt":{"rendered":"<p>Ride Saturday snowboard\u00a0 A ride c\u00e9g szerintem legjobban eltal\u00e1lt n\u0151i lapja. All mountain modell mindenhova alkalmas. A nagy rocker z\u00f3na az orr\u00e1n\u00e1l felcs\u00faszik minden [&hellip;]<\/p>\n","protected":false},"featured_media":9352,"comment_status":"closed","ping_status":"closed","template":"","meta":{"om_disable_all_campaigns":false,"_monsterinsights_skip_tracking":false,"_monsterinsights_sitenote_active":false,"_monsterinsights_sitenote_note":"","_monsterinsights_sitenote_category":0},"product_brand":[],"product_cat":[62,18,17,7,114],"product_tag":[],"class_list":{"0":"post-9351","1":"product","2":"type-product","3":"status-publish","4":"has-post-thumbnail","6":"product_cat-noi-snowboardok","7":"product_cat-outlet-hasznalt","8":"product_cat-ride","9":"product_cat-snowboard-deszkak","10":"product_cat-freestyle-snowboard","12":"first","13":"instock","14":"sale","15":"shipping-taxable","16":"purchasable","17":"product-type-simple"},"aioseo_notices":[],"_links":{"self":[{"href":"https:\/\/snowboardshop.hu\/en\/wp-json\/wp\/v2\/product\/9351","targetHints":{"allow":["GET"]}}],"collection":[{"href":"https:\/\/snowboardshop.hu\/en\/wp-json\/wp\/v2\/product"}],"about":[{"href":"https:\/\/snowboardshop.hu\/en\/wp-json\/wp\/v2\/types\/product"}],"replies":[{"embeddable":true,"href":"https:\/\/snowboardshop.hu\/en\/wp-json\/wp\/v2\/comments?post=9351"}],"version-history":[{"count":1,"href":"https:\/\/snowboardshop.hu\/en\/wp-json\/wp\/v2\/product\/9351\/revisions"}],"predecessor-version":[{"id":9353,"href":"https:\/\/snowboardshop.hu\/en\/wp-json\/wp\/v2\/product\/9351\/revisions\/9353"}],"wp:featuredmedia":[{"embeddable":true,"href":"https:\/\/snowboardshop.hu\/en\/wp-json\/wp\/v2\/media\/9352"}],"wp:attachment":[{"href":"https:\/\/snowboardshop.hu\/en\/wp-json\/wp\/v2\/media?parent=9351"}],"wp:term":[{"taxonomy":"product_brand","embeddable":true,"href":"https:\/\/snowboardshop.hu\/en\/wp-json\/wp\/v2\/product_brand?post=9351"},{"taxonomy":"product_cat","embeddable":true,"href":"https:\/\/snowboardshop.hu\/en\/wp-json\/wp\/v2\/product_cat?post=9351"},{"taxonomy":"product_tag","embeddable":true,"href":"https:\/\/snowboardshop.hu\/en\/wp-json\/wp\/v2\/product_tag?post=9351"}],"curies":[{"name":"wp","href":"https:\/\/api.w.org\/{rel}","templated":true}]}}