{"id":9354,"date":"2025-11-10T17:45:33","date_gmt":"2025-11-10T16:45:33","guid":{"rendered":"https:\/\/snowboardshop.hu\/?post_type=product&#038;p=9354"},"modified":"2025-11-10T17:48:15","modified_gmt":"2025-11-10T16:48:15","slug":"ride-compact-2026-noi-snowboard-deszka","status":"publish","type":"product","link":"https:\/\/snowboardshop.hu\/en\/product\/ride-compact-2026-noi-snowboard-deszka\/","title":{"rendered":"Ride Compact 2026 women&#039;s snowboard"},"content":{"rendered":"<p>Ride&#039;s women&#039;s monk, freestyling, player board at a good price. The design of the page is completely unique<br \/>\nEasy to handle, can be attached to anything, soft but strong!<\/p>\n<table>\n<tbody>\n<tr>\n<td>Freestyle, Jib:<\/td>\n<td>8<\/td>\n<\/tr>\n<tr>\n<td>Jumping, landing:<\/td>\n<td>8<\/td>\n<\/tr>\n<tr>\n<td>On a carving course:<\/td>\n<td>6<\/td>\n<\/tr>\n<tr>\n<td>Carving on ice:<\/td>\n<td>5<\/td>\n<\/tr>\n<tr>\n<td>Freeride:<\/td>\n<td>3<\/td>\n<\/tr>\n<tr>\n<td>Bending, hardness:<\/td>\n<td>2<\/td>\n<\/tr>\n<\/tbody>\n<\/table>","protected":false},"excerpt":{"rendered":"<p>A ride n\u0151i szerzetes, freestylos, j\u00e1t\u00e9kos boardja kedvez\u0151 \u00e1rral. A Design teljesen egyedi a lap K\u00f6nnyen kezelhet\u0151 , b\u00e1rmire befoghat\u00f3 , puha, de er\u0151s! [&hellip;]<\/p>\n","protected":false},"featured_media":9356,"comment_status":"closed","ping_status":"closed","template":"","meta":{"om_disable_all_campaigns":false,"_monsterinsights_skip_tracking":false,"_monsterinsights_sitenote_active":false,"_monsterinsights_sitenote_note":"","_monsterinsights_sitenote_category":0},"product_brand":[],"product_cat":[62,17,7],"product_tag":[],"class_list":{"0":"post-9354","1":"product","2":"type-product","3":"status-publish","4":"has-post-thumbnail","6":"product_cat-noi-snowboardok","7":"product_cat-ride","8":"product_cat-snowboard-deszkak","10":"first","11":"instock","12":"sale","13":"shipping-taxable","14":"purchasable","15":"product-type-simple"},"aioseo_notices":[],"_links":{"self":[{"href":"https:\/\/snowboardshop.hu\/en\/wp-json\/wp\/v2\/product\/9354","targetHints":{"allow":["GET"]}}],"collection":[{"href":"https:\/\/snowboardshop.hu\/en\/wp-json\/wp\/v2\/product"}],"about":[{"href":"https:\/\/snowboardshop.hu\/en\/wp-json\/wp\/v2\/types\/product"}],"replies":[{"embeddable":true,"href":"https:\/\/snowboardshop.hu\/en\/wp-json\/wp\/v2\/comments?post=9354"}],"version-history":[{"count":1,"href":"https:\/\/snowboardshop.hu\/en\/wp-json\/wp\/v2\/product\/9354\/revisions"}],"predecessor-version":[{"id":9355,"href":"https:\/\/snowboardshop.hu\/en\/wp-json\/wp\/v2\/product\/9354\/revisions\/9355"}],"wp:featuredmedia":[{"embeddable":true,"href":"https:\/\/snowboardshop.hu\/en\/wp-json\/wp\/v2\/media\/9356"}],"wp:attachment":[{"href":"https:\/\/snowboardshop.hu\/en\/wp-json\/wp\/v2\/media?parent=9354"}],"wp:term":[{"taxonomy":"product_brand","embeddable":true,"href":"https:\/\/snowboardshop.hu\/en\/wp-json\/wp\/v2\/product_brand?post=9354"},{"taxonomy":"product_cat","embeddable":true,"href":"https:\/\/snowboardshop.hu\/en\/wp-json\/wp\/v2\/product_cat?post=9354"},{"taxonomy":"product_tag","embeddable":true,"href":"https:\/\/snowboardshop.hu\/en\/wp-json\/wp\/v2\/product_tag?post=9354"}],"curies":[{"name":"wp","href":"https:\/\/api.w.org\/{rel}","templated":true}]}}