{"id":9681,"date":"2025-12-17T17:47:11","date_gmt":"2025-12-17T16:47:11","guid":{"rendered":"https:\/\/snowboardshop.hu\/?post_type=product&#038;p=9681"},"modified":"2025-12-17T17:47:52","modified_gmt":"2025-12-17T16:47:52","slug":"rehall-denali-cathay-spice-snowboard-kabat","status":"publish","type":"product","link":"https:\/\/snowboardshop.hu\/en\/product\/rehall-denali-cathay-spice-snowboard-kabat\/","title":{"rendered":"Rehall Denali Cathay Spice snowboard jacket"},"content":{"rendered":"<p>Rehall dzsekik<\/p>\n<p>A Rehall s\u00ed \u00e9s snowboard kab\u00e0tjaiban, az a nagyon vonz\u00f3, hogy csak a kiemelked\u0151 20000mmes.vizhatlans\u00e0got \u00e9s az elkepeszt\u0151en magas 20000gr\/m2 es l\u00e9legz\u0151k\u00e9pess\u00e9get haszn\u00e0lj\u00e0k kab\u00e0tjaikban \u00e8s nadr\u00e0gjaikban. Mindezt olyan \u00e0ron, hogy a konkurrens t\u00e8li s\u00ed \u00e9s snowboard c\u00e8gek, csak fele ekkora param\u00e8tereket produk\u00e0lnak ugyanezen az \u00e0rszinvonalon. Ez nagy dolog.<\/p>\n<p>JELLEMZ\u0150K<\/p>\n<p>V\u00edz\u00e1ll\u00f3s\u00e1g: 20 000 mm<\/p>\n<p>L\u00e9g\u00e1tereszt\u0151 k\u00e9pess\u00e9g: 20 000 g\/m\u00b2\/24h<\/p>\n<p>Teljesen ragasztott varratok<\/p>\n<p>\u00c1ll\u00edthat\u00f3 kapucni<\/p>\n<p>Szell\u0151z\u0151 cipz\u00e1rak a jobb l\u00e9g\u00e1raml\u00e1s\u00e9rt<\/p>\n<p>H\u00fcvelykujjhurkok a nagyobb k\u00e9nyelem\u00e9rt<\/p>\n<p>H\u00f3v\u00e9d\u0151 a h\u00f3 bejut\u00e1s\u00e1nak megakad\u00e1lyoz\u00e1s\u00e1\u00e9rt<\/p>\n<p>K\u00f6nnyen hozz\u00e1f\u00e9rhet\u0151 s\u00edb\u00e9rlet-zseb<\/p>\n<p>100% \u00fajrahasznos\u00edtott poli\u00e9szterb\u0151l k\u00e9sz\u00fclt<\/p>\n<p>ST\u00cdLUSOS \u00c9S FUNKCI\u00d3S<\/p>\n<p>A Rehall f\u00e9rfi h\u00f3dzseki t\u00f6bb mint egy dzseki; ez egy st\u00edlusnyilatkozat. 100% \u00fajrahasznos\u00edtott poli\u00e9szterb\u0151l k\u00e9sz\u00fclt, ez a dzseki \u00f6tv\u00f6zi a fenntarthat\u00f3s\u00e1got \u00e9s a k\u00f6rnyezetbar\u00e1ts\u00e1got. V\u00edz\u00e1ll\u00f3 \u00e9s l\u00e9legz\u0151 tulajdons\u00e1gai sz\u00e1razon \u00e9s k\u00e9nyelmesen tartanak, m\u00e9g a legnehezebb id\u0151j\u00e1r\u00e1si k\u00f6r\u00fclm\u00e9nyek k\u00f6z\u00f6tt is. A teljesen ragasztott varratok \u00e9s a v\u00edz\u00e1ll\u00f3 cipz\u00e1rak extra v\u00e9delmet ny\u00fajtanak a nedvess\u00e9g ellen, m\u00edg a szell\u0151z\u0151 cipz\u00e1rak biztos\u00edtj\u00e1k a sz\u00fcks\u00e9ges l\u00e9g\u00e1raml\u00e1st, amikor melegebb lesz.<\/p>\n<p>Az \u00e1ll\u00edthat\u00f3 kapucni \u00e9s h\u00f3szoknya miatt ez a kab\u00e1t ide\u00e1lis minden id\u0151j\u00e1r\u00e1si k\u00f6r\u00fclm\u00e9nyhez. Ak\u00e1r havazik, ak\u00e1r sz\u00e9l f\u00faj, mindig v\u00e9dve vagy. A praktikus h\u00fcvelykujjhurkok \u00e9s a s\u00edb\u00e9rletzseb megk\u00f6nny\u00edtik az \u00e9letet a s\u00edp\u00e1ly\u00e1n. \u00c9s valljuk be, a letisztult kialak\u00edt\u00e1s\u00e1nak \u00e9s modern megjelen\u00e9s\u00e9nek k\u00f6sz\u00f6nhet\u0151en biztosan kiemelkedsz a t\u00f6megb\u0151l.<\/p>\n<p>A Rehall TRUCK-R f\u00e9rfi h\u00f3dzseki a t\u00f6k\u00e9letes t\u00e1rs a kalandos t\u00e9li sportokhoz. Ez a dzseki kifejezetten azoknak az akt\u00edv t\u00e9li sportok kedvel\u0151inek k\u00e9sz\u00fclt, akik nem akarnak kompromisszumot k\u00f6tni a st\u00edlus \u00e9s a funkcionalit\u00e1s k\u00f6z\u00f6tt. Ak\u00e1r s\u00edelsz, ak\u00e1r snowboardozol, ez a dzseki megadja a sz\u00fcks\u00e9ges v\u00e9delmet az id\u0151j\u00e1r\u00e1s viszontags\u00e1gai ellen. Modern kialak\u00edt\u00e1s\u00e1nak \u00e9s technikai jellemz\u0151inek k\u00f6sz\u00f6nhet\u0151en nemcsak j\u00f3l v\u00e9d, de j\u00f3l\u00a0\u00a0is n\u00e9zel ki benne.<\/p>\n<p>JELLEMZ\u0150K<\/p>\n<p>V\u00edz\u00e1ll\u00f3s\u00e1g: 20 000 mm<\/p>\n<p>L\u00e9g\u00e1tereszt\u0151 k\u00e9pess\u00e9g: 20 000 g\/m\u00b2\/24h<\/p>\n<p>Teljesen ragasztott varratok<\/p>\n<p>\u00c1ll\u00edthat\u00f3 kapucni<\/p>\n<p>Szell\u0151z\u0151 cipz\u00e1rak a jobb l\u00e9g\u00e1raml\u00e1s\u00e9rt<\/p>\n<p>H\u00fcvelykujjhurkok a k\u00e9nyelem\u00e9rt<\/p>\n<p>H\u00f3v\u00e9d\u0151 a h\u00f3 bejut\u00e1s\u00e1nak megakad\u00e1lyoz\u00e1s\u00e1\u00e9rt<\/p>\n<p>K\u00f6nnyen hozz\u00e1f\u00e9rhet\u0151 s\u00edb\u00e9rletzseb<\/p>\n<p>100% \u00fajrahasznos\u00edtott poli\u00e9szterb\u0151l k\u00e9sz\u00fclt<\/p>","protected":false},"excerpt":{"rendered":"<p>Rehall dzsekik A Rehall s\u00ed \u00e9s snowboard kab\u00e0tjaiban, az a nagyon vonz\u00f3, hogy csak a kiemelked\u0151 20000mmes.vizhatlans\u00e0got \u00e9s az elkepeszt\u0151en magas 20000gr\/m2 es l\u00e9legz\u0151k\u00e9pess\u00e9get [&hellip;]<\/p>\n","protected":false},"featured_media":9670,"comment_status":"closed","ping_status":"closed","template":"","meta":{"om_disable_all_campaigns":false,"_monsterinsights_skip_tracking":false,"_monsterinsights_sitenote_active":false,"_monsterinsights_sitenote_note":"","_monsterinsights_sitenote_category":0},"product_brand":[],"product_cat":[33,10],"product_tag":[],"class_list":{"0":"post-9681","1":"product","2":"type-product","3":"status-publish","4":"has-post-thumbnail","6":"product_cat-snowboard-kabatok","7":"product_cat-ruhazat-es-vedok","9":"first","10":"instock","11":"shipping-taxable","12":"purchasable","13":"product-type-simple"},"aioseo_notices":[],"_links":{"self":[{"href":"https:\/\/snowboardshop.hu\/en\/wp-json\/wp\/v2\/product\/9681","targetHints":{"allow":["GET"]}}],"collection":[{"href":"https:\/\/snowboardshop.hu\/en\/wp-json\/wp\/v2\/product"}],"about":[{"href":"https:\/\/snowboardshop.hu\/en\/wp-json\/wp\/v2\/types\/product"}],"replies":[{"embeddable":true,"href":"https:\/\/snowboardshop.hu\/en\/wp-json\/wp\/v2\/comments?post=9681"}],"version-history":[{"count":1,"href":"https:\/\/snowboardshop.hu\/en\/wp-json\/wp\/v2\/product\/9681\/revisions"}],"predecessor-version":[{"id":9682,"href":"https:\/\/snowboardshop.hu\/en\/wp-json\/wp\/v2\/product\/9681\/revisions\/9682"}],"wp:featuredmedia":[{"embeddable":true,"href":"https:\/\/snowboardshop.hu\/en\/wp-json\/wp\/v2\/media\/9670"}],"wp:attachment":[{"href":"https:\/\/snowboardshop.hu\/en\/wp-json\/wp\/v2\/media?parent=9681"}],"wp:term":[{"taxonomy":"product_brand","embeddable":true,"href":"https:\/\/snowboardshop.hu\/en\/wp-json\/wp\/v2\/product_brand?post=9681"},{"taxonomy":"product_cat","embeddable":true,"href":"https:\/\/snowboardshop.hu\/en\/wp-json\/wp\/v2\/product_cat?post=9681"},{"taxonomy":"product_tag","embeddable":true,"href":"https:\/\/snowboardshop.hu\/en\/wp-json\/wp\/v2\/product_tag?post=9681"}],"curies":[{"name":"wp","href":"https:\/\/api.w.org\/{rel}","templated":true}]}}