{"id":9694,"date":"2025-12-18T19:33:05","date_gmt":"2025-12-18T18:33:05","guid":{"rendered":"https:\/\/snowboardshop.hu\/?post_type=product&#038;p=9694"},"modified":"2025-12-18T19:33:55","modified_gmt":"2025-12-18T18:33:55","slug":"rehall-scoob-black-snowboard-nadrag","status":"publish","type":"product","link":"https:\/\/snowboardshop.hu\/en\/product\/rehall-scoob-black-snowboard-nadrag\/","title":{"rendered":"Rehall Scoob Black snowboard pants"},"content":{"rendered":"<h3>Rehall snowboard nadr\u00e1gok<\/h3>\n<p>A Rehall s\u00ed \u00e9s snowboard nadr\u00e1gjaiban , az a nagyon vonz\u00f3, hogy csak a kiemelked\u0151 20000mmes.vizhatlans\u00e0got \u00e9s az elkepeszt\u0151en magas 20000gr\/m2 es l\u00e9legz\u0151k\u00e9pess\u00e9get haszn\u00e0lj\u00e0k nadr\u00e0gjaikban. Mindezt olyan \u00e0ron, hogy a konkurrens t\u00e8li s\u00ed \u00e9s snowboard c\u00e8gek, csak fele ekkora param\u00e8tereket produk\u00e0lnak ugyanezen az \u00e0rszinvonalon.\u00a0<\/p>\n<p>Ez nagy dolog.<\/p>\n<p>K\u00e9sz\u00fclj fel egy felejthetetlen kalandra a s\u00edp\u00e1ly\u00e1kon a Rehall f\u00e9rfi s\u00ed \u00e8s snowboard nadr\u00e1gj\u00e1ban. Ez a t\u00e9li sportnadr\u00e1g kifejezetten azoknak az akt\u00edv s\u00edel\u0151knek \u00e9s snowboardosoknak k\u00e9sz\u00fclt, akik nem akarnak kompromisszumot k\u00f6tni a st\u00edlus, a k\u00e9nyelem vagy a teljes\u00edtm\u00e9ny ter\u00e9n. Ak\u00e1r friss h\u00f3ba mer\u00fclsz, ak\u00e1r meredek lejt\u0151ket h\u00f3d\u00edtasz meg, -Rehall nadr\u00e0ggal\u00a0\u00a0mindig j\u00f3l felszerelt leszel.<\/p>\n<p>JELLEMZ\u0150K<\/p>\n<p>V\u00edz\u00e1ll\u00f3s\u00e1g: 20 000 mm<\/p>\n<p>L\u00e9g\u00e1tereszt\u0151 k\u00e9pess\u00e9g: 20 000 g\/m\u00b2\/24h<\/p>\n<p>Anyag: 100% \u00fajrahasznos\u00edtott poli\u00e9szter<\/p>\n<p>Illeszked\u00e9s: Norm\u00e1l illeszked\u00e9s<\/p>\n<p>\u00c1ll\u00edthat\u00f3 der\u00e9k, kritikus varratokkal<\/p>\n<p>V\u00edz\u00e1ll\u00f3 cipz\u00e1rak<\/p>\n<p>Szell\u0151z\u0151 cipz\u00e1rak az extra k\u00e9nyelem\u00e9rt<\/p>\n<p>T\u00f6ltel\u00e9k: 40 gramm az optim\u00e1lis melegs\u00e9g\u00e9rt<\/p>\n<p>30 \u00b0C-on moshat\u00f3<\/p>\n<p>A Rehall CROOB-R h\u00f3tapad\u00f3s nadr\u00e1g t\u00f6bb mint csak egy nadr\u00e1g; h\u0171s\u00e9ges t\u00e1rsad minden t\u00e9li kalandodban. Leny\u0171g\u00f6z\u0151 20 000 mm-es v\u00edz\u00e1ll\u00f3s\u00e1ggal \u00e9s 20 000 g\/m\u00b2\/24h l\u00e9g\u00e1tereszt\u0151 k\u00e9pess\u00e9ggel b\u00e1rmilyen k\u00f6r\u00fclm\u00e9nyek k\u00f6z\u00f6tt sz\u00e1razon \u00e9s k\u00e9nyelmesen maradsz. A 100%-ban \u00fajrahasznos\u00edtott poli\u00e9szter haszn\u00e1lata nemcsak a fenntarthat\u00f3s\u00e1got hangs\u00falyozza, hanem a jobb k\u00f6rnyezet ir\u00e1nti elk\u00f6telezetts\u00e9get is.<\/p>\n<p>Az \u00e1ll\u00edthat\u00f3 der\u00e9k \u00e9s a kritikus pontokon ragasztott varratok t\u00f6k\u00e9letes illeszked\u00e9st \u00e9s tov\u00e1bbi v\u00e9delmet biztos\u00edtanak az id\u0151j\u00e1r\u00e1si viszontags\u00e1gok ellen. A v\u00edz\u00e1ll\u00f3 cipz\u00e1rak \u00e9s szell\u0151z\u0151ny\u00edl\u00e1sok rugalmass\u00e1got biztos\u00edtanak a h\u0151m\u00e9rs\u00e9klet szab\u00e1lyoz\u00e1s\u00e1hoz, \u00edgy mindig cs\u00facsform\u00e1ban maradsz, ak\u00e1r a felvon\u00f3n \u00fclsz, ak\u00e1r lefel\u00e9 sz\u00e1guldasz a hegyr\u0151l.<\/p>\n<p>A Rehall s\u00ed vagy snowboard nadr\u00e0ggal nemcsak az id\u0151j\u00e1r\u00e1si k\u00f6r\u00fclm\u00e9nyekre, hanem a nap kih\u00edv\u00e1saira is felk\u00e9sz\u00fclhetsz. A 40 grammos t\u00f6ltel\u00e9k biztos\u00edtja a sz\u00fcks\u00e9ges meleget an\u00e9lk\u00fcl, hogy korl\u00e1tozn\u00e1 a mozg\u00e1sszabads\u00e1got. A nap v\u00e9g\u00e9n pedig egyszer\u0171en bedobod a mos\u00f3g\u00e9pbe 30 \u00b0C-on, \u00e9s gyorsan \u00e9s k\u00f6nnyen tiszt\u00edthat\u00f3.<\/p>\n<p>Ak\u00e1r tapasztalt s\u00edel\u0151 vagy, ak\u00e1r csak most kezded a snowboardoz\u00e1st, a Rehall f\u00e9rfi s\u00ednadr\u00e1g vagy snowboard nadr\u00e1g\u00a0\u00a0ide\u00e1lis v\u00e1laszt\u00e1s mindenkinek, aki a legt\u00f6bbet szeretn\u00e9 kihozni a t\u00e9li sportokb\u00f3l. Ne v\u00e1rj tov\u00e1bb, \u00e9s tapasztald meg magad a k\u00fcl\u00f6nbs\u00e9get! Egy ilyen nadr\u00e1g nem csak egy ruhadarab, hanem befektet\u00e9s a\u00a0\u00a0havas kalandjaidba.\u00a0<\/p>","protected":false},"excerpt":{"rendered":"<p>Rehall snowboard nadr\u00e1gok A Rehall s\u00ed \u00e9s snowboard nadr\u00e1gjaiban , az a nagyon vonz\u00f3, hogy csak a kiemelked\u0151 20000mmes.vizhatlans\u00e0got \u00e9s az elkepeszt\u0151en magas 20000gr\/m2 [&hellip;]<\/p>\n","protected":false},"featured_media":9695,"comment_status":"closed","ping_status":"closed","template":"","meta":{"om_disable_all_campaigns":false,"_monsterinsights_skip_tracking":false,"_monsterinsights_sitenote_active":false,"_monsterinsights_sitenote_note":"","_monsterinsights_sitenote_category":0},"product_brand":[],"product_cat":[34,10],"product_tag":[],"class_list":{"0":"post-9694","1":"product","2":"type-product","3":"status-publish","4":"has-post-thumbnail","6":"product_cat-snowboard-nadragok","7":"product_cat-ruhazat-es-vedok","9":"first","10":"instock","11":"shipping-taxable","12":"purchasable","13":"product-type-simple"},"aioseo_notices":[],"_links":{"self":[{"href":"https:\/\/snowboardshop.hu\/en\/wp-json\/wp\/v2\/product\/9694","targetHints":{"allow":["GET"]}}],"collection":[{"href":"https:\/\/snowboardshop.hu\/en\/wp-json\/wp\/v2\/product"}],"about":[{"href":"https:\/\/snowboardshop.hu\/en\/wp-json\/wp\/v2\/types\/product"}],"replies":[{"embeddable":true,"href":"https:\/\/snowboardshop.hu\/en\/wp-json\/wp\/v2\/comments?post=9694"}],"version-history":[{"count":1,"href":"https:\/\/snowboardshop.hu\/en\/wp-json\/wp\/v2\/product\/9694\/revisions"}],"predecessor-version":[{"id":9696,"href":"https:\/\/snowboardshop.hu\/en\/wp-json\/wp\/v2\/product\/9694\/revisions\/9696"}],"wp:featuredmedia":[{"embeddable":true,"href":"https:\/\/snowboardshop.hu\/en\/wp-json\/wp\/v2\/media\/9695"}],"wp:attachment":[{"href":"https:\/\/snowboardshop.hu\/en\/wp-json\/wp\/v2\/media?parent=9694"}],"wp:term":[{"taxonomy":"product_brand","embeddable":true,"href":"https:\/\/snowboardshop.hu\/en\/wp-json\/wp\/v2\/product_brand?post=9694"},{"taxonomy":"product_cat","embeddable":true,"href":"https:\/\/snowboardshop.hu\/en\/wp-json\/wp\/v2\/product_cat?post=9694"},{"taxonomy":"product_tag","embeddable":true,"href":"https:\/\/snowboardshop.hu\/en\/wp-json\/wp\/v2\/product_tag?post=9694"}],"curies":[{"name":"wp","href":"https:\/\/api.w.org\/{rel}","templated":true}]}}